{"id":701,"date":"2023-05-16T10:42:53","date_gmt":"2023-05-16T08:42:53","guid":{"rendered":"https:\/\/consbarcellona.esteri.it\/?page_id=701"},"modified":"2025-01-29T12:34:34","modified_gmt":"2025-01-29T11:34:34","slug":"il-portale-dei-servizi-consolari","status":"publish","type":"page","link":"https:\/\/consbarcellona.esteri.it\/it\/servizi-consolari-e-visti\/servizi-per-il-cittadino-italiano\/anagrafe-italiani-residenti-allestero-a-i-r-e\/il-portale-dei-servizi-consolari\/","title":{"rendered":"Il portale dei Servizi Consolari"},"content":{"rendered":"<p>L\u2019iscrizione A.I.R.E. si richiede <strong><em>esclusivamente tramite il portale FAST IT<\/em><\/strong> (Farnesina Servizi Telematici per Italiani all&#8217;estero) dopo essersi registrato nel sistema.<\/p>\n<p>Non si accettano richieste di iscrizione all\u2019A.I.R.E. inviate per e-mail o canali diversi al Portale Fast It, ad esclusione della richiesta di iscrizione di un <strong>minore residente all&#8217;estero e convivente con un solo genitore<\/strong> (che potranno essere inviate via posta ordinaria al Consolato Generale). Per maggiori informazioni consultare il seguente link: <i>(<a href=\"https:\/\/consbarcellona.esteri.it\/it\/servizi-consolari-e-visti\/servizi-per-il-cittadino-italiano\/anagrafe-italiani-residenti-allestero-a-i-r-e\/richiedere-iscrizione-alla-i-r-e\/\">cliccare qui<\/a>)<\/i><\/p>\n<p>La creazione dell\u2019account nel portale <strong>non comporta l\u2019iscrizione all&#8217;A.I.R.E.<\/strong> Una volta creato l\u2019account \u00e8 necessario avviare la pratica selezionando \u201cAnagrafe Consolare e A.I.R.E.\u201d (icona della pennetta) e poi cliccare su \u201cRichiedere l&#8217;iscrizione all&#8217;Anagrafe degli Italiani all&#8217;Estero\u201d. Questa procedura permette al cittadino di richiedere l&#8217;iscrizione compilando on-line il relativo modello, che va comunque <strong>firmato a mano<\/strong> allegando il documento d&#8217;identit\u00e0 e una prova di residenza in formato elettronico, preferibilmente PDF. In caso di firma con identit\u00e0 digitale italiana (SPID) non \u00e8 necessario allegare il documento d&#8217;identit\u00e0.<\/p>\n<p><strong>IMPORTANTE: la registrazione dell&#8217;account FAST IT deve essere fatta con il cognome\/i ed il nome\/i riportato\/i sul documento d&#8217;identit\u00e0 italiano, pena il rifiuto della pratica. Non devono essere quindi omesse o aggiunte parti del cognome o del nome.<\/strong><\/p>\n<p>L\u2019iscrizione \u00e8 <strong>gratuita<\/strong> e non \u00e8 necessaria la presenza degli interessati presso gli uffici.<\/p>\n<p><strong>FAST IT: UTENZE E REGISTRAZIONE DEGLI ACCOUNT<\/strong><\/p>\n<p>Le persone che non si sono mai registrate nel portale FAST.IT (in nessun altro Paese straniero) devono procedere ad effettuare una nuova registrazione presso la piattaforma di Barcellona. Ci\u00f2 \u00e8 necessario per poter chiedere successivamente l&#8217;iscrizione all&#8217;AIRE ed altri servizi. La registrazione si deve effettuare <strong>inserendo esattamente gli stessi dati personali che risultano sul documento d&#8217;identit\u00e0 italiano.<\/strong><\/p>\n<p>La procedura \u00e8 invece diversa per gli utenti che sono gi\u00e0 in possesso di un account FAST IT associato ad un altro ufficio consolare: questi devono caricare una richiesta di &#8220;Cambio di domicilio&#8221; dal Consolato di origine, allegando per\u00f2 la documentazione specificata nella nostra pagina web, poich\u00e9 la richiesta verr\u00e0 vista dalla piattaforma di Barcellona come una &#8220;nuova iscrizione&#8221;.<\/p>\n<p>Agli utenti che incontrino problemi per fare il cambio di domicilio da un&#8217;altra sede consolare a quella di Barcellona si suggerisce eventualmente di cancellare l&#8217;account della precedente sede consolare, per procedere a creare una nuova utenza FAST.IT presso la sede \u201cConsolato Generale d\u2019Italia a Barcellona\u201d.<br \/>\nNota: cancellare un account del FAST IT \u00e8 soltanto un&#8217;operazione informatica, ovvero non implica cancellarsi dall&#8217;AIRE.<\/p>\n<p><strong>FAST IT: DOCUMENTI RICHIESTI PER L\u2019ISCRIZIONE A.I.R.E.<\/strong><\/p>\n<p>L\u2019iscrizione si considera completa quando si caricano i tre documenti richiesti nella piattaforma FAST IT e si inoltra la pratica, la quale deve avere come stato \u201cPresentata\u201d. La mancanza di uno dei tre documenti comporter\u00e0 il rigetto della richiesta A.I.R.E. e sar\u00e0 necessario presentare una nuova pratica A.I.R.E. completa. Per vedere il formato da usare per tali documenti leggere i consigli di utilizzo della piattaforma sotto riportati.<\/p>\n<p><strong>1. Modulo di richiesta<\/strong><\/p>\n<p>Il modulo di iscrizione si compila on-line e dopo viene generato automaticamente dal sistema. Per la firma del modulo esistono due possibilit\u00e0:<\/p>\n<p>a) Stampare la domanda su carta, <strong>firmarla a mano<\/strong>, e successivamente fare la scansione (preferibilmente in formato PDF)<\/p>\n<p>IN ALTERNATIVA<\/p>\n<p>b) Firmare il modulo &#8211; senza stamparlo &#8211; <strong>con la firma digitale SPID<\/strong>; lo &#8220;SPID&#8221; \u00e8 il Sistema Pubblico di Identit\u00e0 Digitale, la cui firma si pu\u00f2 ottenere tramite il seguente link: <a href=\"https:\/\/www.spid.gov.it\"><em>https:\/\/www.spid.gov.it<\/em><\/a> (per altre informazioni visitare il sito web dell\u2019Agenzia per l&#8217;Italia Digitale, Agid: <a href=\"https:\/\/www.agid.gov.it\"><em>https:\/\/www.agid.gov.it<\/em><\/a>)<\/p>\n<p>\u00c8 sufficiente <strong>un unico modulo per tutto il nucleo familiare.<\/strong> I figli minorenni e maggiorenni conviventi devono essere inclusi nella dichiarazione, mentre i figli maggiorenni che vivono presso un indirizzo diverso devono compilare una richiesta A.I.R.E. individuale.<\/p>\n<p><strong>2. Documento d&#8217;identit\u00e0<\/strong><\/p>\n<p>Si tratta della carta d\u2019identit\u00e0 o del passaporto italiano. In caso di <strong>documento scaduto<\/strong> non sar\u00e0 possibile inserirlo nel formulario on-line (il sistema informatico non lo permette) ma dovr\u00e0 essere allegato comunque alla richiesta. Se non si \u00e8 in possesso di un documento italiano o di documento italiano scaduto, \u00e8 necessario fornire prova del possesso della cittadinanza italiana mediante presentazione o della copia del certificato di nascita trascritto in Italia, o comunicando gli estremi della trascrizione dell\u2019atto nascita in Italia. \u00c8 importante caricare <strong>un documento d\u2019identit\u00e0 per ogni membro della famiglia<\/strong> che si intende iscrivere all\u2019A.I.R.E. (si ricorda che i file PDF da caricare possono contenere pi\u00f9 pagine).<\/p>\n<p><strong>3. Prova di residenza<\/strong><\/p>\n<p>Si tratta di un documento che attesta la residenza legale e stabile nel territorio spagnolo. \u00c8 importante caricare <strong>una prova di residenza per ogni membro della famiglia<\/strong> che si intende iscrivere all\u2019A.I.R.E. (si ricorda che i file PDF da caricare possono contenere pi\u00f9 pagine).<br \/>\nProve di residenza valide:<\/p>\n<ul>\n<li>NIE verde con lo stesso indirizzo riportato sul modulo di richiesta (non si accettano certificati NIE rilasciati su carta bianca)<\/li>\n<li>Empadronamiento con lo stesso indirizzo riportato sul modulo di richiesta: individuale per iscrizioni singole; familiare per l&#8217;iscrizione di un nucleo familiare<\/li>\n<li>Fatture di utenze di pubblici servizi: elettricit\u00e0, luce, gas, telefono fisso, internet, intestate all\u2019interessato (nota: le fatture di numeri cellulari non costituiscono una prova di residenza)<\/li>\n<li>Contratto di affitto di immobile o contratto di lavoro intestato all\u2019interessato, in modello ufficiale (non sono validi contratti sottoscritti tra privati)<\/li>\n<li>Certificato di iscrizione al corso studi (scuole o universit\u00e0)<\/li>\n<\/ul>\n<p>Se non si \u00e8 in possesso di almeno una delle prove di cui sopra non sar\u00e0 possibile procedere all\u2019iscrizione A.I.R.E.; ai sensi del D.L. 223\/2012 <strong>la presentazione di tale prova \u00e8 obbligatoria<\/strong>. La prova di residenza deve recare nell\u2019intestazione il nome e l\u2019indirizzo degli interessati. Documenti bancari o ricevute di pagamento di servizi non sono considerati una prova di residenza valida. Le &#8220;autocertificazioni&#8221; non possono essere utilizzate come prova di residenza per richiedere l&#8217;iscrizione all&#8217;A.I.R.E. (D.L. 223\/2012).<\/p>\n<p><strong>FAST IT: ACCESSO ALLA PIATTAFORMA<\/strong><\/p>\n<p>Link alla piattaforma FAST.IT: <a href=\"https:\/\/serviziconsolarionline.esteri.it\"><em>https:\/\/serviziconsolarionline.esteri.it<\/em><\/a><\/p>\n<p>PER LA REGISTRAZIONE SIA DELL&#8217;ACCOUNT FAST IT, SIA DEI DATI ANAGRAFICI DELLA RICHIESTA AIRE, NON DEVONO ESSERE UTILIZZATI CARATTERI DIVERSI DA QUELLI DELL&#8217;ALFABETO INTERNAZIONALE, OVVERO: caratteri con l&#8217;accento o con la dieresi (per esempio: \u00e1, \u00e0, \u00e4), la lettera &#8220;\u00d1&#8221; (che va sostituita con una normale &#8220;N&#8221;), la lettera &#8220;\u00c7&#8221; (che va sostituita con una normale &#8220;C&#8221;), ecc. L&#8217;uso indebito di tali caratteri rende non lavorabili le pratiche ed impedisce di effettuare correttamente le ricerche nella banca dati anagrafica. Ne conseguono ritardi ed errori nella lavorazione delle richieste.<\/p>\n<p><strong>FAST IT: CONSIGLI PER UN CORRETTO USO DELLA PIATTAFORMA<\/strong><\/p>\n<p>Prima di avviare la procedura online, si consiglia di assicurarsi di disporre di stampante e scanner.<\/p>\n<ul>\n<li>Quando si \u00e8 in possesso dei tre documenti richiesti (formulario firmato, documenti identificativi e prova di residenza) bisogna tornare sulla pagina di richiesta del servizio per concludere; se non si caricano i tre file di massimo 1 MB ciascuno (1024 KB) non compare il bottone \u201cInviare la richiesta\u201d.<\/li>\n<li>Se si usa un traduttore automatico, \u00e8 possibile che il portale non funzioni correttamente.<\/li>\n<li>Gli utenti che hanno creato l&#8217;account FAST IT tramite SPID (Sistema Pubblico per l&#8217;Identit\u00e0 Digitale) possono accedere solo utilizzando l&#8217;identit\u00e0 digitale, ovvero, non possono utilizzare le utenze e password tradizionali.<\/li>\n<li><strong>INDIRIZZO IN SPAGNA<\/strong>: deve essere inserito il pi\u00f9 completo possibile (*) per garantire la corretta ricezione della posta, per esempio il plico elettorale oppure le notifiche amministrative. Il sistema postale spagnolo d\u00e0 molta rilevanza alle indicazioni del numero civico, portone, scala, piano, interno, ecc., quindi il recapito inserito nel FAST IT deve corrispondere al vero indirizzo e quindi dovr\u00e0 permettere la consegna della corrispondenza cartacea da parte di Correos:<\/li>\n<li>localit\u00e0: deve essere indicata la localit\u00e0 esatta di residenza in Spagna (non il capoluogo di provincia)<\/li>\n<li>codice postale: deve corrispondere esattamente alla localit\u00e0 indicata (in caso di dubbio verificare su Internet)<\/li>\n<li>tipo di via: calle, plaza, avenida, paseo, urbanizaci\u00f3n, ecc. (possono essere anche abbreviate: C\/; Pza.; Avda.; Po.; Urb.; ecc.)<\/li>\n<li>nome della via (toponimo): riportare l&#8217;indirizzo senza usare caratteri accentati n\u00e8 la lettera &#8220;\u00f1&#8221;, dato che non esiste nell&#8217;alfabeto italiano (sostituirla con una normale &#8220;n&#8221;)<br \/>\nnumero civico ed altro: indicare numero civico, portone, scala, piano, interno, porta, edificio, urbanizaci\u00f3n, ecc.<\/li>\n<li><strong>ALLEGATI DIGITALI<\/strong>: il FAST IT ammette allegati di una dimensione massima di 1 MB ciascuno (1024 KB). Per generare tali documenti \u00e8 preferibile utilizzare uno scanner in modalit\u00e0 &#8220;bianco e nero&#8221;, che permette di ottenere file del tipo PDF di ridotte dimensioni. Le foto scattate con i moderni cellulari creano file troppo grandi e difficili da gestire. La pagina <a href=\"https:\/\/serviziconsolarionline.esteri.it\/ScoFE\/static\/uso-scanner.sco\"><em>https:\/\/serviziconsolarionline.esteri.it\/ScoFE\/static\/uso-scanner.sco<\/em><\/a> contiene una serie di suggerimenti utili per impostare correttamente lo scanner. Se non si dispone di uno scanner, esistono applicazioni che consentono di ottenere file PDF ottimizzati con lo smartphone, come Office Lens di Microsoft (per IOS\/Iphone: <a href=\"https:\/\/apps.apple.com\/app\/id975925059\"><em>https:\/\/apps.apple.com\/app\/id975925059<\/em><\/a>&#8211; per Android: <a href=\"https:\/\/play.google.com\/store\/apps\/details?id=com.microsoft.office.officelens\"><em>https:\/\/play.google.com\/store\/apps\/details?id=com.microsoft.office.officelens<\/em><\/a>).<\/li>\n<li><strong>RIGETTI<\/strong>: qualora la domanda risulti incompleta verr\u00e0 rigettata e l\u2019interessato ricever\u00e0 un avviso automatico dalla piattaforma. I motivi del rigetto saranno indicati nel messaggio visualizzabile solo dal portale. Si suggerisce di verificare sempre la cartella di &#8220;spam&#8221; per non perdere nessuna comunicazione di questo tipo. I messaggi del portale FAST IT sono unidirezionali: non si dar\u00e0 risposta ad eventuali conversazioni avviate tramite il portale.<\/li>\n<li>L&#8217;utente che gi\u00e0 possiede una utenza <strong>FAST IT presso un altro ufficio consolare<\/strong>, qualora incontri difficolt\u00e0 per fare il trasferimento, dovr\u00e0 <strong>cancellare la vecchia<\/strong> utenza della sede precedente e creare un nuovo account FAST IT presso la sede \u201cConsolato Generale d\u2019Italia Barcellona\u201d.<br \/>\n&#8211; &#8211; &#8211;<br \/>\n(*) viene dalla sezione &#8220;Indirizzo in Spagna&#8221;<br \/>\nAlcuni esempi di indirizzi corretti ed abbreviazioni utilizzate in Spagna:<br \/>\nCalle de xxx numero 18 piso 1 puerta B = C\/DE XXX, 18\/P.1-B<br \/>\nPlaza de xxx numero 23 bloque 5 piso 3 letra C = PZA. DE XXX, 23\/BLQ.5\/P.3-C<br \/>\nAvenida de xxx n\u00famero 57 escalera C piso 4 puerta 15 = AVDA. DE XXX, 57\/ESC.C\/P.4-P.15<\/li>\n<\/ul>\n","protected":false},"excerpt":{"rendered":"L\u2019iscrizione A.I.R.E. si richiede esclusivamente tramite il portale FAST IT (Farnesina Servizi Telematici per Italiani all&#8217;estero) dopo essersi registrato nel sistema. Non si accettano richieste di iscrizione all\u2019A.I.R.E. inviate per e-mail o canali diversi al Portale Fast It, ad esclusione della richiesta di iscrizione di un minore residente all&#8217;estero e convivente con un solo genitore [&hellip;]","protected":false},"author":6,"featured_media":0,"parent":307,"menu_order":4,"comment_status":"closed","ping_status":"closed","template":"","meta":{"footnotes":""},"class_list":["post-701","page","type-page","status-publish","hentry"],"_links":{"self":[{"href":"https:\/\/consbarcellona.esteri.it\/it\/wp-json\/wp\/v2\/pages\/701","targetHints":{"allow":["GET"]}}],"collection":[{"href":"https:\/\/consbarcellona.esteri.it\/it\/wp-json\/wp\/v2\/pages"}],"about":[{"href":"https:\/\/consbarcellona.esteri.it\/it\/wp-json\/wp\/v2\/types\/page"}],"author":[{"embeddable":true,"href":"https:\/\/consbarcellona.esteri.it\/it\/wp-json\/wp\/v2\/users\/6"}],"replies":[{"embeddable":true,"href":"https:\/\/consbarcellona.esteri.it\/it\/wp-json\/wp\/v2\/comments?post=701"}],"version-history":[{"count":5,"href":"https:\/\/consbarcellona.esteri.it\/it\/wp-json\/wp\/v2\/pages\/701\/revisions"}],"predecessor-version":[{"id":2206,"href":"https:\/\/consbarcellona.esteri.it\/it\/wp-json\/wp\/v2\/pages\/701\/revisions\/2206"}],"up":[{"embeddable":true,"href":"https:\/\/consbarcellona.esteri.it\/it\/wp-json\/wp\/v2\/pages\/307"}],"wp:attachment":[{"href":"https:\/\/consbarcellona.esteri.it\/it\/wp-json\/wp\/v2\/media?parent=701"}],"curies":[{"name":"wp","href":"https:\/\/api.w.org\/{rel}","templated":true}]}}