{"id":679,"date":"2023-05-15T15:56:40","date_gmt":"2023-05-15T13:56:40","guid":{"rendered":"https:\/\/consbarcellona.esteri.it\/?page_id=679"},"modified":"2025-01-27T12:02:48","modified_gmt":"2025-01-27T11:02:48","slug":"guida-autoveicoli","status":"publish","type":"page","link":"https:\/\/consbarcellona.esteri.it\/it\/servizi-consolari-e-visti\/servizi-per-il-cittadino-italiano\/guida-autoveicoli\/","title":{"rendered":"Guida autoveicoli"},"content":{"rendered":"<p><strong>Patenti<\/strong><\/p>\n<p>Il connazionale titolare di una patente di guida rilasciata in Italia che stabilisca la propria residenza in uno stato membro dell&#8217;Unione Europea e la cui patente scada di validit\u00e0, deve sostituirla. Per informazioni pi\u00f9 dettagliate il titolare dovr\u00e0 rivolgersi <span style=\"text-decoration: underline;\">esclusivamente<\/span> all&#8217;Autorit\u00e0 dello Stato stesso di residenza, il quale applicher\u00e0 le sue regole nazionali concernenti il periodo di validit\u00e0 in conformit\u00e0 alla normativa europea vigente.<\/p>\n<p>Per maggiori informazioni riguardo la <a href=\"http:\/\/europa.eu\/youreurope\/citizens\/vehicles\/driving-licence\/driving-licence-loss-theft-replacement\/index_it.htm\"><em>procedura da seguire<\/em><\/a><\/p>\n<p><strong>Esportazione di veicoli<\/strong><br \/>\nLe informazioni aggiornate relative all&#8217;esportazione di veicoli sono reperibili sul <a href=\"http:\/\/www.aci.it\/index.php?id=529\"><em>sito web dell&#8217;ACI<\/em><\/a><\/p>\n","protected":false},"excerpt":{"rendered":"Patenti Il connazionale titolare di una patente di guida rilasciata in Italia che stabilisca la propria residenza in uno stato membro dell&#8217;Unione Europea e la cui patente scada di validit\u00e0, deve sostituirla. Per informazioni pi\u00f9 dettagliate il titolare dovr\u00e0 rivolgersi esclusivamente all&#8217;Autorit\u00e0 dello Stato stesso di residenza, il quale applicher\u00e0 le sue regole nazionali concernenti [&hellip;]","protected":false},"author":6,"featured_media":0,"parent":59,"menu_order":10,"comment_status":"closed","ping_status":"closed","template":"","meta":{"footnotes":""},"class_list":["post-679","page","type-page","status-publish","hentry"],"_links":{"self":[{"href":"https:\/\/consbarcellona.esteri.it\/it\/wp-json\/wp\/v2\/pages\/679","targetHints":{"allow":["GET"]}}],"collection":[{"href":"https:\/\/consbarcellona.esteri.it\/it\/wp-json\/wp\/v2\/pages"}],"about":[{"href":"https:\/\/consbarcellona.esteri.it\/it\/wp-json\/wp\/v2\/types\/page"}],"author":[{"embeddable":true,"href":"https:\/\/consbarcellona.esteri.it\/it\/wp-json\/wp\/v2\/users\/6"}],"replies":[{"embeddable":true,"href":"https:\/\/consbarcellona.esteri.it\/it\/wp-json\/wp\/v2\/comments?post=679"}],"version-history":[{"count":2,"href":"https:\/\/consbarcellona.esteri.it\/it\/wp-json\/wp\/v2\/pages\/679\/revisions"}],"predecessor-version":[{"id":4692,"href":"https:\/\/consbarcellona.esteri.it\/it\/wp-json\/wp\/v2\/pages\/679\/revisions\/4692"}],"up":[{"embeddable":true,"href":"https:\/\/consbarcellona.esteri.it\/it\/wp-json\/wp\/v2\/pages\/59"}],"wp:attachment":[{"href":"https:\/\/consbarcellona.esteri.it\/it\/wp-json\/wp\/v2\/media?parent=679"}],"curies":[{"name":"wp","href":"https:\/\/api.w.org\/{rel}","templated":true}]}}