{"id":674,"date":"2023-05-15T15:31:43","date_gmt":"2023-05-15T13:31:43","guid":{"rendered":"https:\/\/consbarcellona.esteri.it\/?page_id=674"},"modified":"2026-03-11T14:48:10","modified_gmt":"2026-03-11T13:48:10","slug":"codice-fiscale","status":"publish","type":"page","link":"https:\/\/consbarcellona.esteri.it\/it\/servizi-consolari-e-visti\/servizi-per-il-cittadino-italiano\/codice-fiscale\/","title":{"rendered":"Codice fiscale"},"content":{"rendered":"<p style=\"text-align: right;\"><em>[agg. 04\/03\/2026]<\/em><\/p>\n<ol>\n<li><strong>Cos\u2019\u00e8 <\/strong><\/li>\n<\/ol>\n<p>Il Codice fiscale \u00e8 il codice alfanumerico rilasciato dall\u2019Agenzia delle Entrate per identificare il cittadino (italiano o straniero) nei rapporti con le amministrazioni pubbliche, i privati e gli enti, italiani. Per le persone fisiche il Codice fiscale viene determinato sulla base dei dati anagrafici.<\/p>\n<ol start=\"2\">\n<li><strong>A cosa serve<\/strong><\/li>\n<\/ol>\n<p>Qualsiasi adempimento amministrativo (versamento di tasse, imposte, canoni, ecc.) o attivit\u00e0 negoziale (accettazione di eredit\u00e0, contratti con soggetti pubblici o privati, richiesta di finanziamenti, sponsorizzazioni, locazioni o comodati di bene immobile ecc.) esige l\u2019indicazione del Codice fiscale del soggetto che la effettua.<\/p>\n<p>&nbsp;<\/p>\n<p><strong>CITTADINI ITALIANI RESIDENTI NELLA<\/strong> <u>NOSTRA CIRCOSCRIZIONE CONSOLARE<\/u><strong> ED ISCRITTI ALL\u2019AIRE<\/strong><\/p>\n<p>I cittadini italiani maggiorenni iscritti all\u2019AIRE possono\u00a0<strong>chiedere<\/strong>\u00a0<strong>il Codice fiscale<\/strong>, per s\u00e9 stessi e per i figli minorenni, attraverso il portale telematico Fast It accedendo al relativo servizio e seguendo le indicazioni. Sempre attraverso il\u00a0<strong>portale Fast It<\/strong>\u00a0sar\u00e0 possibile scaricare il certificato di attestazione del Codice fiscale, una volta che sar\u00e0 stata completata la lavorazione della pratica.<\/p>\n<p><strong><em>Come?<\/em><\/strong><\/p>\n<ol>\n<li>Accedi al <a href=\"https:\/\/serviziconsolari.esteri.it\/#_blank\">Portal Fast It<\/a>;<\/li>\n<li>Clicca su \u201cAnagrafe Consolare e AIRE\u201d e poi su\u00a0\u201cAttribuzione Codice fiscale\u201d;<\/li>\n<li>Conferma i dati e avvia la richiesta;<\/li>\n<li>Dopo che la richiesta sar\u00e0 stata lavorata dal Consolato, potrai scaricare in autonomia (download) il certificato di attribuzione del Codice fiscale.<\/li>\n<\/ol>\n<p><strong><em>Se non riesci a scaricare\u00a0il certificato di attribuzione del Codice fiscale:<\/em><\/strong><\/p>\n<ol>\n<li>Registrati sul\u00a0<a href=\"https:\/\/serviziconsolari.esteri.it\/#_blank\">portale FAST IT<\/a>, oppure accedi se hai gi\u00e0 un account attivo;<\/li>\n<li>Richiedi la \u201cAssociazione Online\u201d cliccando su \u201cAnagrafe Consolare e AIRE\u201d e poi su \u201cVisualizzare la propria scheda anagrafica\u201d;<\/li>\n<li>Riceverai sulla tua casella di posta il messaggio di avvenuta associazione.<\/li>\n<li>Accedi nuovamente al portale e scarica il certificato.<\/li>\n<\/ol>\n<p>I cittadini maggiorenni iscritti all\u2019AIRE che hanno gi\u00e0 il Codice fiscale possono\u00a0<strong>scaricare direttamente il certificato di attestazione del Codice fiscale\u00a0<\/strong>attraverso il portale telematico Fast It accedendo al relativo servizio e seguendo le indicazioni fornite per chiedere il Codice fiscale; in questo caso non sar\u00e0 necessario l\u2019intervento del Consolato per il rilascio del certificato.<\/p>\n<p>&nbsp;<\/p>\n<p><strong>CITTADINI STRANIERI U.E. NON RESIDENTI IN ITALIA<\/strong><\/p>\n<p>I cittadini stranieri possono richiedere il codice fiscale attraverso le seguenti modalit\u00e0:<\/p>\n<p><span style=\"text-decoration: underline;\"><strong>1- Richiesta in Italia<\/strong><\/span><\/p>\n<ul>\n<li>Tramite <strong>procura speciale<\/strong> con la quale delegare un soggetto a presentare il modello di richiesta del Codice fiscale direttamente agli <strong>uffici dell\u2019Agenzia delle Entrate<\/strong> dislocati sul territorio italiano, ai sensi dell\u2019art. 1 del D.M. attuativo del 17 maggio 2001, n. 281.<\/li>\n<li><strong>Direttamente agli uffici dell\u2019Agenzia delle Entrate <\/strong>dislocati sul territorio\u00a0italiano, una volta entrati nel Paese.<\/li>\n<\/ul>\n<p>Gli indirizzi degli uffici dell\u2019Agenzia delle Entrate sono reperibili sul sito Internet\u00a0<a href=\"http:\/\/www.agenziaentrate.it\/\">www.agenziaentrate.it<\/a><\/p>\n<p>Per la legalizzazione di documenti stranieri: <a href=\"https:\/\/www.esteri.it\/it\/servizi-consolari-e-visti\/italiani-all-estero\/traduzione-e-legalizzazione-documenti\/legalizzazione-documenti\/\">Legalizzazione documenti \u2013 Ministero degli Affari Esteri e della Cooperazione Internazionale<\/a><\/p>\n<p>Per approfondimenti si consiglia di consultare la <a href=\"https:\/\/www.agenziaentrate.gov.it\/portale\/documents\/20143\/233505\/Folder_CodiceFiscaleStranieri_08+03+23.pdf\/218dc638-ced1-3b2d-f5f2-912686b1f7fe?t=1682082253716\">Mini Guida al codice fiscale per stranieri<\/a> dell\u2019Agenzia delle Entrate, disponibile in varie lingue al sito: <a href=\"https:\/\/www.agenziaentrate.gov.it\/portale\/mini-guida-codice-fiscale-per-stranieri\">L\u2019Agenzia \u2013 Mini guida codice fiscale per stranieri \u2013 Agenzia delle Entrate<\/a><\/p>\n<p>***<\/p>\n<p><span style=\"text-decoration: underline;\"><strong>2- Richiesta presso il Consolato Generale<\/strong><\/span><\/p>\n<p><u>Il codice fiscale pu\u00f2 essere richiesto dallo straniero all&#8217;ufficio consolare italiano competente in materia di residenza <strong>solo nei casi in cui il codice fiscale sia necessario per espletare le procedure telematiche<\/strong> <\/u>e\/o lo straniero non possa delegare un soggetto incaricato a effettuare la richiesta all&#8217;Agenzia delle Entrate: in tali casi, l&#8217;ufficio consolare inoltrer\u00e0 la richiesta all&#8217;Agenzia delle Entrate in Italia.<\/p>\n<p>Questo servizio \u00e8 quindi attivo <span style=\"text-decoration: underline;\"><strong>solo nei casi<\/strong><\/span> in cui il codice fiscale sia necessario per espletare le <span style=\"text-decoration: underline;\"><strong>procedure telematiche senza recarsi in Italia<\/strong><\/span>.<\/p>\n<p>&nbsp;<\/p>\n<p><strong>Documentazione da presentare:<\/strong><\/p>\n<ol>\n<li><a href=\"https:\/\/consbarcellona.esteri.it\/wp-content\/uploads\/2023\/05\/modulo_codice_fiscale.pdf\"><em>Modello (AA4\/8 dell\u2019Agenzia delle Entrate)<\/em><\/a> stampato, compilato in ogni campo e firmato<\/li>\n<li>Copia del documento d\u2019identit\u00e0 in corso di validit\u00e0 che mostri foto e dati anagrafici<\/li>\n<li>Il motivo per la richiesta <strong>documentato<\/strong>, (allegare il documento di chi chiede il C.F.)<\/li>\n<li>Copia della &#8220;tarjeta de residencia&#8221; spagnola (solo per i cittadini stranieri U.E. e extra U.E.)<\/li>\n<li>In caso di LAVORATORI, precontratto di lavoro, cancellando gli importi<\/li>\n<li>Tutta la documentazione deve essere in formato PDF<\/li>\n<li>Tutte le richieste vanno inviate individualmente<\/li>\n<\/ol>\n<p>La richiesta va inviata al Consolato <strong>via mail\u00a0<\/strong><a href=\"mailto:barcellona.cf@esteri.it\"><strong>barcellona.cf@esteri.it<\/strong><\/a><\/p>\n<p>Nota Bene: il tempo medio di trattazione del <em>Numero di Codice Fiscale<\/em> tramite il Consolato Generale \u00e8 di 30 giorni.<\/p>\n<p>&nbsp;<\/p>\n<p><strong>MOTIVI DI STUDIO (ERASMUS)<\/strong><\/p>\n<p>Il cittadino straniero che arriva in Italia per motivi di studio e deve soggiornare meno di 90 giorni potr\u00e0 richiedere il codice fiscale ad un qualsiasi ufficio dell\u2019Agenzia delle Entrate.<\/p>\n<p>Il cittadino straniero che arriva in Italia per motivi di studio e deve soggiornare pi\u00f9 di 90 giorni deve richiedere preventivamente il permesso di soggiorno alla Questura e, in tale fase, ricever\u00e0 il codice fiscale.<\/p>\n<p><strong>Para estudiantes no pertenecientes a la UE<\/strong>, en la Ventanilla \u00danica de Inmigraci\u00f3n o en la Jefatura de Polic\u00eda al solicitar el permiso de residencia. (en Italia).<\/p>\n<p><strong>Per gli studenti non appartenenti all&#8217;UE<\/strong>, presso lo Sportello Unico per l&#8217;Immigrazione o la Questura al momento della richiesta del permesso di soggiorno. (in Italia).<\/p>\n<p>&nbsp;<\/p>\n<p><strong>ACQUISTO DI BENI IMMOBILI O ALTRE ATTIVIT\u00c0 COMMERCIALI\/FINANZIARIE<\/strong><\/p>\n<p><strong>I cittadini stranieri che necessitano del codice fiscale per l&#8217;acquisto di beni immobili o altre attivit\u00e0 commerciali\/finanziarie in Italia<\/strong> <u>delegheranno, mediante atto specifico, il proprio rappresentante affinch\u00e9 richieda il codice fiscale all&#8217;Agenzia Fiscale per loro conto.<\/u><\/p>\n<p>&nbsp;<\/p>\n<p><strong>I cittadini di paesi <\/strong><strong><u>non appartenenti all&#8217;UE<\/u><\/strong><strong> che intendono risiedere in Italia<\/strong><\/p>\n<p>Ai\u00a0<strong>cittadini di Paesi extra UE che intendono soggiornare in Italia <\/strong>il Codice fiscale \u00e8 attribuito:<\/p>\n<ul>\n<li>tramite lo Sportello Unico per l&#8217;Immigrazione, presente in tutte le Prefetture e incaricato di rilasciare il nulla osta all&#8217;ingresso ai cittadini stranieri che richiedono un permesso di soggiorno per motivi di lavoro o ricongiungimento familiare;<\/li>\n<li>tramite la Questura, un ufficio della Polizia di Stato, per i cittadini stranieri che richiedono altri tipi di permessi di soggiorno.<\/li>\n<li><strong>Un cittadino straniero che necessiti del codice fiscale per l&#8217;avvio di un procedimento giudiziario in Italia<\/strong> pu\u00f2 includere tra i poteri conferiti al legale incaricato il compito di richiedere il CF presso qualsiasi ufficio dell&#8217;Agenzia Fiscale; gli indirizzi degli uffici dell&#8217;Agenzia Fiscale si possono consultare nella pagina web <a href=\"http:\/\/www.agenziaentrate.it\">agenziaentrate.it<\/a>.<\/li>\n<\/ul>\n<p>&nbsp;<\/p>\n<p>Per i codici fiscali delle <strong>imprese e i numeri di partita IVA<\/strong>, le imprese interessate devono contattare direttamente l&#8217;Agenzia delle Entrate- [<a href=\"https:\/\/www.agenziaentrate.gov.it\/portale\/contatta\">clic qui<\/a>] (nota: link esterno)<\/p>\n<p>***<\/p>\n<p>Per qualsiasi altra informazione su questioni fiscali, ti suggeriamo di visitare il sito web ufficiale dell&#8217;Agenzia delle Entrate: <a href=\"http:\/\/www.agenziaentrate.gov.it\">http:\/\/www.agenziaentrate.gov.it<\/a><\/p>\n<p>***<\/p>\n<p>Per verificare la validit\u00e0 del codice fiscale: <a href=\"https:\/\/telematici.agenziaentrate.gov.it\/VerificaCF\/Scegli.do?parameter=verificaCf\">https:\/\/telematici.agenziaentrate.gov.it\/VerificaCF\/Scegli.do?parameter=verificaCf<\/a><\/p>\n<p>***<\/p>\n<p>&nbsp;<\/p>\n<p><strong>DICHIARAZIONE DEI REDDITI ALL&#8217;ESTERO &#8211; RICHIESTA DEL CODICE PIN DI ACCESSO<\/strong><\/p>\n<p>L&#8217;Agenzia delle Entrate italiana offre ai cittadini italiani residenti all&#8217;estero la possibilit\u00e0 di ottenere un PINCODE che consente loro di presentare via Internet la dichiarazione dei redditi Unico persone fisiche ed effettuare i relativi pagamenti<\/p>\n<p>. Le procedure si riferiscono quindi esclusivamente ai cittadini residenti all&#8217;estero, che possono rivolgersi alle Ambasciate e ai Consolati all&#8217;estero per richiedere il proprio PINCODE.<\/p>\n<p>I requisiti per attivare il PINCODE tramite il consolato sono i seguenti<\/p>\n<ul>\n<li>iscrizione al registro consolare -&gt; [<a href=\"https:\/\/consbarcellona.esteri.it\/wp-content\/uploads\/2023\/05\/modulo_codice_fiscale.pdf\">click qui<\/a>].<\/li>\n<li>iscrizione al registro AIRE del comune<\/li>\n<\/ul>\n<p>Il servizio all&#8217;estero non \u00e8 operativo per i cittadini stranieri (cio\u00e8 non italiani), che devono richiederlo direttamente e di persona presso gli uffici dell&#8217;Agenzia delle Entrate in Italia.<\/p>\n<p>Come richiedere un PINCODE<\/p>\n<p>Per ottenere il PINCODE \u00e8 necessario seguire i seguenti passaggi<\/p>\n<ol>\n<li>Collegarsi al sito web <a href=\"http:\/\/telematici.agenziaentrate.gov.it\/\">http:\/\/telematici.agenziaentrate.gov.it<\/a> e avviare la procedura dalla<\/li>\n<li>sezione \u201cAbilitazione\u201d, utilizzando l&#8217;apposita funzione &#8220;Presentazione della domanda &#8211; cittadini italiani residenti all&#8217;estero&#8221;.<\/li>\n<li>Scansionare il modulo di richiesta accettato dall&#8217;Agenzia delle Entrate e inviarlo al consolato via e-mail all&#8217;indirizzo <a href=\"mailto:barcellona.cf@esteri.it\">cf@esteri.it<\/a> indicando i propri dati personali completi (cognome, nome, data e luogo di nascita, indirizzo di residenza in Spagna, numeri di telefono di contatto, indirizzo e-mail) e allegando una copia del proprio documento d&#8217;identit\u00e0<\/li>\n<li>attendere la comunicazione via e-mail elettronica del consolato, che conterr\u00e0 la prima parte del PINCODE e la password di accesso<\/li>\n<li>riconnettersi a http:\/\/telematici.agenziaentrate.gov.it per ricevere la seconda parte del PINCODE<\/li>\n<\/ol>\n<p>Non sono ammesse procedure diverse da quelle indicate.<\/p>\n<p><strong>In nessun caso il consolato potr\u00e0 avviare la prima fase della richiesta (punto 1).<\/strong><\/p>\n","protected":false},"excerpt":{"rendered":"[agg. 04\/03\/2026] Cos\u2019\u00e8 Il Codice fiscale \u00e8 il codice alfanumerico rilasciato dall\u2019Agenzia delle Entrate per identificare il cittadino (italiano o straniero) nei rapporti con le amministrazioni pubbliche, i privati e gli enti, italiani. Per le persone fisiche il Codice fiscale viene determinato sulla base dei dati anagrafici. A cosa serve Qualsiasi adempimento amministrativo (versamento di [&hellip;]","protected":false},"author":6,"featured_media":0,"parent":59,"menu_order":8,"comment_status":"closed","ping_status":"closed","template":"","meta":{"footnotes":""},"class_list":["post-674","page","type-page","status-publish","hentry"],"_links":{"self":[{"href":"https:\/\/consbarcellona.esteri.it\/it\/wp-json\/wp\/v2\/pages\/674","targetHints":{"allow":["GET"]}}],"collection":[{"href":"https:\/\/consbarcellona.esteri.it\/it\/wp-json\/wp\/v2\/pages"}],"about":[{"href":"https:\/\/consbarcellona.esteri.it\/it\/wp-json\/wp\/v2\/types\/page"}],"author":[{"embeddable":true,"href":"https:\/\/consbarcellona.esteri.it\/it\/wp-json\/wp\/v2\/users\/6"}],"replies":[{"embeddable":true,"href":"https:\/\/consbarcellona.esteri.it\/it\/wp-json\/wp\/v2\/comments?post=674"}],"version-history":[{"count":6,"href":"https:\/\/consbarcellona.esteri.it\/it\/wp-json\/wp\/v2\/pages\/674\/revisions"}],"predecessor-version":[{"id":10135,"href":"https:\/\/consbarcellona.esteri.it\/it\/wp-json\/wp\/v2\/pages\/674\/revisions\/10135"}],"up":[{"embeddable":true,"href":"https:\/\/consbarcellona.esteri.it\/it\/wp-json\/wp\/v2\/pages\/59"}],"wp:attachment":[{"href":"https:\/\/consbarcellona.esteri.it\/it\/wp-json\/wp\/v2\/media?parent=674"}],"curies":[{"name":"wp","href":"https:\/\/api.w.org\/{rel}","templated":true}]}}