{"id":6645,"date":"2025-01-27T13:14:40","date_gmt":"2025-01-27T12:14:40","guid":{"rendered":"https:\/\/consbarcellona.esteri.it\/?page_id=6645"},"modified":"2025-12-30T09:30:59","modified_gmt":"2025-12-30T08:30:59","slug":"validita-tariffe-e-richieste-di-rimborso","status":"publish","type":"page","link":"https:\/\/consbarcellona.esteri.it\/it\/servizi-consolari-e-visti\/servizi-per-il-cittadino-italiano\/documenti-di-viaggio-passaporti-cie-etd-ecc\/informazione-generale-passaporti\/validita-tariffe-e-richieste-di-rimborso\/","title":{"rendered":"Validit\u00e0, tariffe e richieste di rimborso"},"content":{"rendered":"<p><strong>VALIDIT\u00c0<\/strong><\/p>\n<p>I passaporti hanno di norma validit\u00e0 di 10 anni (tre anni di validit\u00e0 per i minori da 0 a 3 anni, cinque anni di validit\u00e0 per i minori da 3 a 18 anni).<\/p>\n<p><strong>COSTO DEL PASSAPORTO<\/strong><\/p>\n<p>La tariffa unica del passaporto \u00e8 di 116,20 \u20ac.<\/p>\n<p>L\u2019importo della tariffa consolare deve essere versato sul conto corrente del Banco Santander (importante: un versamento per ogni singola domanda)<\/p>\n<p>BANCO SANTANDER<\/p>\n<p>IBAN: ES05-0049-4707-5026-1607-8401<\/p>\n<p>BIC\/SWIFT: BSCHESMMXXX (indicare nella causale cognome e nome del richiedente, ad esempio: Rossi Mario \u2013 Passaporto)<\/p>\n<p><strong>RICHIESTE DI RIMBORSO<\/strong><\/p>\n<p>In caso di pagamento effettuato per errore o per richiedere comunque il rimborso della tariffa versata, l\u2019interessato dovr\u00e0 compilare ed inviare al Consolato Generale, all\u2019indirizzo email <a href=\"mailto:barcellona.contab@esteri.it\"><strong>barcellona.contab@esteri.it<\/strong><\/a>, il modulo di richiesta rimborso e gli allegati previsti descritti nel modulo stesso (<span style=\"text-decoration: underline;\">fotocopia del documento di identit\u00e0 e ricevuta bancaria del pagamento<\/span>).<\/p>\n<ul>\n<li>&gt;\u00a0<a href=\"https:\/\/consbarcellona.esteri.it\/wp-content\/uploads\/2023\/05\/rimborso_tariffe_bcn.doc\"><em>Richiesta rimborso tasse consolari<\/em><\/a><\/li>\n<\/ul>\n<p>Il rimborso della tassa consolare verr\u00e0 inviato non appena concluse le opportune verifiche contabili.<\/p>\n","protected":false},"excerpt":{"rendered":"VALIDIT\u00c0 I passaporti hanno di norma validit\u00e0 di 10 anni (tre anni di validit\u00e0 per i minori da 0 a 3 anni, cinque anni di validit\u00e0 per i minori da 3 a 18 anni). COSTO DEL PASSAPORTO La tariffa unica del passaporto \u00e8 di 116,20 \u20ac. L\u2019importo della tariffa consolare deve essere versato sul conto [&hellip;]","protected":false},"author":8,"featured_media":0,"parent":322,"menu_order":7,"comment_status":"closed","ping_status":"closed","template":"","meta":{"footnotes":""},"class_list":["post-6645","page","type-page","status-publish","hentry"],"_links":{"self":[{"href":"https:\/\/consbarcellona.esteri.it\/it\/wp-json\/wp\/v2\/pages\/6645","targetHints":{"allow":["GET"]}}],"collection":[{"href":"https:\/\/consbarcellona.esteri.it\/it\/wp-json\/wp\/v2\/pages"}],"about":[{"href":"https:\/\/consbarcellona.esteri.it\/it\/wp-json\/wp\/v2\/types\/page"}],"author":[{"embeddable":true,"href":"https:\/\/consbarcellona.esteri.it\/it\/wp-json\/wp\/v2\/users\/8"}],"replies":[{"embeddable":true,"href":"https:\/\/consbarcellona.esteri.it\/it\/wp-json\/wp\/v2\/comments?post=6645"}],"version-history":[{"count":3,"href":"https:\/\/consbarcellona.esteri.it\/it\/wp-json\/wp\/v2\/pages\/6645\/revisions"}],"predecessor-version":[{"id":9481,"href":"https:\/\/consbarcellona.esteri.it\/it\/wp-json\/wp\/v2\/pages\/6645\/revisions\/9481"}],"up":[{"embeddable":true,"href":"https:\/\/consbarcellona.esteri.it\/it\/wp-json\/wp\/v2\/pages\/322"}],"wp:attachment":[{"href":"https:\/\/consbarcellona.esteri.it\/it\/wp-json\/wp\/v2\/media?parent=6645"}],"curies":[{"name":"wp","href":"https:\/\/api.w.org\/{rel}","templated":true}]}}