{"id":6449,"date":"2025-01-16T22:38:23","date_gmt":"2025-01-16T21:38:23","guid":{"rendered":"https:\/\/consbarcellona.esteri.it\/?page_id=6449"},"modified":"2025-01-16T22:38:23","modified_gmt":"2025-01-16T21:38:23","slug":"riconoscimento-di-paternita-o-maternita","status":"publish","type":"page","link":"https:\/\/consbarcellona.esteri.it\/it\/servizi-consolari-e-visti\/servizi-per-il-cittadino-straniero\/cittadinanza-2\/riconoscimento-di-paternita-o-maternita\/","title":{"rendered":"Riconoscimento di paternit\u00e0 o maternit\u00e0"},"content":{"rendered":"<p>Il figlio straniero minorenne di un cittadino italiano pu\u00f3 acquisire la cittadinanza italiana in seguito al riconoscimento di paternit\u00e0 o maternit\u00e0.<br \/>\nNel caso in cui il figlio riconosciuto sia maggiorenne, \u00e8 necessaria la elezione di cittadinanza da parte di quest\u2019ultimo entro un anno dal riconoscimento stesso.<br \/>\nPer maggior approfondimento, si consigliano i richiedenti, in special modo i provenienti dall\u2019area latino-americana di verificare anche i siti delle Rappresentanze Diplomatiche italiane in quei Paesi.<\/p>\n<p>Per eventuali e ulteriori informazioni scrivere alla casella: <a href=\"mailto:barcellona.notarile@esteri.it\"><em>barcellona.notarile@esteri.it<\/em><\/a><\/p>\n<p>&nbsp;<\/p>\n","protected":false},"excerpt":{"rendered":"Il figlio straniero minorenne di un cittadino italiano pu\u00f3 acquisire la cittadinanza italiana in seguito al riconoscimento di paternit\u00e0 o maternit\u00e0. Nel caso in cui il figlio riconosciuto sia maggiorenne, \u00e8 necessaria la elezione di cittadinanza da parte di quest\u2019ultimo entro un anno dal riconoscimento stesso. Per maggior approfondimento, si consigliano i richiedenti, in special [&hellip;]","protected":false},"author":8,"featured_media":0,"parent":496,"menu_order":6,"comment_status":"closed","ping_status":"closed","template":"","meta":{"footnotes":""},"class_list":["post-6449","page","type-page","status-publish","hentry"],"_links":{"self":[{"href":"https:\/\/consbarcellona.esteri.it\/it\/wp-json\/wp\/v2\/pages\/6449","targetHints":{"allow":["GET"]}}],"collection":[{"href":"https:\/\/consbarcellona.esteri.it\/it\/wp-json\/wp\/v2\/pages"}],"about":[{"href":"https:\/\/consbarcellona.esteri.it\/it\/wp-json\/wp\/v2\/types\/page"}],"author":[{"embeddable":true,"href":"https:\/\/consbarcellona.esteri.it\/it\/wp-json\/wp\/v2\/users\/8"}],"replies":[{"embeddable":true,"href":"https:\/\/consbarcellona.esteri.it\/it\/wp-json\/wp\/v2\/comments?post=6449"}],"version-history":[{"count":1,"href":"https:\/\/consbarcellona.esteri.it\/it\/wp-json\/wp\/v2\/pages\/6449\/revisions"}],"predecessor-version":[{"id":6451,"href":"https:\/\/consbarcellona.esteri.it\/it\/wp-json\/wp\/v2\/pages\/6449\/revisions\/6451"}],"up":[{"embeddable":true,"href":"https:\/\/consbarcellona.esteri.it\/it\/wp-json\/wp\/v2\/pages\/496"}],"wp:attachment":[{"href":"https:\/\/consbarcellona.esteri.it\/it\/wp-json\/wp\/v2\/media?parent=6449"}],"curies":[{"name":"wp","href":"https:\/\/api.w.org\/{rel}","templated":true}]}}