{"id":6403,"date":"2025-01-16T22:25:00","date_gmt":"2025-01-16T21:25:00","guid":{"rendered":"https:\/\/consbarcellona.esteri.it\/?page_id=6403"},"modified":"2025-01-16T22:25:00","modified_gmt":"2025-01-16T21:25:00","slug":"perdita-riacquisto-cittadinanza-italiana","status":"publish","type":"page","link":"https:\/\/consbarcellona.esteri.it\/it\/servizi-consolari-e-visti\/servizi-per-il-cittadino-straniero\/cittadinanza-2\/perdita-riacquisto-cittadinanza-italiana\/","title":{"rendered":"Perdita\/Riacquisto cittadinanza italiana"},"content":{"rendered":"<p><strong>1) Perdita della cittadinanza<\/strong><\/p>\n<p>Il cittadino italiano pu\u00f2 perdere la cittadinanza automaticamente ovvero per rinuncia formale.<\/p>\n<p>Perde la cittadinaza\u00a0<strong>automaticamente<\/strong>:<\/p>\n<ul>\n<li>il cittadino italiano che si arruoli volontariamente nell\u2019esercito di uno Stato straniero o accetti un incarico pubblico presso uno Stato estero nonostante gli venga espressamente vietato dal Governo italiano<\/li>\n<li>il cittadino italiano che, durante lo stato di guerra con uno Stato estero, abbia prestato servizio militare o svolto un incarico pubblico o abbia acquistato la cittadinanza di quello Stato<\/li>\n<li>l\u2019adottato in caso di revoca dell\u2019adozione per fatto a lui imputabile, a condizione che detenga o acquisti un\u2019altra cittadinanza<\/li>\n<\/ul>\n<p><strong>Perde la cittadinanza a condizione che vi rinunci formalmente<\/strong>:<\/p>\n<ul>\n<li>l\u2019adottato maggiorenne, a seguito di revoca dell\u2019adozione per fatto imputabile all\u2019adottante, sempre che detenga o riacquisti un\u2019altra cittadinanza<\/li>\n<li>il cittadino italiano, qualora risieda o stabilisca la propria residenza all\u2019estero e se possiede, acquista o riacquista un\u2019altra cittadinanza<\/li>\n<li>il maggiorenne che ha conseguito la cittadinanza italiana da minorenne a seguito di acquisto o riacquisto della cittadinanza da parte di uno dei genitori, a condizione che detenga un\u2019altra cittadinanzaLa dichiarazione di rinuncia alla cittadinanza \u00e8 resa davanti all\u2019ufficiale di stato civile del Comune dove il dichiarante risiede ovvero, in caso di residenza all\u2019estero, all\u2019autorit\u00e0 diplomatico-consolare competente.<\/li>\n<\/ul>\n<p>Essa deve essere corredata della seguente documentazione:<\/p>\n<ul>\n<li>atto di nascita rilasciato dal comune presso il quale detto atto risulta iscritto o trascritto<\/li>\n<li>certificato di cittadinanza italiana<\/li>\n<li>documentazione relativa al possesso della cittadinanza straniera<\/li>\n<li>documentazione relativa alla residenza all\u2019estero, ove richiesta<\/li>\n<\/ul>\n<p><strong>Il minorenne NON perde la cittadinanza italiana<\/strong>\u00a0se uno o entrambi i genitori la perdono o riacquistano una cittadinanza straniera.<\/p>\n<p><strong>Le donne sposate con cittadini stranieri dopo il 1\u00b0 gennaio 1948<\/strong>\u00a0che abbiano automaticamente acquistato una cittadinanza straniera\u00a0<strong>NON hanno perso la cittadinanza italiana<\/strong>. Al fine di consentire le necessarie annotazioni a margine degli atti di stato civile, \u00e8 necessario che le donne interessate (o i loro discendenti) manifestino alle competenti autorit\u00e0 (comuni o uffici consolari) la volont\u00e0 di mantenerla.<\/p>\n<p>Dal 1\u00b0 gennaio 1948 la donna non perde la cittadinanza italiana neanche in caso di acquisto di una cittadinanza straniera per naturalizzazione da parte del marito nato italiano.<\/p>\n<p>&nbsp;<\/p>\n<p><strong>2) Riacquisto della cittadinanza<\/strong><\/p>\n<p>Il cittadino italiano\u00a0<strong>che ha perso<\/strong>\u00a0la cittadinanza pu\u00f2\u00a0<strong>riacquistarla<\/strong>\u00a0con le modalit\u00e0 di seguito indicate.<\/p>\n<p><strong>Automaticamente<\/strong>: dopo un anno dalla data in cui ha stabilito la residenza nel territorio della Repubblica, salvo che entro lo stesso termine non vi rinunci.<\/p>\n<p><strong>Previa apposita dichiarazione<\/strong>: qualora presti effettivo servizio militare nelle Forze Armate Italiane; qualora assuma, o abbia assunto, un pubblico impiego alle dipendenze dello Stato, anche all\u2019estero; se residente all\u2019estero, qualora stabilisca la propria residenza in Italia entro un anno dalla dichiarazione tesa al riacquisto presentata all\u2019Autorit\u00e0 Consolare italiana; qualora abbia stabilito la residenza in Italia da almeno 2 anni e provi di aver abbandonato l\u2019incarico pubblico o il servizio militare assunto o prestato. nonostante il divieto espresso del Governo italiano.<\/p>\n<p><strong>Le donne sposate con stranieri prima del 1\u00b0 gennaio 1948<\/strong>: possono riacquistare la cittadinanza italiana, anche se residenti all\u2019estero, con una dichiarazione. La dichiarazione consolare di riacquisto della cittadinanza \u00e8 resa davanti all\u2019ufficiale di stato civile del Comune dove il dichiarante risiede ovvero, in caso di residenza all\u2019estero, all\u2019Autorit\u00e0 diplomatico-consolare competente. Essa deve essere corredata della seguente documentazione:<\/p>\n<ul>\n<li>atto di nascita rilasciato dal Comune presso il quale detto atto risulta iscritto o trascritto;<\/li>\n<li>documentazione da cui risulti il trascorso possesso della cittadinanza italiana;<\/li>\n<li>documentazione relativa al possesso della cittadinanza straniera, ovvero allo status di apolidia;<\/li>\n<li>certificato di situazione di famiglia o documentazione equipollente.<\/li>\n<\/ul>\n<p>&nbsp;<\/p>\n<p>Per eventuali e ulteriori informazioni scrivere alla casella:\u00a0<a href=\"mailto:barcellona.cittadinanza@esteri.it\"><em>barcellona.cittadinanza@esteri.it<\/em><\/a><\/p>\n","protected":false},"excerpt":{"rendered":"1) Perdita della cittadinanza Il cittadino italiano pu\u00f2 perdere la cittadinanza automaticamente ovvero per rinuncia formale. Perde la cittadinaza\u00a0automaticamente: il cittadino italiano che si arruoli volontariamente nell\u2019esercito di uno Stato straniero o accetti un incarico pubblico presso uno Stato estero nonostante gli venga espressamente vietato dal Governo italiano il cittadino italiano che, durante lo stato [&hellip;]","protected":false},"author":8,"featured_media":0,"parent":496,"menu_order":4,"comment_status":"closed","ping_status":"closed","template":"","meta":{"footnotes":""},"class_list":["post-6403","page","type-page","status-publish","hentry"],"_links":{"self":[{"href":"https:\/\/consbarcellona.esteri.it\/it\/wp-json\/wp\/v2\/pages\/6403","targetHints":{"allow":["GET"]}}],"collection":[{"href":"https:\/\/consbarcellona.esteri.it\/it\/wp-json\/wp\/v2\/pages"}],"about":[{"href":"https:\/\/consbarcellona.esteri.it\/it\/wp-json\/wp\/v2\/types\/page"}],"author":[{"embeddable":true,"href":"https:\/\/consbarcellona.esteri.it\/it\/wp-json\/wp\/v2\/users\/8"}],"replies":[{"embeddable":true,"href":"https:\/\/consbarcellona.esteri.it\/it\/wp-json\/wp\/v2\/comments?post=6403"}],"version-history":[{"count":1,"href":"https:\/\/consbarcellona.esteri.it\/it\/wp-json\/wp\/v2\/pages\/6403\/revisions"}],"predecessor-version":[{"id":6406,"href":"https:\/\/consbarcellona.esteri.it\/it\/wp-json\/wp\/v2\/pages\/6403\/revisions\/6406"}],"up":[{"embeddable":true,"href":"https:\/\/consbarcellona.esteri.it\/it\/wp-json\/wp\/v2\/pages\/496"}],"wp:attachment":[{"href":"https:\/\/consbarcellona.esteri.it\/it\/wp-json\/wp\/v2\/media?parent=6403"}],"curies":[{"name":"wp","href":"https:\/\/api.w.org\/{rel}","templated":true}]}}