{"id":59,"date":"2023-04-03T19:25:07","date_gmt":"2023-04-03T17:25:07","guid":{"rendered":"https:\/\/consolatozurigo.esteri.it\/?page_id=59"},"modified":"2025-12-04T09:44:26","modified_gmt":"2025-12-04T08:44:26","slug":"servizi-per-il-cittadino-italiano","status":"publish","type":"page","link":"https:\/\/consbarcellona.esteri.it\/it\/servizi-consolari-e-visti\/servizi-per-il-cittadino-italiano\/","title":{"rendered":"Servizi per il cittadino italiano"},"content":{"rendered":"<p style=\"text-align: left;\"><span style=\"text-decoration: underline;\"><strong>Il Consolato Generale non riconosce, sponsorizza o suggerisce metodi di prenotazione di appuntamenti alternativi a quelli indicati sulla pagina web.<\/strong><\/span><\/p>\n<p><strong>Anagrafe Italiani residenti all\u2019estero (A.I.R.E.)<\/strong><\/p>\n<ul>\n<li><strong><a href=\"https:\/\/consbarcellona.esteri.it\/it\/servizi-consolari-e-visti\/servizi-per-il-cittadino-italiano\/anagrafe-italiani-residenti-allestero-a-i-r-e\/richiedere-iscrizione-alla-i-r-e\/\">Richiedere iscrizione all\u2019A.I.R.E.<\/a><\/strong><\/li>\n<li><strong><a href=\"https:\/\/consbarcellona.esteri.it\/it\/servizi-consolari-e-visti\/servizi-per-il-cittadino-italiano\/anagrafe-italiani-residenti-allestero-a-i-r-e\/cambio-residenza\/\">Cambio residenza<\/a><\/strong><\/li>\n<li><strong><a href=\"https:\/\/consbarcellona.esteri.it\/it\/servizi-consolari-e-visti\/servizi-per-il-cittadino-italiano\/anagrafe-italiani-residenti-allestero-a-i-r-e\/trasferimento-delliscrizione-a-i-r-e\/\">Trasferimento dell\u2019iscrizione A.I.R.E.<\/a><\/strong><\/li>\n<li><strong><a href=\"https:\/\/consbarcellona.esteri.it\/it\/servizi-consolari-e-visti\/servizi-per-il-cittadino-italiano\/anagrafe-italiani-residenti-allestero-a-i-r-e\/il-portale-dei-servizi-consolari\/\">Il portale dei Servizi Consolari<\/a><\/strong><\/li>\n<li><strong><a href=\"https:\/\/consbarcellona.esteri.it\/it\/servizi-consolari-e-visti\/servizi-per-il-cittadino-italiano\/anagrafe-italiani-residenti-allestero-a-i-r-e\/convivenze-di-fatto\/\">Convivenze di fatto<\/a><\/strong><\/li>\n<\/ul>\n<p><strong>\u00a0<\/strong><strong>Stato Civile<\/strong><\/p>\n<ul>\n<li><strong><a href=\"https:\/\/consbarcellona.esteri.it\/it\/servizi-consolari-e-visti\/servizi-per-il-cittadino-italiano\/informazione-generale-stato-civile\/nascita\/\">Nascita<\/a><\/strong><\/li>\n<li><strong><a href=\"https:\/\/consbarcellona.esteri.it\/it\/servizi-consolari-e-visti\/servizi-per-il-cittadino-italiano\/informazione-generale-stato-civile\/adozioni\/\">Adozioni<\/a><\/strong><\/li>\n<li><strong>Matrimoni\/Unioni Civili<\/strong>\n<ul>\n<li><strong><a href=\"https:\/\/consbarcellona.esteri.it\/it\/servizi-consolari-e-visti\/servizi-per-il-cittadino-italiano\/informazione-generale-stato-civile\/trascrivere-matrimonio\/\">Trascrivere matrimonio<\/a><\/strong><\/li>\n<li><strong><a href=\"https:\/\/consbarcellona.esteri.it\/it\/servizi-consolari-e-visti\/servizi-per-il-cittadino-italiano\/informazione-generale-stato-civile\/celebrare-matrimonio-in-italia-o-in-consolato\/\">Celebrare matrimonio in Italia o in Consolato<\/a><\/strong><\/li>\n<li><strong><a href=\"https:\/\/consbarcellona.esteri.it\/it\/servizi-consolari-e-visti\/servizi-per-il-cittadino-italiano\/informazione-generale-stato-civile\/celebrare-matrimonio-in-spagna\/\">Celebrare matrimonio in Spagna<\/a><\/strong><\/li>\n<li><strong><a href=\"https:\/\/consbarcellona.esteri.it\/it\/servizi-consolari-e-visti\/servizi-per-il-cittadino-italiano\/informazione-generale-stato-civile\/unioni-civili-e-convivenze-di-fatto\/\">Unioni Civili<\/a><\/strong><\/li>\n<\/ul>\n<\/li>\n<li><strong><a href=\"https:\/\/consbarcellona.esteri.it\/it\/servizi-consolari-e-visti\/servizi-per-il-cittadino-italiano\/informazione-generale-stato-civile\/divorzio\/\">Divorzio<\/a><\/strong><\/li>\n<li><strong><a href=\"https:\/\/consbarcellona.esteri.it\/it\/servizi-consolari-e-visti\/servizi-per-il-cittadino-italiano\/informazione-generale-stato-civile\/trascrivere-il-decesso-di-un-familiare\/\">Decesso di un familiare<\/a><\/strong><\/li>\n<li><a href=\"https:\/\/consbarcellona.esteri.it\/it\/servizi-consolari-e-visti\/servizi-per-il-cittadino-italiano\/cambio-o-modifica-di-nome-e-o-cognome\/\"><strong>Cambio o modifica di nome e\/o cognome<\/strong><\/a><\/li>\n<\/ul>\n<p><strong>\u00a0<\/strong><strong>Documenti di Viaggio<\/strong><\/p>\n<ul>\n<li><strong><a href=\"https:\/\/consbarcellona.esteri.it\/it\/servizi-consolari-e-visti\/servizi-per-il-cittadino-italiano\/informazione-generale-passaporti\/\">Passaporti<\/a><\/strong><\/li>\n<li><strong><a href=\"https:\/\/consbarcellona.esteri.it\/it\/servizi-consolari-e-visti\/servizi-per-il-cittadino-italiano\/carta-didentita-elettronica-cie\/\">Carta d\u2019Identit\u00e0 Elettronica \u2013 CIE<\/a><\/strong><\/li>\n<li><strong><a href=\"https:\/\/consbarcellona.esteri.it\/it\/servizi-consolari-e-visti\/servizi-per-il-cittadino-italiano\/emergency-travel-documents-etd\/\">Emergency Travel Document \u2013 Documento di viaggio provvisorio (ETD)<\/a><\/strong><\/li>\n<li><strong><a href=\"https:\/\/consbarcellona.esteri.it\/it\/servizi-consolari-e-visti\/servizi-per-il-cittadino-italiano\/viaggi-di-minori-non-accompagnati-dai-genitori\/\">Viaggi di minori non accompagnati dai genitori<\/a><\/strong><\/li>\n<\/ul>\n<p><strong><a href=\"https:\/\/consbarcellona.esteri.it\/it\/servizi-consolari-e-visti\/servizi-per-il-cittadino-italiano\/assistenza-al-connazionale\/\">Assistenza al connazionale<\/a><\/strong><\/p>\n<p><a href=\"https:\/\/consbarcellona.esteri.it\/it\/servizi-consolari-e-visti\/servizi-per-il-cittadino-italiano\/istanze-al-giudice-tutelare\/\"><strong>Istanze al giudice tutelare<\/strong><\/a><\/p>\n<p><strong><a href=\"https:\/\/consbarcellona.esteri.it\/it\/servizi-consolari-e-visti\/servizi-per-il-cittadino-italiano\/atti-notarili\/\">Servizi notarili<\/a><\/strong><\/p>\n<p><strong><a href=\"https:\/\/consbarcellona.esteri.it\/it\/servizi-consolari-e-visti\/servizi-per-il-cittadino-italiano\/studi\/\">Studi<\/a><\/strong><\/p>\n<p><strong><a href=\"https:\/\/consbarcellona.esteri.it\/it\/servizi-consolari-e-visti\/servizi-per-il-cittadino-italiano\/navigazione\/\">Navigazione<\/a><\/strong><\/p>\n<p><strong><a href=\"https:\/\/consbarcellona.esteri.it\/it\/servizi-consolari-e-visti\/servizi-per-il-cittadino-italiano\/codice-fiscale\/\">Codici Fiscali<\/a><\/strong><\/p>\n<p><strong><a href=\"https:\/\/consbarcellona.esteri.it\/it\/servizi-consolari-e-visti\/servizi-per-il-cittadino-italiano\/voto-allestero\/\">Elettorale<\/a><\/strong><\/p>\n<p><strong><a href=\"https:\/\/consbarcellona.esteri.it\/it\/servizi-consolari-e-visti\/servizi-per-il-cittadino-italiano\/guida-autoveicoli\/\">Guida autoveicoli<\/a><\/strong><\/p>\n<p><strong><a href=\"https:\/\/consbarcellona.esteri.it\/it\/servizi-consolari-e-visti\/servizi-per-il-cittadino-italiano\/autocertificazione\/\">Certificati anagrafici e autocertificazione<\/a><\/strong><\/p>\n<p><strong><a href=\"https:\/\/consbarcellona.esteri.it\/it\/servizi-consolari-e-visti\/servizi-per-il-cittadino-italiano\/certificati-anagrafici-on-line-nuovo\/\">Certificati anagrafici online<\/a><\/strong><\/p>\n<p><strong><a href=\"https:\/\/consbarcellona.esteri.it\/it\/servizi-consolari-e-visti\/servizi-per-il-cittadino-italiano\/albo-consolare\/\">Albo Consolare<\/a><\/strong><\/p>\n<p><strong><a href=\"https:\/\/consbarcellona.esteri.it\/it\/servizi-consolari-e-visti\/servizi-per-il-cittadino-italiano\/modulistica\/\">Modulistica<\/a><\/strong><\/p>\n<p><strong><a href=\"https:\/\/consbarcellona.esteri.it\/it\/servizi-consolari-e-visti\/servizi-per-il-cittadino-italiano\/tariffe-e-pagamenti\/\">Tariffe e Pagamenti<\/a><\/strong><\/p>\n<p>&nbsp;<\/p>\n<p>Il Consolato ha il compito di assicurare la tutela degli italiani all\u2019estero ed offre diversi servizi.<\/p>\n<p>I servizi devono essere forniti secondo <span style=\"text-decoration: underline;\">principi di eguaglianza, imparzialit\u00e0, efficienza e trasparenza<\/span> avendo come obiettivo la tutela dei cittadini italiani rispetto ai diritti fondamentali ed alla libert\u00e0 personale.<br \/>\nLa tutela riguarda, ad esempio, i casi di decesso, incidente, malattia grave, arresto o detenzione, atti di violenza, assistenza in caso di crisi gravi (catastrofi naturali, disordini civili, conflitti armati, ecc.), rilascio ai cittadini non residenti di documenti di viaggio d\u2019emergenza causa perdita o furto del passaporto.<\/p>\n<p>Per assicurare l\u2019effettivo rispetto dei principi richiamati, l\u2019accesso agli sportelli avviene mediante un sistema di prenotazione online. Poich\u00e9 la collettivit\u00e0 residente \u00e8 particolarmente numerosa, gli appuntamenti disponibili si saturano in breve tempo.<\/p>\n<p>&nbsp;<\/p>\n","protected":false},"excerpt":{"rendered":"Il Consolato Generale non riconosce, sponsorizza o suggerisce metodi di prenotazione di appuntamenti alternativi a quelli indicati sulla pagina web. Anagrafe Italiani residenti all\u2019estero (A.I.R.E.) Richiedere iscrizione all\u2019A.I.R.E. Cambio residenza Trasferimento dell\u2019iscrizione A.I.R.E. Il portale dei Servizi Consolari Convivenze di fatto \u00a0Stato Civile Nascita Adozioni Matrimoni\/Unioni Civili Trascrivere matrimonio Celebrare matrimonio in Italia o in [&hellip;]","protected":false},"author":1,"featured_media":0,"parent":16,"menu_order":0,"comment_status":"closed","ping_status":"closed","template":"","meta":{"footnotes":""},"class_list":["post-59","page","type-page","status-publish","hentry"],"_links":{"self":[{"href":"https:\/\/consbarcellona.esteri.it\/it\/wp-json\/wp\/v2\/pages\/59","targetHints":{"allow":["GET"]}}],"collection":[{"href":"https:\/\/consbarcellona.esteri.it\/it\/wp-json\/wp\/v2\/pages"}],"about":[{"href":"https:\/\/consbarcellona.esteri.it\/it\/wp-json\/wp\/v2\/types\/page"}],"author":[{"embeddable":true,"href":"https:\/\/consbarcellona.esteri.it\/it\/wp-json\/wp\/v2\/users\/1"}],"replies":[{"embeddable":true,"href":"https:\/\/consbarcellona.esteri.it\/it\/wp-json\/wp\/v2\/comments?post=59"}],"version-history":[{"count":6,"href":"https:\/\/consbarcellona.esteri.it\/it\/wp-json\/wp\/v2\/pages\/59\/revisions"}],"predecessor-version":[{"id":9317,"href":"https:\/\/consbarcellona.esteri.it\/it\/wp-json\/wp\/v2\/pages\/59\/revisions\/9317"}],"up":[{"embeddable":true,"href":"https:\/\/consbarcellona.esteri.it\/it\/wp-json\/wp\/v2\/pages\/16"}],"wp:attachment":[{"href":"https:\/\/consbarcellona.esteri.it\/it\/wp-json\/wp\/v2\/media?parent=59"}],"curies":[{"name":"wp","href":"https:\/\/api.w.org\/{rel}","templated":true}]}}