{"id":529,"date":"2023-05-12T11:08:54","date_gmt":"2023-05-12T09:08:54","guid":{"rendered":"https:\/\/consbarcellona.esteri.it\/?page_id=529"},"modified":"2025-01-24T12:22:40","modified_gmt":"2025-01-24T11:22:40","slug":"consigli-per-i-turisti-e-servizi-per-i-non-residenti","status":"publish","type":"page","link":"https:\/\/consbarcellona.esteri.it\/it\/servizi-consolari-e-visti\/servizi-per-il-cittadino-italiano\/assistenza-al-connazionale\/consigli-per-i-turisti-e-servizi-per-i-non-residenti\/","title":{"rendered":"Consigli per i turisti e servizi per i non residenti"},"content":{"rendered":"<p>Si ricorda che il numero per REALI E GRAVI urgenze \u00e8 su tutto il territorio spagnolo il <strong><span style=\"text-decoration: underline;\">112<\/span> (Ambulanza, Polizia, Pompieri)<\/strong>.<\/p>\n<p>In caso di <strong>furto o smarrimento di documenti \u00e8 necessario sporgere denuncia presso il pi\u00f9 vicino Commissariato di Polizia.<\/strong><br \/>\nDato che la vigente normativa Schengen ha soppresso le frontiere all\u2019interno del proprio spazio, la denuncia \u00e8 sufficiente per il rientro in Italia via terra o nave. <strong>Per coloro che viaggiano via aerea<\/strong>, considerato che i requisiti d\u2019imbarco dei passeggeri dipendono esclusivamente dalle disposizioni interne delle varie compagnie, <strong>si consiglia di consultare direttamente la propria compagnia.<\/strong><br \/>\n<strong>Per coloro che viaggiano con compagnie che non si allineano con la normativa Schengen (Ryanair), e\u2019 possibile richiedere un documento provvisorio di viaggio ai sensi dell\u2019art. 23.1 del Decreto Legislativo 3 febbraio 2011, n. 71.<\/strong><\/p>\n<p>Per maggiori informazioni riguardo la richiesta di documento provvisorio di viaggio (ETD) \u2022&gt; <a href=\"https:\/\/consbarcellona.esteri.it\/it\/servizi-consolari-e-visti\/servizi-per-il-cittadino-italiano\/emergency-travel-documents-etd\/\"><em>cliccare qui<\/em><\/a><\/p>\n<p><strong>In caso di furto si suggerisce ai concittadini di:<\/strong><\/p>\n<ul>\n<li>Bloccare immediatamente le proprie carte di credito ed, eventualmente, i cellulari.<\/li>\n<li>Si consiglia di informarsi presso la propria compagnia di credito (Visa, Mastercard, American Express ecc) sulla modalita\u2019 di blocco dall\u2019estero della carta di credito e sulla possibilit\u00e0 di disporre della stessa linea di credito.<\/li>\n<li>Si ricorda, ad ogni buon fine, che in caso ci si trovasse sprovvisti di denaro e di non possedere copertura assicurativa per il viaggio, \u00e8 possibile utilizzare i seguenti sistemi:\n<ul>\n<li>Ottenere la copertura economica (es. albergo, biglietti aerei, ecc.) attraverso il pagamento con carta di credito intestata a terzi.<\/li>\n<li>Ottenere denaro liquido tramite Western Union o altre agenzie di trasferimento denaro (per riscuotere tali somme \u00e8 indispensabile esibire un documento d\u2019identit\u00e0); Il trasferimento, che avviene in tempo reale, pu\u00f2 essere effettuato da qualsiasi persona direttamente nelle apposite Agenzie.<\/li>\n<\/ul>\n<\/li>\n<\/ul>\n<p><strong>Per ottenere specifiche informazioni \u00e8 possibile contattare i seguenti numeri:<\/strong><\/p>\n<ul>\n<li>Western Union: 800.788.935 (numero verde italiano) e 900.633.633 \/900983273 (numero verde spagnolo).<\/li>\n<li>Money Gram: 803160 (numero verde italiano) 901 20 10 10 (telefono di Madrid)<\/li>\n<\/ul>\n<p>E&#8217; possibile telefonare in Italia, addebitando la chiamata al destinatario, componendo da qualsiasi cabina telefonica il numero: 900.99.03.91<\/p>\n<p><strong>Per ulteriori informazioni: <a href=\"https:\/\/www.viaggiaresicuri.it\/find-country\/country\/ESP\" target=\"_blank\" rel=\"noopener\">Viaggiare Sicuri<\/a><\/strong><\/p>\n","protected":false},"excerpt":{"rendered":"Si ricorda che il numero per REALI E GRAVI urgenze \u00e8 su tutto il territorio spagnolo il 112 (Ambulanza, Polizia, Pompieri). In caso di furto o smarrimento di documenti \u00e8 necessario sporgere denuncia presso il pi\u00f9 vicino Commissariato di Polizia. Dato che la vigente normativa Schengen ha soppresso le frontiere all\u2019interno del proprio spazio, la [&hellip;]","protected":false},"author":6,"featured_media":0,"parent":365,"menu_order":4,"comment_status":"closed","ping_status":"closed","template":"","meta":{"footnotes":""},"class_list":["post-529","page","type-page","status-publish","hentry"],"_links":{"self":[{"href":"https:\/\/consbarcellona.esteri.it\/it\/wp-json\/wp\/v2\/pages\/529","targetHints":{"allow":["GET"]}}],"collection":[{"href":"https:\/\/consbarcellona.esteri.it\/it\/wp-json\/wp\/v2\/pages"}],"about":[{"href":"https:\/\/consbarcellona.esteri.it\/it\/wp-json\/wp\/v2\/types\/page"}],"author":[{"embeddable":true,"href":"https:\/\/consbarcellona.esteri.it\/it\/wp-json\/wp\/v2\/users\/6"}],"replies":[{"embeddable":true,"href":"https:\/\/consbarcellona.esteri.it\/it\/wp-json\/wp\/v2\/comments?post=529"}],"version-history":[{"count":7,"href":"https:\/\/consbarcellona.esteri.it\/it\/wp-json\/wp\/v2\/pages\/529\/revisions"}],"predecessor-version":[{"id":4615,"href":"https:\/\/consbarcellona.esteri.it\/it\/wp-json\/wp\/v2\/pages\/529\/revisions\/4615"}],"up":[{"embeddable":true,"href":"https:\/\/consbarcellona.esteri.it\/it\/wp-json\/wp\/v2\/pages\/365"}],"wp:attachment":[{"href":"https:\/\/consbarcellona.esteri.it\/it\/wp-json\/wp\/v2\/media?parent=529"}],"curies":[{"name":"wp","href":"https:\/\/api.w.org\/{rel}","templated":true}]}}