{"id":504,"date":"2023-05-12T10:30:09","date_gmt":"2023-05-12T08:30:09","guid":{"rendered":"https:\/\/consbarcellona.esteri.it\/?page_id=504"},"modified":"2025-01-28T13:05:27","modified_gmt":"2025-01-28T12:05:27","slug":"autocertificazione","status":"publish","type":"page","link":"https:\/\/consbarcellona.esteri.it\/it\/servizi-consolari-e-visti\/servizi-per-il-cittadino-italiano\/autocertificazione\/","title":{"rendered":"Certificati anagrafici e Autocertificazione"},"content":{"rendered":"<ul>\n<li><strong><a href=\"https:\/\/consbarcellona.esteri.it\/it\/servizi-consolari-e-visti\/servizi-per-il-cittadino-italiano\/autocertificazione\/certificati-anagrafici\/\">Certificati anagrafici<\/a><\/strong><\/li>\n<li><strong><a href=\"https:\/\/consbarcellona.esteri.it\/it\/servizi-consolari-e-visti\/servizi-per-il-cittadino-italiano\/autocertificazione\/certificato-del-casellario-giudiziale-certificato-penale\/\">Certificato del casellario giudiziale<\/a><\/strong><\/li>\n<li><strong><a href=\"https:\/\/consbarcellona.esteri.it\/it\/servizi-consolari-e-visti\/servizi-per-il-cittadino-italiano\/autocertificazione\/atti-e-certificati-di-stato-civile\/\">Atti e Certificati di Stato Civile<\/a><\/strong><\/li>\n<li><strong><a href=\"https:\/\/consbarcellona.esteri.it\/it\/servizi-consolari-e-visti\/servizi-per-il-cittadino-italiano\/autocertificazione\/certificato-esecuzione-lavori-c-e-l\/\">C.E.L. &#8211; Certificazione Esecuzione Lavori eseguiti all&#8217;estero<\/a><\/strong><\/li>\n<\/ul>\n<p>L\u2019autocertificazione \u00e8 una dichiarazione che l&#8217;interessato redige e sottoscrive nel proprio interesse su stati, fatti e qualit\u00e0 personali e che utilizza nei rapporti con la P.A. e con i gestori di pubblici servizi. Nel rapporto con un soggetto privato il ricorso all&#8217;autocertificazione \u00e8 rimesso alla discrezionalit\u00e0 di quest&#8217;ultimo.<\/p>\n<p>Dal 1\u00b0 gennaio 2012 i certificati hanno validit\u00e0 solo nei rapporti tra privati o tra essi ed Autorit\u00e1 estere, mentre le Amministrazioni Pubbliche italiane non possono pi\u00f9 chiedere o accettare i certificati, che devono essere sempre sostituiti da autocertificazioni.<\/p>\n<p>Le norme sull&#8217;autocertificazione si applicano ai cittadini italiani e dell&#8217;Unione europea, nonch\u00e9 ai cittadini extracomunitari regolarmente soggiornanti in Italia limitatamente ai dati verificabili o certificabili in Italia da soggetti pubblici.<\/p>\n<p>Le dichiarazioni sostitutive di cui agli artt. 46 e 47 del D.P.R. n. 445\/2000 possono essere sottoscritte in presenza del dipendente addetto oppure possono essere presentate o inviate gi\u00e0 sottoscritte purch\u00e9 ad esse sia allegata una copia fotostatica non autenticata di un documento d\u2019identit\u00e0 del sottoscrittore.<\/p>\n<p>Tale dichiarazione pu\u00f2 riguardare anche circostanze relative ad altri soggetti, di cui il dichiarante abbia diretta conoscenza, nonch\u00e9 la conformit\u00e0 all\u2019originale di copie di atti o documenti conservati o rilasciati da una pubblica amministrazione, di copie di pubblicazioni, di copie di titoli di studio o di servizio, ovvero di copie di documenti fiscali che devono essere obbligatoriamente conservati dai privati.<\/p>\n<p><strong>La possibilit\u00e0 di avvalersi dell\u2019autocertificazione non \u00e8 mai ammessa per i certificati:<\/strong><\/p>\n<ul>\n<li>medici;<\/li>\n<li>sanitari;<\/li>\n<li>veterinari;<\/li>\n<li>di origine;<\/li>\n<li>di conformit\u00e0 CE;<\/li>\n<li>marchi o brevetti.<\/li>\n<\/ul>\n<p><strong>Nel caso in cui le amministrazioni abbiano dubbi sulla veridicit\u00e0 delle autocertificazioni, sono tenute a effettuare i controlli necessari. Nel caso vengano riscontrate dichiarazioni mendaci, la falsit\u00e0 negli atti e l\u2019uso di atti falsi sono puniti ai sensi del codice penale e delle leggi speciali in materia (art. 76 DPR 445\/2000). Il dichiarante inoltre decade dai benefici eventualmente conseguiti grazie a provvedimenti basati su dichiarazioni non veritiere.<\/strong><\/p>\n","protected":false},"excerpt":{"rendered":"Certificati anagrafici Certificato del casellario giudiziale Atti e Certificati di Stato Civile C.E.L. &#8211; Certificazione Esecuzione Lavori eseguiti all&#8217;estero L\u2019autocertificazione \u00e8 una dichiarazione che l&#8217;interessato redige e sottoscrive nel proprio interesse su stati, fatti e qualit\u00e0 personali e che utilizza nei rapporti con la P.A. e con i gestori di pubblici servizi. Nel rapporto con [&hellip;]","protected":false},"author":6,"featured_media":0,"parent":59,"menu_order":11,"comment_status":"closed","ping_status":"closed","template":"","meta":{"footnotes":""},"class_list":["post-504","page","type-page","status-publish","hentry"],"_links":{"self":[{"href":"https:\/\/consbarcellona.esteri.it\/it\/wp-json\/wp\/v2\/pages\/504","targetHints":{"allow":["GET"]}}],"collection":[{"href":"https:\/\/consbarcellona.esteri.it\/it\/wp-json\/wp\/v2\/pages"}],"about":[{"href":"https:\/\/consbarcellona.esteri.it\/it\/wp-json\/wp\/v2\/types\/page"}],"author":[{"embeddable":true,"href":"https:\/\/consbarcellona.esteri.it\/it\/wp-json\/wp\/v2\/users\/6"}],"replies":[{"embeddable":true,"href":"https:\/\/consbarcellona.esteri.it\/it\/wp-json\/wp\/v2\/comments?post=504"}],"version-history":[{"count":3,"href":"https:\/\/consbarcellona.esteri.it\/it\/wp-json\/wp\/v2\/pages\/504\/revisions"}],"predecessor-version":[{"id":6716,"href":"https:\/\/consbarcellona.esteri.it\/it\/wp-json\/wp\/v2\/pages\/504\/revisions\/6716"}],"up":[{"embeddable":true,"href":"https:\/\/consbarcellona.esteri.it\/it\/wp-json\/wp\/v2\/pages\/59"}],"wp:attachment":[{"href":"https:\/\/consbarcellona.esteri.it\/it\/wp-json\/wp\/v2\/media?parent=504"}],"curies":[{"name":"wp","href":"https:\/\/api.w.org\/{rel}","templated":true}]}}