{"id":475,"date":"2023-05-11T15:12:13","date_gmt":"2023-05-11T13:12:13","guid":{"rendered":"https:\/\/consbarcellona.esteri.it\/?page_id=475"},"modified":"2024-02-22T15:51:55","modified_gmt":"2024-02-22T14:51:55","slug":"divorzio","status":"publish","type":"page","link":"https:\/\/consbarcellona.esteri.it\/it\/servizi-consolari-e-visti\/servizi-per-il-cittadino-italiano\/informazione-generale-stato-civile\/divorzio\/","title":{"rendered":"Divorzio"},"content":{"rendered":"<p><strong>Informazione generale<\/strong><\/p>\n<p>Le sentenze di divorzio devono essere trascritte presso l&#8217;Ufficio dello Stato Civile del Comune dove risulta registrato il relativo atto di matrimonio, ai fini della prescritta annotazione a margine.<\/p>\n<p>La documentazione relativa al divorzio si invia per posta all&#8217;indirizzo di questo Consolato Generale:<\/p>\n<p>c\/Aribau 185, planta 4 &#8211; 08021 Barcelona<\/p>\n<p>Si informa che prima di procedere con l\u2019invio della sentenza l\u2019Ufficio consolare dovr\u00e0 effettuare degli accertamenti. In particolare, dovr\u00e0 verificare che sia stata emessa da un giudice competente, che sia passata in giudicato, che non sono stati violati i diritti essenziali della difesa, che le parti si siano costituite in giudizio o sia stata dichiarata la contumacia in conformit\u00e0 alla legge del luogo dove si \u00e8 svolto il processo.<\/p>\n<p>Data la molteplicit\u00e0 e le difformit\u00e0 normative vigenti nei diversi Stati, \u00e8 competente a tali adempimenti l&#8217;Ufficio consolare del Paese in cui la sentenza \u00e8 stata emessa, a prescindere dal luogo di residenza della persona che ne richiede il riconoscimento.<\/p>\n<p><strong>Conseguentemente, per chiedere la trascrizione di una sentenza di divorzio emessa in uno Stato estero diverso dalla Spagna i connazionali sono invitati a rivolgersi al Consolato competente, oppure direttamente all\u2019ufficio di Stato Civile del proprio Comune AIRE, evitando cos\u00ec possibili rigetti per carenza dei requisiti da parte del Comune.<br \/>\n<\/strong><\/p>\n<p><strong>Sentenze di divorzio emesse in Spagna dal 01\/08\/2022 in poi.<\/strong><\/p>\n<p><strong>Occorre presentare quanto segue:<\/strong><\/p>\n<ol>\n<li><a href=\"https:\/\/consbarcellona.esteri.it\/wp-content\/uploads\/2024\/02\/mod-divorzio-UE_01-08-2022.doc\"><em>Domanda di trascrizione<\/em><\/a><\/li>\n<li>Allegati II &#8211; III &#8211; VIII (vedere informazione sotto) a seconda dei casi<\/li>\n<li>Fotocopia del documento italiano valido (Passaporto o Carta d&#8217;identit\u00e0)<\/li>\n<li>Allegare anche una copia della sentenza\/atto notarile.<\/li>\n<\/ol>\n<p>Per trasmettere la documentazione di divorzio la sentenza dovr\u00e0 essere definitiva, ovvero &#8220;passata in giudicato&#8221;.<\/p>\n<p><strong>ATTENZIONE<\/strong>: il 01\/08\/2022 \u00e8 entrato in vigore il Regolamento (UE) 2019\/1111 del Consiglio.<\/p>\n<p>I nuovi allegati da presentare per registrare in Italia una sentenza di divorzio emessa, dal 01\/08\/2022 in poi, da uno Stato membro dell\u2019Unione Europea (ad eccezione della Danimarca) sono i seguenti:<\/p>\n<p>A) DIVORZI SANCITI DA UN TRIBUNALE<\/p>\n<p><strong>ALLEGATO II<\/strong><\/p>\n<p>CERTIFICATO CONCERNENTE LE DECISIONI IN MATERIA MATRIMONIALE<\/p>\n<p>[Articolo 36 bis, paragrafo 1, lettera a), del regolamento (UE) 2019\/1111 del Consiglio]<\/p>\n<p>B) IN PRESENZA DI FIGLI MINORI<\/p>\n<p><strong>ALLEGATO III<\/strong><\/p>\n<p>CERTIFICATO CONCERNENTE LE DECISIONI IN MATERIA DI RESPONSABILIT\u00c0 GENITORIALE<\/p>\n<p>[Articolo 36, paragrafo 1, lettera b), del regolamento (UE) 2019\/1111 del Consiglio]<\/p>\n<p>C) DIVORZI SANCITI DA UN NOTAIO (in Spagna questa procedura \u00e8 ammessa solo in assenza di figli minorenni)<\/p>\n<p><strong>ALLEGATO VIII<\/strong><\/p>\n<p>CERTIFICATO CONCERNENTE UN ATTO PUBBLICO O UN ACCORDO IN MATERIA DI DIVORZIO O SEPARAZIONE PERSONALE<\/p>\n<p>[Articolo 66, paragrafo 1, lettera a), del regolamento (UE) 2019\/1111 del Consiglio]<\/p>\n<p>Tali allegati, come avveniva precedentemente, devono essere emessi dal Tribunale (o dal Notaio spagnolo) che ha sancito lo scioglimento o la separazione matrimoniale.<\/p>\n<p>Gli allegati non necessitano di legalizzazione (apostille). Il certificato \u00e8 compilato e rilasciato nella lingua della decisione. Il certificato pu\u00f2 anche essere rilasciato in un\u2019altra lingua ufficiale delle istituzioni dell\u2019Unione europea richiesta dalla parte. L\u2019autorit\u00e0 giurisdizionale che rilascia il certificato non \u00e8 tenuta a fornire la traduzione o la traslitterazione del contenuto traducibile dei campi di testo libero; se necessario, l\u2019autorit\u00e0 competente al riconoscimento della decisione pu\u00f2 richiedere la traduzione o la traslitterazione del contenuto traducibile dei campi di testo libero del certificato rilasciato che specifica l\u2019obbligo da eseguire. La traduzione, se richiesta, deve essere eseguita da un traduttore giurato autorizzato dallo Stato spagnolo. Tale professionista dovr\u00e0 rispettare la terminologia ufficiale, verificabile su:<\/p>\n<p><a href=\"https:\/\/eur-lex.europa.eu\/homepage.html\"><em>https:\/\/eur-lex.europa.eu\/homepage.html<\/em><\/a><\/p>\n<p>Nel caso di sentenze emesse in uno Stato membro diverso dalla Spagna, rivolgersi all\u2019Ufficio consolare italiano accreditato in tale Stato oppure al proprio Comune di riferimento.<\/p>\n<p>Per le decisioni in materia matrimoniale e di responsabilit\u00e0 genitoriale anteriori al 1\u00ba agosto 2022, restano valide le disposizioni del Regolamento CE 2201\/2003 indicate di seguito.<\/p>\n<p><strong>Sentenze di divorzio emesse in Spagna dal 01\/03\/2001 al 31\/07\/2022<\/strong><\/p>\n<p><strong>Occorre presentare quanto segue:<\/strong><\/p>\n<ol>\n<li><a href=\"https:\/\/consbarcellona.esteri.it\/wp-content\/uploads\/2024\/02\/mod-divorzio-UE_01-08-2022.doc\"><em>Domanda di trascrizione<\/em><\/a><\/li>\n<li>&#8220;Certificado relativo a las resoluciones judiciales en materia matrimonial&#8221; (Art. 39 del Reglamento 2201\/2003) Anexo I, in originale e fotocopia &#8211; NON necessita n\u00e9 di legalizzazione n\u00e9 di traduzione &#8211; Si ottiene presso il Tribunale che ha emesso la sentenza di divorzio. In presenza di figli minori \u00e8 necessario richiedere anche l&#8217;Anexo II<\/li>\n<li>Fotocopia del documento italiano valido (Passaporto o Carta d&#8217;identit\u00e0)<\/li>\n<li>Allegare anche una copia della sentenza.<\/li>\n<\/ol>\n<p>Per trasmettere la documentazione di divorzio la sentenza dovr\u00e0 essere definitiva, ovvero &#8220;passata in giudicato&#8221;.<\/p>\n<p><strong>Sentenze di divorzio emesse in Spagna prima del 01\/03\/2001<\/strong><\/p>\n<p><strong>Documentazione da inviare:<\/strong><\/p>\n<ol>\n<li><a href=\"https:\/\/consbarcellona.esteri.it\/wp-content\/uploads\/2023\/05\/matrimonio_divorzio_non_ue.doc\"><em>Domanda di trascrizione e relativa dichiarazione<\/em><\/a><\/li>\n<li>Sentenza di divorzio passata in giudicato. Dovr\u00e0 essere tradotta in italiano da traduttore giurato con firma depositata nel Consolato Generale (<a href=\"https:\/\/consbarcellona.esteri.it\/wp-content\/uploads\/2023\/05\/Elenco-dei-traduttori-20220918.pdf\"><em>vedi lista<\/em><\/a>);<\/li>\n<li>Atto di matrimonio integrale con annotazione al margine della sentenza di divorzio;<\/li>\n<li>Fotocopia di tutta la documentazione su elencata<\/li>\n<li>Fotocopia del documento italiano valido (Passaporto o Carta d&#8217;identit\u00e0)<\/li>\n<\/ol>\n","protected":false},"excerpt":{"rendered":"Informazione generale Le sentenze di divorzio devono essere trascritte presso l&#8217;Ufficio dello Stato Civile del Comune dove risulta registrato il relativo atto di matrimonio, ai fini della prescritta annotazione a margine. La documentazione relativa al divorzio si invia per posta all&#8217;indirizzo di questo Consolato Generale: c\/Aribau 185, planta 4 &#8211; 08021 Barcelona Si informa che [&hellip;]","protected":false},"author":6,"featured_media":0,"parent":443,"menu_order":0,"comment_status":"closed","ping_status":"closed","template":"","meta":{"footnotes":""},"class_list":["post-475","page","type-page","status-publish","hentry"],"_links":{"self":[{"href":"https:\/\/consbarcellona.esteri.it\/it\/wp-json\/wp\/v2\/pages\/475","targetHints":{"allow":["GET"]}}],"collection":[{"href":"https:\/\/consbarcellona.esteri.it\/it\/wp-json\/wp\/v2\/pages"}],"about":[{"href":"https:\/\/consbarcellona.esteri.it\/it\/wp-json\/wp\/v2\/types\/page"}],"author":[{"embeddable":true,"href":"https:\/\/consbarcellona.esteri.it\/it\/wp-json\/wp\/v2\/users\/6"}],"replies":[{"embeddable":true,"href":"https:\/\/consbarcellona.esteri.it\/it\/wp-json\/wp\/v2\/comments?post=475"}],"version-history":[{"count":9,"href":"https:\/\/consbarcellona.esteri.it\/it\/wp-json\/wp\/v2\/pages\/475\/revisions"}],"predecessor-version":[{"id":3345,"href":"https:\/\/consbarcellona.esteri.it\/it\/wp-json\/wp\/v2\/pages\/475\/revisions\/3345"}],"up":[{"embeddable":true,"href":"https:\/\/consbarcellona.esteri.it\/it\/wp-json\/wp\/v2\/pages\/443"}],"wp:attachment":[{"href":"https:\/\/consbarcellona.esteri.it\/it\/wp-json\/wp\/v2\/media?parent=475"}],"curies":[{"name":"wp","href":"https:\/\/api.w.org\/{rel}","templated":true}]}}