{"id":439,"date":"2023-05-11T12:27:15","date_gmt":"2023-05-11T10:27:15","guid":{"rendered":"https:\/\/consbarcellona.esteri.it\/?page_id=439"},"modified":"2025-05-28T13:11:57","modified_gmt":"2025-05-28T11:11:57","slug":"carta-di-identita-per-i-minori-di-eta","status":"publish","type":"page","link":"https:\/\/consbarcellona.esteri.it\/it\/servizi-consolari-e-visti\/servizi-per-il-cittadino-italiano\/documenti-di-viaggio-passaporti-cie-etd-ecc\/carta-didentita-elettronica-cie\/carta-di-identita-per-i-minori-di-eta\/","title":{"rendered":"Carta di identit\u00e0 per i minori di et\u00e0"},"content":{"rendered":"<p>Ai sensi della normativa vigente, i minori devono essere muniti di documento d&#8217;identit\u00e0 individuale. La presenza del minore \u00e8 richiesta in Consolato Generale.<\/p>\n<p><strong>Richiesta per minori di 18 anni<\/strong><\/p>\n<p><strong>Documentazione<\/strong><\/p>\n<ul>\n<li><strong>Modulo di richiesta<\/strong> interamente compilato in ogni sua parte e firmato da entrambi i genitori [<a href=\"https:\/\/consbarcellona.esteri.it\/wp-content\/uploads\/2023\/05\/cie_minorenni_bilingue.pdf\"><em>cliccare qui<\/em><\/a>] corredato dalla fotocopia del documento di entrambi i genitori. Se uno dei genitori non \u00e8 cittadino UE, la sua firma deve essere autenticata presso il Consolato Generale il giorno dell\u2019appuntamento, o da un notaio, oppure presso un Consolato onorario prima dell\u2019invio<\/li>\n<li><strong>Atto di assenso<\/strong> [<a href=\"https:\/\/consbarcellona.esteri.it\/wp-content\/uploads\/2024\/11\/ASS_02_MINORI_PASS_CIE.pdf\"><em>cliccare qui<\/em><\/a>] &#8211; Si richiede la presenza di entrambi i genitori e del minore. Qualora venga uno solo dei genitori, questo, potr\u00e0 presentare l\u2019atto di assenso compilato e firmato dal genitore assente solo se questo \u00e8 cittadino UE. Il funzionario allo sportello avr\u00e0 sempre la facolt\u00e0 di richiedere la presenza di entrambi i genitori qualora lo ritenesse opportuno. Se il genitore assente non \u00e8 cittadino UE la firma dell\u2019assenso deve essere autenticata presso un altro Consolato o presso un Consolato Onorario. Se non fosse possibile autenticare la firma, il giorno dell\u2019appuntamento per il passaporto del minore dovranno essere presenti entrambi i genitori e il cittadino extra-UE potr\u00e0 autenticare in quel momento la firma posta sull\u2019assenso.Qualora non sia possibile presentare l\u2019atto di assenso firmato da un genitore, l\u2019altro genitore dovr\u00e0 richiedere al Consolato Generale o al Tribunale di competenza un\u2019autorizzazione al rilascio della carta d\u2019identit\u00e0 mediante Decreto consolare.<\/li>\n<li>\u201c<strong>Empadronamiento<\/strong>\u201d aggiornato.<\/li>\n<li><strong>Una fototessera recente a colori<\/strong> \u2013 sfondo bianco \u2013 standard ICAO 9303\/ISO 19794-5 \u2013 45mm x 35mm<\/li>\n<li><strong>Ricevuta di pagamento della tariffa consolare<\/strong> (21,95 \u20ac per il rilascio \u2013 27,11 \u20ac per il duplicato) sul conto corrente del Banco Santander (importante: un versamento per ogni singola domanda) &#8211; intestatario del conto: Consolato Generale d&#8217;Italia &#8211; IBAN ES05-0049-4707-5026-1607-8401 &#8211; Codice BIC\/SWIFT: BSCHESMMXXX (indicare nella causale cognome e nome del richiedente, ad esempio: Rossi Mario &#8211; Carta d&#8217;identit\u00e0) &#8211; si ricorda che le tariffe consolari sono soggette a possibili variazioni.<br \/>\nIl pagamento della tassa consolare per la CIE potr\u00e0 essere effettuato tramite bonifico bancario o telematico almeno 5 (cinque) giorni lavorativi prima dell\u2019appuntamento oppure tramite versamento in contanti presso il Banco Santander lo stesso giorno dell\u2019appuntamento, seguendo le indicazioni sopra riportate. La ricevuta del versamento va presentata il giorno stesso dell\u2019appuntamento.<\/li>\n<li><strong>Originale e Fotocopia di un documento d&#8217;identit\u00e0 del minore<\/strong> (se in possesso) &#8211;<\/li>\n<li><strong>Fotocopia del documento d&#8217;identit\u00e0 dei genitori<\/strong><\/li>\n<li>In caso di <strong>furto\/smarrimento<\/strong> della carta d\u2019identit\u00e0: copia denuncia resa alla Polizia spagnola\/altre Autorit\u00e0 di Polizia<\/li>\n<\/ul>\n<p>La validit\u00e0 della CIE \u00e8 di 3 anni per i bambini da 0 a 3 anni; di 5 anni per i minori tra i 3 e i 18 anni.<\/p>\n","protected":false},"excerpt":{"rendered":"Ai sensi della normativa vigente, i minori devono essere muniti di documento d&#8217;identit\u00e0 individuale. La presenza del minore \u00e8 richiesta in Consolato Generale. Richiesta per minori di 18 anni Documentazione Modulo di richiesta interamente compilato in ogni sua parte e firmato da entrambi i genitori [cliccare qui] corredato dalla fotocopia del documento di entrambi i [&hellip;]","protected":false},"author":6,"featured_media":0,"parent":339,"menu_order":0,"comment_status":"closed","ping_status":"closed","template":"","meta":{"footnotes":""},"class_list":["post-439","page","type-page","status-publish","hentry"],"_links":{"self":[{"href":"https:\/\/consbarcellona.esteri.it\/it\/wp-json\/wp\/v2\/pages\/439","targetHints":{"allow":["GET"]}}],"collection":[{"href":"https:\/\/consbarcellona.esteri.it\/it\/wp-json\/wp\/v2\/pages"}],"about":[{"href":"https:\/\/consbarcellona.esteri.it\/it\/wp-json\/wp\/v2\/types\/page"}],"author":[{"embeddable":true,"href":"https:\/\/consbarcellona.esteri.it\/it\/wp-json\/wp\/v2\/users\/6"}],"replies":[{"embeddable":true,"href":"https:\/\/consbarcellona.esteri.it\/it\/wp-json\/wp\/v2\/comments?post=439"}],"version-history":[{"count":6,"href":"https:\/\/consbarcellona.esteri.it\/it\/wp-json\/wp\/v2\/pages\/439\/revisions"}],"predecessor-version":[{"id":8116,"href":"https:\/\/consbarcellona.esteri.it\/it\/wp-json\/wp\/v2\/pages\/439\/revisions\/8116"}],"up":[{"embeddable":true,"href":"https:\/\/consbarcellona.esteri.it\/it\/wp-json\/wp\/v2\/pages\/339"}],"wp:attachment":[{"href":"https:\/\/consbarcellona.esteri.it\/it\/wp-json\/wp\/v2\/media?parent=439"}],"curies":[{"name":"wp","href":"https:\/\/api.w.org\/{rel}","templated":true}]}}