{"id":423,"date":"2023-05-11T11:53:58","date_gmt":"2023-05-11T09:53:58","guid":{"rendered":"https:\/\/consbarcellona.esteri.it\/?page_id=423"},"modified":"2026-03-02T16:58:01","modified_gmt":"2026-03-02T15:58:01","slug":"passaporto-per-minori-di-eta","status":"publish","type":"page","link":"https:\/\/consbarcellona.esteri.it\/it\/servizi-consolari-e-visti\/servizi-per-il-cittadino-italiano\/documenti-di-viaggio-passaporti-cie-etd-ecc\/informazione-generale-passaporti\/passaporto-per-minori-di-eta\/","title":{"rendered":"Passaporto per minori di et\u00e0"},"content":{"rendered":"<p style=\"text-align: right;\"><em>[agg. 02\/03\/2026]<\/em><\/p>\n<p>Dal 2009 non \u00e8 pi\u00f9 possibile iscrivere i figli minori sul passaporto dei genitori. E&#8217; quindi necessario richiedere un passaporto individuale per il minore. Per informazioni su viaggi di minori non accompagnati dai genitori [<a href=\"https:\/\/consbarcellona.esteri.it\/it\/servizi-consolari-e-visti\/servizi-per-il-cittadino-italiano\/viaggi-di-minori-non-accompagnati-dai-genitori\/\" target=\"_blank\" rel=\"noopener\">cliccare qui<\/a>].<br \/>\nPer poter rilasciare il passaporto ad un minore \u00e8 condizione imprescindibile che il relativo atto di nascita sia stato registrato in Italia, oppure che l&#8217;ufficio consolare abbia trasmesso l&#8217;atto di nascita per la trascrizione. Per ogni informazione sulle modalita&#8217; di presentazione della richiesta di trascrizione atto di nascita, accedere alla sezione di Stato Civile [<a href=\"https:\/\/consbarcellona.esteri.it\/it\/servizi-consolari-e-visti\/servizi-per-il-cittadino-italiano\/informazione-generale-stato-civile\/nascita\/\" target=\"_blank\" rel=\"noopener\">cliccare qui<\/a>].<br \/>\nRicordiamo che non \u00e8 possibile inviare la richiesta di passaporto via posta insieme alla richiesta di trascrizione dell&#8217;atto di nascita. In alcuni casi \u00e8 per\u00f2 possibile accedere al <a href=\"https:\/\/consbarcellona.esteri.it\/it\/news\/dal_consolato\/2024\/09\/passaporti-per-neonati-in-spagna-attivazione-canale-dedicato\/\" target=\"_blank\" rel=\"noopener\">canale dedicato al rilascio prioritario del passaporto per neonati in Spagna<\/a>.<\/p>\n<p><strong>ATTENZIONE! Si richiede la presenza di entrambi i genitori<\/strong> <strong>e del minore.<\/strong> Qualora venga uno solo dei genitori, questo, potr\u00e0 presentare l\u2019atto di assenso compilato e firmato dal genitore assente solo se questo \u00e8 cittadino UE. Vedere dettagli qui di seguito al punto 2.<\/p>\n<p><strong>Documentazione da presentare<\/strong>:<\/p>\n<ol>\n<li><strong>Modulo compilato e firmato<\/strong> da entrambi i genitori e dal minore, se ha compiuto 12 anni [<a href=\"https:\/\/consbarcellona.esteri.it\/wp-content\/uploads\/2025\/12\/MOD_02_PASS_MINORENNE_it_es_rev_01122025.doc\"><em>scarica qui<\/em><\/a>] corredato dalla copia dei documenti di identit\u00e0 di entrambi i genitori e del minore (se in possesso);<\/li>\n<li><strong>ATTO DI ASSENSO<\/strong> [<a href=\"https:\/\/consbarcellona.esteri.it\/wp-content\/uploads\/2024\/11\/ASS_02_MINORI_PASS_CIE.pdf\"><em>scarica qui<\/em><\/a>]. Si richiede la presenza di entrambi i genitori e del minore. Qualora venga uno solo dei genitori, questo, potr\u00e0 presentare l&#8217;atto di assenso compilato e firmato dal genitore assente solo se questo \u00e8 cittadino UE. Il funzionario allo sportello avra&#8217; sempre la facolt\u00e0 di richiedere la presenza di entrambi i genitori qualora lo ritenesse opportuno e <span style=\"text-decoration: underline;\">sempre quando si tratta di emissione primo passaporto<\/span>. Se il genitore assente non e&#8217; cittadino UE la firma dell&#8217;assenso deve essere autenticata presso un altro Consolato, un Consolato Onorario o un notaio. Se non fosse possibile autenticare la firma, il giorno dell&#8217;appuntamento per il passaporto del minore dovranno essere presenti entrambi i genitori e il cittadino extra-UE potr\u00e0 autenticare in quel momento la firma posta sull&#8217;assenso.<br \/>\nQualora non sia possibile presentare l&#8217;atto di assenso firmato, l\u2019interessato dovr\u00e0 richiedere alla Rappresentanza o Tribunale di competenza una autorizzazione al rilascio del passaporto;.<\/li>\n<li><strong>Due fototessera recente a colori<\/strong> \u2013 sfondo bianco \u2013 standard ICAO 9303\/ISO 19794-5 \u2013 45mm x 35mm &#8211; ammesse ombre n\u00e9 occhiali a lenti scure, oppure altri oggetti estranei nella foto) le foto devono riportare il viso del bambino; per i minori di 6 mesi sono ammesse anche foto con occhi chiusi. <span style=\"text-decoration: underline;\"><strong>\u00c8 necessaria la presenza del minore.<\/strong><\/span><\/li>\n<li><strong>\u201cEmpadronamiento\u201d<\/strong> aggiornato e recente (il funzionario potr\u00e0 verificare l\u2019effettiva residenza richiedendo documentazione aggiuntiva)<\/li>\n<li><strong>Ricevuta di pagamento della tassa<\/strong> consolare (116,20 \u20ac) sul conto corrente del Banco Santander (importante: un versamento per ogni singola domanda) &#8211; intestatario del conto: CONSULADO GENERAL DE ITALIA EN BARCELONA &#8211; IBAN ES05-0049-4707-5026-1607-8401- Codice BIC\/SWIFT: BSCHESMMXXX (indicare nella causale cognome e nome del richiedente, ad esempio: Rossi Mario -Passaporto). Si ricorda che le tariffe consolari sono soggette a possibili variazioni <strong>Attenzione<\/strong>: Il versamento deve essere effettuato <span style=\"text-decoration: underline;\">almeno 5 (cinque) giorni lavorativi prima dell&#8217;appuntamento<\/span>. La ricevuta del versamento va presentata il giorno stesso dell\u2019appuntamento.<\/li>\n<li><strong>Originale e fotocopia passaporto italiano precedente<\/strong>, anche se scaduto (se non in possesso, di altro documento d&#8217;identit\u00e0);<\/li>\n<li><strong>Originale e fotocopia dei documenti d&#8217;identit\u00e0<\/strong> di entrambi i genitori (come specificato in calce al modulo di richiesta passaporto minori);<\/li>\n<li><strong>In caso di furto\/smarrimento del passaporto:<\/strong> copia denuncia resa alla Polizia spagnola\/altre Autorit\u00e0 di Polizia.<\/li>\n<\/ol>\n<p>Si ricorda che i termini del procedimento amministrativo hanno inizio il giorno della presentazione allo sportello della documentazione.<\/p>\n","protected":false},"excerpt":{"rendered":"[agg. 02\/03\/2026] Dal 2009 non \u00e8 pi\u00f9 possibile iscrivere i figli minori sul passaporto dei genitori. E&#8217; quindi necessario richiedere un passaporto individuale per il minore. Per informazioni su viaggi di minori non accompagnati dai genitori [cliccare qui]. Per poter rilasciare il passaporto ad un minore \u00e8 condizione imprescindibile che il relativo atto di nascita [&hellip;]","protected":false},"author":6,"featured_media":0,"parent":322,"menu_order":4,"comment_status":"closed","ping_status":"closed","template":"","meta":{"footnotes":""},"class_list":["post-423","page","type-page","status-publish","hentry"],"_links":{"self":[{"href":"https:\/\/consbarcellona.esteri.it\/it\/wp-json\/wp\/v2\/pages\/423","targetHints":{"allow":["GET"]}}],"collection":[{"href":"https:\/\/consbarcellona.esteri.it\/it\/wp-json\/wp\/v2\/pages"}],"about":[{"href":"https:\/\/consbarcellona.esteri.it\/it\/wp-json\/wp\/v2\/types\/page"}],"author":[{"embeddable":true,"href":"https:\/\/consbarcellona.esteri.it\/it\/wp-json\/wp\/v2\/users\/6"}],"replies":[{"embeddable":true,"href":"https:\/\/consbarcellona.esteri.it\/it\/wp-json\/wp\/v2\/comments?post=423"}],"version-history":[{"count":6,"href":"https:\/\/consbarcellona.esteri.it\/it\/wp-json\/wp\/v2\/pages\/423\/revisions"}],"predecessor-version":[{"id":9980,"href":"https:\/\/consbarcellona.esteri.it\/it\/wp-json\/wp\/v2\/pages\/423\/revisions\/9980"}],"up":[{"embeddable":true,"href":"https:\/\/consbarcellona.esteri.it\/it\/wp-json\/wp\/v2\/pages\/322"}],"wp:attachment":[{"href":"https:\/\/consbarcellona.esteri.it\/it\/wp-json\/wp\/v2\/media?parent=423"}],"curies":[{"name":"wp","href":"https:\/\/api.w.org\/{rel}","templated":true}]}}