{"id":399,"date":"2023-05-10T15:24:10","date_gmt":"2023-05-10T13:24:10","guid":{"rendered":"https:\/\/consbarcellona.esteri.it\/?page_id=399"},"modified":"2025-01-30T16:41:11","modified_gmt":"2025-01-30T15:41:11","slug":"cambio-residenza","status":"publish","type":"page","link":"https:\/\/consbarcellona.esteri.it\/it\/servizi-consolari-e-visti\/servizi-per-il-cittadino-italiano\/anagrafe-italiani-residenti-allestero-a-i-r-e\/cambio-residenza\/","title":{"rendered":"Cambio residenza"},"content":{"rendered":"<p><strong>Variazione della residenza all\u2019interno della nostra circoscrizione consolare<br \/>\n<\/strong><br \/>\nIl cittadino pu\u00f2 comodamente comunicare il nuovo indirizzo utilizzando il portale Fast It. In questo caso \u00e8 necessario allegare:<\/p>\n<ul>\n<li style=\"list-style-type: none;\">\n<ul>\n<li>la copia di un documento di identit\u00e1, (se lo si possiede, italiano) in corso di validit\u00e0 di tutte le persone coinvolte nel cambio di residenza;<\/li>\n<li>il modulo di richiesta generato dal portale e firmato a mano con firma autografa o con firma digitale certificata o non firmato se l\u2019acesso \u00e8 stato effettuato con SPID;<\/li>\n<li>una prova di residenza a nome di tutti gli iscritti A.I.R.E. coinvolti nello stesso cambio d\u2019indirizzo. Si ricorda che la prova di residenza deve essere recente, generata al massimo 3 mesi dalla data di presentazione;<\/li>\n<li><em>in caso di <span style=\"text-decoration: underline;\">presenza di figli minori non conviventi con l&#8217;altro genitore<\/span>, l&#8217;assenso di quest&#8217;ultimo alla variazione di residenza<\/em>. (vedasi la <a href=\"https:\/\/consbarcellona.esteri.it\/it\/servizi-consolari-e-visti\/servizi-per-il-cittadino-italiano\/anagrafe-italiani-residenti-allestero-a-i-r-e\/richiedere-iscrizione-alla-i-r-e\/\" target=\"_blank\" rel=\"noopener\">relativa sezione nella pagina web<\/a>)<\/li>\n<\/ul>\n<\/li>\n<\/ul>\n<p>Le prove di residenza ammesse sono:<\/p>\n<ul>\n<li style=\"list-style-type: none;\">\n<ul>\n<li>fatture relative ad utenze acqua, luce, gas o telefono\/internet;<\/li>\n<li>copia del certificato rilasciato dal \u201cRegistro Central de Ciudadanos de la Uni\u00f3n Europea\u201d (NIE verde);<\/li>\n<li>contratto d\u2019affitto intestato all\u2019interessato, firmato da tutte le parti e con numero di riferimento catastale;<\/li>\n<li>contratto di lavoro intestato all\u2019interessato, dal quale si desuma l\u2019indirizzo di residenza;<\/li>\n<li>immatricolazione al corso di studi, dalla quale si desuma l\u2019indirizzo di residenza;<\/li>\n<li>certificato di \u201cempadronamiento\u201d recente, preferibilmente <span style=\"text-decoration: underline;\">corredato con il relativo NIE verde<\/span>,\u00a0<em>obbligatorio in caso di iscrizioni di nuclei familiari<\/em>.<\/li>\n<\/ul>\n<\/li>\n<\/ul>\n<p><strong>Trasferimento ad un altro paese o altra circoscrizione consolare<br \/>\n<\/strong><br \/>\nSe il cittadino si trasferisce fuori dalla circoscrizione consolare del Consolato Generale di Barcellona, dovr\u00e0 comunicarlo alla nuova sede competente. Si consiglia in ogni caso di consultare il sito web della nuova sede competente per tutte le informazioni e i requisiti necessari per l\u2019iscrizione in quella sede.<\/p>\n<p><strong>Rientro\/rimpatrio in Italia<br \/>\n<\/strong><br \/>\nSe il cittadino decide di tornare\/andare a vivere in Italia, deve prendere residenza nel Comune italiano corrispondente. Sar\u00e0 cura di detto Comune informare questo Consolato Generale dell\u2019avvenuto trasferimento, ai fini della cancellazione del nominativo dal nostro schedario e dal registro A.I.R.E., poich\u00e9 infatti il cittadino interessato torner\u00e0\/entrer\u00e0 a far parte dell\u2019Anagrafe della Popolazione Residente (A.P.R.). Tuttavia, il cittadino pu\u00f2 comunicarci il suo trasferimento in Italia, anche prima dell\u2019effettiva residenza nel paese, tramite mail scrivendo a <a href=\"mailto:barcellona.info@esteri.it\">barcellona.info@esteri.it<\/a>.<\/p>\n<p><strong>ASON (ASSOCIAZIONE ONLINE)<\/strong><br \/>\nI cittadini che si sono iscritti all\u2019A.I.R.E. prima dell\u2019introduzione del Fast It e che non hanno ancora utlizzato i servizi consolari online, dovranno passare per un\u2019altra procedura, chiamata ASON, che richiede il caricamento di un documento d\u2019identit\u00e0 possibilmente italiano. Questa procedura serve per associare il loro documento d\u2019identit\u00e0 al nuovo profilo online. Verr\u00e0 loro richiesta quando si iscriveranno al portale per la prima volta, e sar\u00e0 evasa nel minor tempo possibile. I cittadini possono comunque avvisare della necessit\u00e0 che la loro pratica ASON sia evasa scrivendo a <a href=\"mailto:segreter.barcellona@esteri.it\">segreter.barcellona@esteri.it<\/a> o a <a href=\"mailto:barcellona.info@esteri.it\">barcellona.info@esteri.it<\/a>L\u2019ASON consente inoltre agli utenti gi\u00e0 registrati la visualizzazione in ogni momento della propia scheda anagrafica consolare, compreso il proprio indirizzo di residenza. Si specifica, per\u00f2, che il servizio consiste in una semplice visualizzazione dei propri dati e non comporta nessuna variazione o richiesta d\u2019iscrizione all\u2019A.I.R.E.<\/p>\n","protected":false},"excerpt":{"rendered":"Variazione della residenza all\u2019interno della nostra circoscrizione consolare Il cittadino pu\u00f2 comodamente comunicare il nuovo indirizzo utilizzando il portale Fast It. In questo caso \u00e8 necessario allegare: la copia di un documento di identit\u00e1, (se lo si possiede, italiano) in corso di validit\u00e0 di tutte le persone coinvolte nel cambio di residenza; il modulo di [&hellip;]","protected":false},"author":6,"featured_media":0,"parent":307,"menu_order":0,"comment_status":"closed","ping_status":"closed","template":"","meta":{"footnotes":""},"class_list":["post-399","page","type-page","status-publish","hentry"],"_links":{"self":[{"href":"https:\/\/consbarcellona.esteri.it\/it\/wp-json\/wp\/v2\/pages\/399","targetHints":{"allow":["GET"]}}],"collection":[{"href":"https:\/\/consbarcellona.esteri.it\/it\/wp-json\/wp\/v2\/pages"}],"about":[{"href":"https:\/\/consbarcellona.esteri.it\/it\/wp-json\/wp\/v2\/types\/page"}],"author":[{"embeddable":true,"href":"https:\/\/consbarcellona.esteri.it\/it\/wp-json\/wp\/v2\/users\/6"}],"replies":[{"embeddable":true,"href":"https:\/\/consbarcellona.esteri.it\/it\/wp-json\/wp\/v2\/comments?post=399"}],"version-history":[{"count":7,"href":"https:\/\/consbarcellona.esteri.it\/it\/wp-json\/wp\/v2\/pages\/399\/revisions"}],"predecessor-version":[{"id":6938,"href":"https:\/\/consbarcellona.esteri.it\/it\/wp-json\/wp\/v2\/pages\/399\/revisions\/6938"}],"up":[{"embeddable":true,"href":"https:\/\/consbarcellona.esteri.it\/it\/wp-json\/wp\/v2\/pages\/307"}],"wp:attachment":[{"href":"https:\/\/consbarcellona.esteri.it\/it\/wp-json\/wp\/v2\/media?parent=399"}],"curies":[{"name":"wp","href":"https:\/\/api.w.org\/{rel}","templated":true}]}}