{"id":392,"date":"2023-05-10T14:46:35","date_gmt":"2023-05-10T12:46:35","guid":{"rendered":"https:\/\/consbarcellona.esteri.it\/?page_id=392"},"modified":"2025-12-31T11:05:34","modified_gmt":"2025-12-31T10:05:34","slug":"richiedere-iscrizione-alla-i-r-e","status":"publish","type":"page","link":"https:\/\/consbarcellona.esteri.it\/it\/servizi-consolari-e-visti\/servizi-per-il-cittadino-italiano\/anagrafe-italiani-residenti-allestero-a-i-r-e\/richiedere-iscrizione-alla-i-r-e\/","title":{"rendered":"Richiedere iscrizione all&#8217;A.I.R.E."},"content":{"rendered":"<p><strong>L&#8217;iscrizione all\u2019AIRE si richiede mediante il portale dei servizi consolari online<\/strong> <a href=\"https:\/\/serviziconsolari.esteri.it\/home\"><em>Fast It<\/em><\/a>.<\/p>\n<p>Documentazione necessaria:<\/p>\n<ol>\n<li style=\"list-style-type: none;\">\n<ol>\n<li><strong>Modulo di richiesta<\/strong> generato da FastIt e firmato dal richiedente a mano con firma autografa, con firma digitale spagnola rilasciata dalle competenti Autorit\u00e0 o eventualmente senza firma se l\u2019accesso \u00e8 stato effettuato con SPID. In caso di pi\u00f9 cittadini italiani maggiorenni richiedenti iscrizione tramite la stessa richiesta online, il <strong>modulo andr\u00e0 firmato da ognuno di essi<\/strong> secondo le modalit\u00e0 di cui sopra, eventualmente anche apponendo nome e firma a fine modulo. <strong>In caso di firma con SPID<\/strong> per italiani nati all&#8217;estero sara&#8217; comunque necessario allegare un documento di identita&#8217; italiano.<\/li>\n<li><strong>Copia di un documento d\u2019identit\u00e0<\/strong> italiano del richiedente (passaporto con pagina della firma del titolare o carta d\u2019identit\u00e0 <strong>fronte e retro<\/strong>). Nel caso venga richiesta l\u2019iscrizione di altri componenti del nucleo familiare all\u2019estero, residenti nella stessa abitazione, occorrer\u00e0 allegare anche la <strong>copia del documento di ognuno di essi<\/strong>. I cittadini sprovvisti di documento d\u2019identit\u00e0 italiano devono allegare un documento d\u2019identit\u00e0 straniero in vigore.I cittadini muniti di un documento d\u2019identit\u00e0 italiano scaduto devono allegare il documento italiano scaduto e un documento straniero in vigore. Inoltre, cittadini nati all\u2019estero possono allegare anche una copia dell\u2019atto di nascita, i cui estremi sono necessari per finalizzare l\u2019iscrizione. I cittadini che hanno subito il furto\/smarrimento del proprio documento d\u2019identit\u00e0 possono allegare copia della denuncia fatta dinanzi alle Autorit\u00e0 di Polizia locali. Si segnala che il NIE non \u00e8 un documento di identit\u00e0.<\/li>\n<li><strong>Prova di residenza. \u00c8 necessario allegare<\/strong> documentazione recente (riferita agli ultimi tre mesi antecedenti la data di presentazione della richiesta d\u2019iscrizione) comprovante la residenza attuale nella circoscrizione consolare di questo Consolato Generale. Nel caso di richiesta di iscrizione AIRE di un nucleo familiare, come prova di residenza va presentato il certificato di \u201cempadronamiento familiar\u201d aggiornato.<\/li>\n<\/ol>\n<\/li>\n<\/ol>\n<p><strong><u>L\u2019indirizzo nella prova di residenza dovr\u00e1 essere uguale a quello dichiarato nel formulario di cui al punto 1.<\/u> <\/strong><\/p>\n<p>Le prove di residenza ammesse sono:<\/p>\n<ul>\n<li>fatture relative ad utenze acqua, luce, gas o telefono\/internet;<\/li>\n<li>copia del certificato rilasciato dal \u201cRegistro Central de Ciudadanos de la Uni\u00f3n Europea\u201d (NIE verde);<\/li>\n<li>contratto d\u2019affitto intestato all\u2019interessato, firmato da tutte le parti e con numero di riferimento catastale;<\/li>\n<li>contratto di lavoro intestato all\u2019interessato, dal quale si desuma l&#8217;indirizzo di residenza;<\/li>\n<li>immatricolazione al corso di studi, dalla quale si desuma l&#8217;indirizzo di residenza;<\/li>\n<li>certificato di \u201cempadronamiento\u201d recente, preferibilmente <span style=\"text-decoration: underline;\">corredato con il relativo NIE verde<\/span>, <em>obbligatorio in caso di iscrizioni di nuclei familiari<\/em>.<\/li>\n<\/ul>\n<p><strong>ATTENZIONE<\/strong>: La prova di residenza deve recare nell\u2019intestazione il nome e l\u2019indirizzo degli interessati. Documenti bancari, comprese le ricevute bancarie delle utenze sopracitate, non sono considerati una prova di residenza valida. Si ricorda anche che le autocertificazioni NON vengono accettate come prova di residenza per la richiesta di iscrizione A.I.R.E. (D.L. 223\/2012).<\/p>\n<p>Informazioni aggiuntive relative <strong>all\u2019iscrizione AIRE di minorenni<\/strong><\/p>\n<ol>\n<li><strong>Iscrizione A.I.R.E. di un minore convivente con entrambi i genitori<br \/>\n<\/strong>Le modalit\u00e1 di presentazione della domanda di iscrizione AIRE sono uguali a quelle menzionate sopra. Sar\u00e0 obbligatorio caricare: i documenti d\u2019identit\u00e0 di tutto il nucleo familiare, le prove di residenza di tutto il nucleo familiare e un solo modulo di richiesta per tutta la famiglia con le firme di entrambi i genitori.<\/li>\n<li><strong>Iscrizione A.I.R.E. di un minore convivente con un solo genitore<br \/>\n<\/strong>Per l\u2019iscrizione AIRE di un minorenne convivente con un solo genitore \u00e8 necessario l\u2019assenso del genitore non convivente. Per tale motivo <strong>NON<\/strong> andr\u00e1 allegato il modulo di richiesta iscrizione generato automaticamente dal sistema FAST IT, ma il modulo di richiesta scaricabile in questa sezione (<a href=\"https:\/\/consbarcellona.esteri.it\/wp-content\/uploads\/2024\/02\/71990_f_cons57moduloiscrizione_ok.pdf\"><em>CLICCA QUI <\/em><\/a>per il modulo) debitamente compilato e firmato da entrambi i genitori, specialmente per quanto riguarda l\u2019assenso del genitore non convivente (ultima pagina). Su Fast-it andr\u00e0 allegata copia del documento d\u2019identit\u00e0 anche del genitore non convivente. In difetto dell\u2019espressione di volont\u00e0 di entrambi i genitori, la domanda dovr\u00e0 essere comunque integrata con il foglio consenso non firmato e con le spiegazioni del mancato consenso. Il consenso deve essere attuale, ossia riferito a non pi\u00f9 di 6 mesi dalla firma.Qualora l\u2019interessato non possa fornire il consenso dell\u2019altro genitore, ad esempio per morte dell\u2019altro genitore o per provvedimento giurisdizionale interdittivo della sua genitorialit\u00e0 o perch\u00e9 il minore \u00e8 stato riconosciuto da un solo genitore, dovr\u00e0 fornire evidenza documentale della situazione dichiarata. Qualora l\u2019interessato dichiari invece la semplice impossibilit\u00e0 di ottenere il consenso dell\u2019altro genitore, ad esempio, nel caso di irreperibilit\u00e0 dello stesso, dovr\u00e0 fornire le ultime coordinate conosciute dove risulta potenzialmente rintracciabile, intendendo come tali non solo l\u2019indirizzo, ma anche eventuali contatti telefonici o di posta elettronica.<\/li>\n<\/ol>\n<p><strong>Iscrizione A.I.R.E. di un figlio minorenne\/neonato<br \/>\n<\/strong>Se un neonato nasce in Spagna e risieder\u00e0 all\u2019estero con entrambi i genitori o con un solo genitore, straniero o italiano, l\u2019iscrizione A.I.R.E. del neonato verr\u00e0 effettuata automaticamente con la richiesta di trascrizione della nascita senza necessit\u00e0 di presentare una iscrizione A.I.R.E.; basta solo la richiesta di trascrizione nascita.<br \/>\nPer maggiori informazioni sulla trascrizione dell\u2019atto di nascita, si prega di consultare l\u2019apposita voce all\u2019interno della sezione \u201cStato civile\u201d su questo sito.<\/p>\n<p><strong>Iscrizione di un figlio minorenne\/neonato il cui atto di nascita \u00e9 stato trascritto direttamente in Italia<\/strong><\/p>\n<p>Nel caso di una richiesta di iscrizione AIRE di un minorenne\/neonato nato all\u2019estero, il cui atto di nascita sia stato trascritto direttamente presso il comune in Italia, i genitori \u2013 gia iscritto\/i in AIRE \u2013 dovranno compilare il<a href=\"https:\/\/consbarcellona.esteri.it\/wp-content\/uploads\/2024\/04\/Iscrizione-AIRE-minorenni_2024.pdf\"> <em>formulario allegato<\/em><\/a>, e inviarlo per posta all\u2019indirizzo del Consolato accompagnato dall\u2019estratto di nascita, da una prova di residenza e documenti di identit\u00e0 di tutto il nucleo familiare<\/p>\n<p><strong>Informazioni sul procedimento<\/strong><\/p>\n<p>Si ricorda il termine di legge per la lavorazione delle pratiche d\u2019iscrizione\/aggiornamento AIRE da parte del Consolato \u00e8 di 180 giorni a partire dalla presentazione della domanda completa di tutti i documenti necessari. Qualora la domanda risulti incompleta, la richiesta di documenti integrativi e di eventuali ulteriori informazioni verr\u00e0 effettuata direttamente agli interessati, sul medesimo portale Fast It, interrompendo cos\u00ec i termini suddetti. Si raccomanda pertanto di monitorare la sezione relativa alle comunicazioni disponibili sul citato portale Fast It. Si segnala che \u00e9 necesario rispondere ad eventuali richieste di integrazioni entro 30 giorni altrimenti la pratica scadr\u00e1 e sar\u00e1 necesario presentarne una nuova.<\/p>\n<p><span style=\"text-decoration: underline;\"><strong>TUTORIAL su come modificare una richiesta di iscrizione AIRE<\/strong><\/span><\/p>\n<p>Si pubblica di seguito una guida su come modificare o integrare la domanda di iscrizione AIRE qualora l&#8217;utente riceva una richiesta di integrazioni da parte dell&#8217;ufficio consolare. (<a href=\"https:\/\/consbarcellona.esteri.it\/wp-content\/uploads\/2024\/05\/Guida-modifica-domanda.pdf\"><em>Clicca su link<\/em><\/a>)<\/p>\n<p>Una volta effettuati i controlli da parte dell\u2019Ufficio consolare, l\u2019utente potr\u00e0 visualizzare sul portale Fast It l\u2019avvenuta trasmissione al Comune italiano di riferimento, a conclusione della fase di competenza consolare. Infatti la legge 27 ottobre 1988, n. 470, istituendo l\u2019Anagrafe degli Italiani Residenti all\u2019Estero (A.I.R.E.) ha lasciato ai Comuni italiani la titolarit\u00e0 delle funzioni anagrafiche. La conclusione dell\u2019intero procedimento verr\u00e0 comunicata direttamente agli interessati da parte del Comune italiano d\u2019iscrizione.<\/p>\n<p><strong>ATTENZIONE<\/strong>: Una volta che lo stato della pratica sul portale risulta come \u201cTrasmessa al Comune\u201d, si considera concluso positivamente il lavoro di questo Consolato Generale. Tuttavia, finch\u00e9 il Comune non conferma l\u2019iscrizione direttamente all\u2019interessato\/a, non ci si pu\u00f2 considerare correttamente iscritti all\u2019A.I.R.E. Pertanto se, la propria pratica \u00e8 nello stato \u201cTrasmessa al Comune\u201d e si necessitano chiarimenti sull\u2019effettiva iscrizione AIRE si invita a contattare direttamente il comune. L\u2019aggiornamento anagrafico da parte del Comune pu\u00f2 richiedere periodi di tempo variabili e, una volta effettuato, l\u2019iscrizione AIRE decorrer\u00e0 dalla data di presentazione all\u2019Ufficio consolare della domanda completa.<\/p>\n<p><strong>FAST-IT: CONSIGLI UTILI PER RICHIEDERE L\u2019ISCRIZIONE A.I.R.E.<\/strong><\/p>\n<p>Prima di avviare la procedura online, si consiglia di assicurarsi di disporre di stampante e scanner. Si consiglia altres\u00ec di effettuare la procedura con un computer o tablet e non con un cellulare.<\/p>\n<ul>\n<li>Quando si \u00e8 in possesso dei tre documenti richiesti (formulario firmato, documenti identificativi e prova di residenza \u2013 dimensioni massime 1 MB, formato PDF o JPG) bisogna tornare sulla pagina della richiesta per concludere la pratica; se non si caricano i tre file non compare il tasto \u201cInviare la richiesta\u201d.<\/li>\n<li>Si ricorda che \u00e8 possibile caricare pi\u00f9 di un foglio per ogni file richiesto.<\/li>\n<li>Se si usa un traduttore automatico, \u00e8 possibile che il portale non funzioni correttamente.<\/li>\n<li>\u00c8 importante indicare correttamente la propria email in quanto le comunicazioni vengono effettuate via email sull\u2019indirizzo di FAST IT registrato. Si ricorda di controllare anche la casella \u201cspam\u201d per non perdere nessuna comunicazione.<\/li>\n<\/ul>\n<p><span style=\"text-decoration: underline;\"><strong>DOMANDA INCOMPLETA:<\/strong><\/span> qualora la domanda risulti incompleta verr\u00e0 segnalata e l\u2019interessato ricever\u00e0 una mail d\u2019avviso\/richiesta d&#8217;integrazione che rinvia al portale. I motivi della segnalazione verrano indicati nel messaggio visualizzabile dal portale.<\/p>\n<p>I messaggi del portale FAST IT sono unidirezionali e servono unicamente a notificare eventuali richieste di integrazioni o rigetti. Non si dar\u00e0 risposta ad eventuali conversazioni avviate tramite il portale FAST IT.<\/p>\n<p>Se l\u2019utente ha gi\u00e0 aperto un\u2019utenza FAST-IT presso un altro ufficio consolare, prima di iniziare la richiesta pu\u00f2 contattare la sede precedente e richiedere la dissociazione del proprio profilo online dal loro schedario, oppure pu\u00f2 comunicare la variazione di sede direttamente sul portale tramite la procedura di \u201cCambio indirizzo\u201d, oppure deve cancellare la propria utenza nella sede precedente e poi creare un nuovo account FAST-IT presso la sede \u201cConsolato Generale d\u2019Italia a Barcellona\u201d.<\/p>\n","protected":false},"excerpt":{"rendered":"L&#8217;iscrizione all\u2019AIRE si richiede mediante il portale dei servizi consolari online Fast It. Documentazione necessaria: Modulo di richiesta generato da FastIt e firmato dal richiedente a mano con firma autografa, con firma digitale spagnola rilasciata dalle competenti Autorit\u00e0 o eventualmente senza firma se l\u2019accesso \u00e8 stato effettuato con SPID. In caso di pi\u00f9 cittadini italiani [&hellip;]","protected":false},"author":6,"featured_media":0,"parent":307,"menu_order":0,"comment_status":"closed","ping_status":"closed","template":"","meta":{"footnotes":""},"class_list":["post-392","page","type-page","status-publish","hentry"],"_links":{"self":[{"href":"https:\/\/consbarcellona.esteri.it\/it\/wp-json\/wp\/v2\/pages\/392","targetHints":{"allow":["GET"]}}],"collection":[{"href":"https:\/\/consbarcellona.esteri.it\/it\/wp-json\/wp\/v2\/pages"}],"about":[{"href":"https:\/\/consbarcellona.esteri.it\/it\/wp-json\/wp\/v2\/types\/page"}],"author":[{"embeddable":true,"href":"https:\/\/consbarcellona.esteri.it\/it\/wp-json\/wp\/v2\/users\/6"}],"replies":[{"embeddable":true,"href":"https:\/\/consbarcellona.esteri.it\/it\/wp-json\/wp\/v2\/comments?post=392"}],"version-history":[{"count":8,"href":"https:\/\/consbarcellona.esteri.it\/it\/wp-json\/wp\/v2\/pages\/392\/revisions"}],"predecessor-version":[{"id":9482,"href":"https:\/\/consbarcellona.esteri.it\/it\/wp-json\/wp\/v2\/pages\/392\/revisions\/9482"}],"up":[{"embeddable":true,"href":"https:\/\/consbarcellona.esteri.it\/it\/wp-json\/wp\/v2\/pages\/307"}],"wp:attachment":[{"href":"https:\/\/consbarcellona.esteri.it\/it\/wp-json\/wp\/v2\/media?parent=392"}],"curies":[{"name":"wp","href":"https:\/\/api.w.org\/{rel}","templated":true}]}}