{"id":34,"date":"2023-04-03T19:15:16","date_gmt":"2023-04-03T17:15:16","guid":{"rendered":"https:\/\/consolatozurigo.esteri.it\/?page_id=34"},"modified":"2025-04-16T16:57:11","modified_gmt":"2025-04-16T14:57:11","slug":"il-console-generale","status":"publish","type":"page","link":"https:\/\/consbarcellona.esteri.it\/it\/chi-siamo\/il-console-generale\/","title":{"rendered":"Il Console Generale"},"content":{"rendered":"<p>Care e cari Connazionali,<\/p>\n<p>da poco ho assunto l\u2019incarico di Console Generale d\u2019Italia a Barcellona e mi rivolgo a tutti Voi innanzi tutto per trasmettere il mio convinto intendimento ed assoluto impegno a proseguire gli sforzi per rendere i nostri servizi sempre pi\u00f9 vicini alle Vostre esigenze.<\/p>\n<p>La Collettivit\u00e0 italiana residente in questa circoscrizione consolare, che oramai supera le 150 mila presenze, e, soprattutto, le sue comprensibili aspettative di servizi sempre pi\u00f9 efficienti e trasparenti saranno, ogni giorno della mia missione, al centro dell\u2019attenzione mia personale e dell\u2019intero Consolato Generale che ho l\u2019onore di dirigere. E\u2019 infatti mia intima convinzione che ad una Comunit\u00e0 italiana cos\u00ec dinamica ed integrata debba corrispondere un Consolato Generale capace di intercettare le sue necessit\u00e0 e tradurle in risposte funzionali ed adeguate.<\/p>\n<p>Ulteriore obiettivo della mia missione sar\u00e0 quello di continuare a garantire la massima assistenza all\u2019ingente numero di turisti italiani che annualmente visitano la circoscrizione.<\/p>\n<p>Il medesimo impegno sar\u00e0 da me assicurato anche in favore di tutti gli attori del Sistema Italia presenti, con l\u2019obiettivo di promuovere, tutelare e rafforzare, in sinergia con essi, gli interessi degli italiani in questo fantastico territorio che ci ospita.<\/p>\n<p>Visto l\u2019approssimarsi della Pasqua, Vi rivolgo un mio sincero augurio di poter trascorrere queste Festivit\u00e0 in pace e serenit\u00e0, assieme ai Vostri affetti pi\u00f9 cari.<\/p>\n<p>&nbsp;<\/p>\n<p>Gabriele Luca Fava<\/p>\n<p>Console Generale<\/p>\n<p>&nbsp;<\/p>\n","protected":false},"excerpt":{"rendered":"Care e cari Connazionali, da poco ho assunto l\u2019incarico di Console Generale d\u2019Italia a Barcellona e mi rivolgo a tutti Voi innanzi tutto per trasmettere il mio convinto intendimento ed assoluto impegno a proseguire gli sforzi per rendere i nostri servizi sempre pi\u00f9 vicini alle Vostre esigenze. La Collettivit\u00e0 italiana residente in questa circoscrizione consolare, [&hellip;]","protected":false},"author":1,"featured_media":0,"parent":13,"menu_order":0,"comment_status":"closed","ping_status":"closed","template":"","meta":{"footnotes":""},"class_list":["post-34","page","type-page","status-publish","hentry"],"_links":{"self":[{"href":"https:\/\/consbarcellona.esteri.it\/it\/wp-json\/wp\/v2\/pages\/34","targetHints":{"allow":["GET"]}}],"collection":[{"href":"https:\/\/consbarcellona.esteri.it\/it\/wp-json\/wp\/v2\/pages"}],"about":[{"href":"https:\/\/consbarcellona.esteri.it\/it\/wp-json\/wp\/v2\/types\/page"}],"author":[{"embeddable":true,"href":"https:\/\/consbarcellona.esteri.it\/it\/wp-json\/wp\/v2\/users\/1"}],"replies":[{"embeddable":true,"href":"https:\/\/consbarcellona.esteri.it\/it\/wp-json\/wp\/v2\/comments?post=34"}],"version-history":[{"count":6,"href":"https:\/\/consbarcellona.esteri.it\/it\/wp-json\/wp\/v2\/pages\/34\/revisions"}],"predecessor-version":[{"id":7666,"href":"https:\/\/consbarcellona.esteri.it\/it\/wp-json\/wp\/v2\/pages\/34\/revisions\/7666"}],"up":[{"embeddable":true,"href":"https:\/\/consbarcellona.esteri.it\/it\/wp-json\/wp\/v2\/pages\/13"}],"wp:attachment":[{"href":"https:\/\/consbarcellona.esteri.it\/it\/wp-json\/wp\/v2\/media?parent=34"}],"curies":[{"name":"wp","href":"https:\/\/api.w.org\/{rel}","templated":true}]}}