{"id":339,"date":"2023-05-09T15:04:45","date_gmt":"2023-05-09T13:04:45","guid":{"rendered":"https:\/\/consbarcellona.esteri.it\/?page_id=339"},"modified":"2026-03-24T15:31:59","modified_gmt":"2026-03-24T14:31:59","slug":"carta-didentita-elettronica-cie","status":"publish","type":"page","link":"https:\/\/consbarcellona.esteri.it\/it\/servizi-consolari-e-visti\/servizi-per-il-cittadino-italiano\/documenti-di-viaggio-passaporti-cie-etd-ecc\/carta-didentita-elettronica-cie\/","title":{"rendered":"Carta d&#8217;Identit\u00e0 Elettronica \u2013 CIE"},"content":{"rendered":"<p style=\"text-align: left;\"><a href=\"https:\/\/consbarcellona.esteri.it\/it\/news\/dal_consolato\/2026\/01\/aggiornamento-sulla-campagna-per-il-rilascio-della-carta-didentita-elettronica\/\"><span style=\"text-decoration: underline;\"><strong>*** Iniziativa speciale: Sostituzione Carta Identit\u00e0 Cartacea con CIE\u00a0***<\/strong><\/span><\/a><\/p>\n<p>&nbsp;<\/p>\n<p><strong>INFORMAZIONI GENERALI<\/strong><\/p>\n<p>La <strong>carta d\u2019identit\u00e0<\/strong> \u00e8 un documento di riconoscimento e di viaggio valido per poter risiedere e spostarsi nei paesi dell\u2019Unione Europea (e in altri Stati con cui sono in vigore specifici accordi). Prima di intraprendere un viaggio si raccomanda una attenta consultazione del sito web www.viaggiaresicuri.it.<\/p>\n<p>La carta d\u2019identit\u00e0 \u00e8 oggi rilasciata solo in formato elettronico. A causa dell\u2019elevato numero di richieste si invitano gli interessati a presentare la domanda con congruo anticipo; si evidenzia al riguardo che \u00e8 possibile fare richiesta di una nuova CIE a partire da sei mesi prima della scadenza della precedente carta d\u2019identit\u00e0. <strong>Il documento <span style=\"text-decoration: underline;\">non<\/span> \u00e8 rilasciato a vista il giorno dell\u2019appuntamento:<\/strong> la CIE \u00e8 infatti prodotta dall\u2019Istituto Poligrafico e Zecca dello Stato e successivamente spedita, a mezzo posta a carico di Poste Italiane, all\u2019indirizzo di residenza (o recapito) indicato dal richiedente (vedi di seguito la sezione dedicata alla \u201cmodalit\u00e0 di richiesta\u201d).<\/p>\n<p><strong>REQUISITI PER IL RILASCIO DEL DOCUMENTO<\/strong><\/p>\n<ul>\n<li>La nuova Carta d&#8217;Identit\u00e0 Elettronica (CIE) potr\u00e0 essere rilasciata da questo Consolato Generale esclusivamente ai cittadini italiani regolarmente residenti nella circoscrizione consolare di Barcellona, che siano gi\u00e0 registrati nello schedario consolare A.I.R.E. (Anagrafe degli Italiani Residenti all\u2019Estero) e il cui Comune abbia provveduto a registrare conformemente i dati anagrafici. L\u2019iscrizione all\u2019A.I.R.E. deve essere effettuata unicamente attraverso il portale Fast It, tramite una procedura che dunque non richiede all\u2019utente di recarsi in Consolato. Per maggiori informazioni sull&#8217;iscrizione all&#8217;A.I.R.E. [<a href=\"https:\/\/consbarcellona.esteri.it\/it\/servizi-consolari-e-visti\/servizi-per-il-cittadino-italiano\/anagrafe-italiani-residenti-allestero-a-i-r-e\/\" target=\"_blank\" rel=\"noopener\">cliccare qui<\/a>]<\/li>\n<li>Per i cittadini italiani nati all\u2019Estero, \u00e8 necessario che il relativo atto di nascita risulti gi\u00e0 trascritto nei registri di Stato Civile del Comune di riferimento; per maggiori informazioni sulla trascrizione dell&#8217;atto di nascita [<a href=\"https:\/\/consbarcellona.esteri.it\/it\/servizi-consolari-e-visti\/servizi-per-il-cittadino-italiano\/informazione-generale-stato-civile\/nascita\/\" target=\"_blank\" rel=\"noopener\">cliccare qui<\/a>].<\/li>\n<li>\u00c8 opportuno che ciascun richiedente la carta d\u2019identit\u00e0 abbia una situazione di stato civile aggiornata presso l\u2019Autorit\u00e0 italiana. A tal fine, gli atti relativi ad eventi (di matrimonio, nascita figli, divorzio, ecc.) non avvenuti in Italia dovranno essere gi\u00e0 stati presentati all&#8217;Ufficio Consolare o al comune di competenza. Vedere la sezione di Stato Civile [<a href=\"https:\/\/consbarcellona.esteri.it\/it\/servizi-consolari-e-visti\/servizi-per-il-cittadino-italiano\/informazione-generale-stato-civile\/\" target=\"_blank\" rel=\"noopener\">cliccare qui<\/a>].<\/li>\n<li>Il Codice fiscale non \u00e8 piu\u2019 necessario per richiedere un appuntamento finalizzato al rilascio della CIE. Il codice fiscale verr\u00e0 generato dal sistema automaticamente allo sportello in occasione dell\u2019appuntamento.<\/li>\n<\/ul>\n<p><strong>MODALIT\u00c0 DI PRESENTAZIONE DELLA DOMANDA CIE<\/strong><\/p>\n<p><strong>Il Consolato Generale non riconosce, sponsorizza o suggerisce metodi di prenotazione di appuntamenti alternativi a quelli indicati sulla pagina web.<\/strong><\/p>\n<p><strong>Non saranno accettate richieste di appuntamento pervenute per posta, e-mail, burofax o a mano.<\/strong><\/p>\n<ol>\n<li>La richiesta della carta d\u2019identit\u00e0 elettronica deve essere presentata utilizzando esclusivamente la piattaforma <a href=\"https:\/\/prenotami.esteri.it\/\"><em>Prenot@mi<\/em><\/a>\u00a0 \u00a0 <strong>ATTENZIONE<\/strong>: nel caso in cui, a seguito di verifiche, non fosse possibile procedere con la pratica di rilascio della CIE, non si potr\u00e0 dare alcun appuntamento. Il connazionale sar\u00e0 informato sulle motivazioni del rigetto e dovr\u00e0 ripetere la procedura sul <a href=\"https:\/\/prenotami.esteri.it\/\"><em>Prenot@mi<\/em><\/a> una volta regolarizzata la propria posizione in base a quanto comunicato dal Consolato Generale (si richiama pertanto l\u2019attenzione su tutti i requisiti richiesti nel formulario).<\/li>\n<li>I connazionali residenti nelle circoscrizioni degli Uffici Consolari Onorari potranno presentare presso tali uffici le richieste di C.I.E. riguardanti i minori di 12 anni, gia&#8217; in possesso di un precedente documento italiano (CIE o passaporto).<\/li>\n<\/ol>\n<p>Si ricorda che\u00a0<strong>i termini del procedimento amministrativo hanno inizio il giorno della presentazione allo sportello della documentazione<\/strong>.<\/p>\n<p><strong>DOCUMENTAZIONE DA PRESENTARE ALLO SPORTELLO IL GIORNO DELL\u2019APPUNTAMENTO<\/strong><\/p>\n<ul>\n<li><a href=\"https:\/\/consbarcellona.esteri.it\/it\/servizi-consolari-e-visti\/servizi-per-il-cittadino-italiano\/carta-didentita-elettronica-cie\/carta-didentita-per-adulto-senza-figli-minori\/\"><em>Carta d\u2019identit\u00e0 per maggiorenni<\/em><\/a><\/li>\n<li><a href=\"https:\/\/consbarcellona.esteri.it\/it\/servizi-consolari-e-visti\/servizi-per-il-cittadino-italiano\/carta-didentita-elettronica-cie\/carta-di-identita-per-i-minori-di-eta\/\"><em>Carta d\u2019identit\u00e0 per minori di anni 18<\/em><\/a><\/li>\n<\/ul>\n<p>Il giorno dell\u2019appuntamento, sar\u00e0 annullata la carta di identit\u00e0 cartacea o CIE in corso di validit\u00e0, anche se il richiedente non possiede altro documento di identit\u00e0. Si consiglia pertanto, qualora il richiedente non abbia altro documento di identit\u00e0 e di viaggio in corso di validit\u00e0 (si ricorda che la patente di guida permette di viaggiare esclusivamente in auto), di comunicarlo all\u2019operatore.<\/p>\n<p><strong>TARIFFE DELLA CARTA D&#8217;IDENTIT\u00c0 ELETTRONICA<\/strong><\/p>\n<p>L&#8217;importo della tariffa consolare deve essere versato sul conto corrente del Banco Santander (importante: un versamento per ogni singola domanda)<\/p>\n<p><strong>BANCO SANTANDER<\/strong><br \/>\n<strong>IBAN: ES05-0049-4707-5026-1607-8401<\/strong><br \/>\n<strong>BIC\/SWIFT : BSCHESMMXXX<\/strong> (indicare nella causale cognome e nome del richiedente, ad esempio: Rossi Mario &#8211; Carta d&#8217;identit\u00e0):<\/p>\n<ul>\n<li><strong>21,95<\/strong> \u20ac in caso di primo rilascio CIE o rinnovo CIE<\/li>\n<li><strong>27,11<\/strong> \u20ac complessivi, in caso di duplicato per furto\/smarrimento o deterioramento<\/li>\n<\/ul>\n<p>Per <strong>RILASCIO<\/strong> si intende la prima emissione della CIE.<br \/>\nPer <strong>RINNOVO<\/strong> si intende il rilascio di una nuova CIE in sostituzione della precedente CIC\/CIE scaduta.<br \/>\nPer <strong>DUPLICATO<\/strong> si intende unicamente il rilascio di una nuova CIE in sostituzione della precedente CIE.<\/p>\n<p><strong>Il pagamento della tariffa consolare per la CIE potra&#8217; essere effettuato tramite bonifico bancario o telematico (almeno 5 gg prima dell&#8217;appuntamento) oppure tramite versamento in contanti presso il &#8220;Banco Santander&#8221; come sopra indicato.<\/strong><\/p>\n<p>Per ulteriori informazioni ed approfondimenti, si suggerisce di cliccare al seguente link:<\/p>\n<p><a href=\"https:\/\/www.esteri.it\/mae\/it\/servizi\/italiani-all-estero\/documenti_di_viaggio\/carta_identita.html\"><em>Informazioni generali sul sito del Ministero degli Affari Esteri e della Cooperazione Internazionale<\/em><\/a><\/p>\n<p>&nbsp;<\/p>\n<p><a href=\"https:\/\/consbarcellona.esteri.it\/it\/news\/dal_consolato\/2026\/01\/aggiornamento-sulla-campagna-per-il-rilascio-della-carta-didentita-elettronica\/\"><span style=\"text-decoration: underline;\"><strong>*** Iniziativa speciale: Sostituzione Carta Identit\u00e0 Cartacea con CIE\u00a0***<\/strong><\/span><\/a><\/p>\n","protected":false},"excerpt":{"rendered":"*** Iniziativa speciale: Sostituzione Carta Identit\u00e0 Cartacea con CIE\u00a0*** &nbsp; INFORMAZIONI GENERALI La carta d\u2019identit\u00e0 \u00e8 un documento di riconoscimento e di viaggio valido per poter risiedere e spostarsi nei paesi dell\u2019Unione Europea (e in altri Stati con cui sono in vigore specifici accordi). Prima di intraprendere un viaggio si raccomanda una attenta consultazione del [&hellip;]","protected":false},"author":6,"featured_media":0,"parent":6542,"menu_order":2,"comment_status":"closed","ping_status":"closed","template":"","meta":{"footnotes":""},"class_list":["post-339","page","type-page","status-publish","hentry"],"_links":{"self":[{"href":"https:\/\/consbarcellona.esteri.it\/it\/wp-json\/wp\/v2\/pages\/339","targetHints":{"allow":["GET"]}}],"collection":[{"href":"https:\/\/consbarcellona.esteri.it\/it\/wp-json\/wp\/v2\/pages"}],"about":[{"href":"https:\/\/consbarcellona.esteri.it\/it\/wp-json\/wp\/v2\/types\/page"}],"author":[{"embeddable":true,"href":"https:\/\/consbarcellona.esteri.it\/it\/wp-json\/wp\/v2\/users\/6"}],"replies":[{"embeddable":true,"href":"https:\/\/consbarcellona.esteri.it\/it\/wp-json\/wp\/v2\/comments?post=339"}],"version-history":[{"count":8,"href":"https:\/\/consbarcellona.esteri.it\/it\/wp-json\/wp\/v2\/pages\/339\/revisions"}],"predecessor-version":[{"id":10217,"href":"https:\/\/consbarcellona.esteri.it\/it\/wp-json\/wp\/v2\/pages\/339\/revisions\/10217"}],"up":[{"embeddable":true,"href":"https:\/\/consbarcellona.esteri.it\/it\/wp-json\/wp\/v2\/pages\/6542"}],"wp:attachment":[{"href":"https:\/\/consbarcellona.esteri.it\/it\/wp-json\/wp\/v2\/media?parent=339"}],"curies":[{"name":"wp","href":"https:\/\/api.w.org\/{rel}","templated":true}]}}