{"id":322,"date":"2023-05-09T11:30:20","date_gmt":"2023-05-09T09:30:20","guid":{"rendered":"https:\/\/consbarcellona.esteri.it\/?page_id=322"},"modified":"2026-03-24T15:26:03","modified_gmt":"2026-03-24T14:26:03","slug":"informazione-generale-passaporti","status":"publish","type":"page","link":"https:\/\/consbarcellona.esteri.it\/it\/servizi-consolari-e-visti\/servizi-per-il-cittadino-italiano\/documenti-di-viaggio-passaporti-cie-etd-ecc\/informazione-generale-passaporti\/","title":{"rendered":"Passaporti"},"content":{"rendered":"<p style=\"text-align: right;\"><em>(agg. 24\/03\/2026)<\/em><\/p>\n<p><strong>Il Consolato Generale non riconosce, sponsorizza o suggerisce metodi di prenotazione di appuntamenti alternativi a quelli indicati sulla pagina web.<\/strong><\/p>\n<p><strong>Non saranno accettate richieste di appuntamento pervenute per posta, e-mail, burofax o a mano.<\/strong><\/p>\n<ul>\n<li><strong><a href=\"https:\/\/consbarcellona.esteri.it\/it\/servizi-consolari-e-visti\/servizi-per-il-cittadino-italiano\/documenti-di-viaggio-passaporti-cie-etd-ecc\/informazione-generale-passaporti\/residenti-a-barcellona-e-in-catalogna-e-principato-di-andorra\/\">Residenti in Catalogna, Ibiza e Formentera<\/a><\/strong><\/li>\n<li><strong><a href=\"https:\/\/consbarcellona.esteri.it\/it\/servizi-consolari-e-visti\/servizi-per-il-cittadino-italiano\/documenti-di-viaggio-passaporti-cie-etd-ecc\/informazione-generale-passaporti\/presentazione-della-domanda-presso-un-ufficio-onorario\/\">Residenti in altre Comunit\u00e0 Autonome (richiesta presso un Ufficio Consolare Onorario)<\/a><\/strong><\/li>\n<li><strong>Documentazione da presentare allo sportello:<\/strong>\n<ul>\n<li><strong><a href=\"https:\/\/consbarcellona.esteri.it\/it\/servizi-consolari-e-visti\/servizi-per-il-cittadino-italiano\/documenti-di-viaggio-passaporti-cie-etd-ecc\/informazione-generale-passaporti\/passaporto-per-adulto-senza-figli-minori\/\">Richiedente maggiorenne<\/a><\/strong><\/li>\n<li><strong><a href=\"https:\/\/consbarcellona.esteri.it\/it\/servizi-consolari-e-visti\/servizi-per-il-cittadino-italiano\/documenti-di-viaggio-passaporti-cie-etd-ecc\/informazione-generale-passaporti\/passaporto-per-minori-di-eta\/\">Richiedente minorenne<\/a><\/strong><\/li>\n<li><strong><a href=\"https:\/\/consbarcellona.esteri.it\/it\/servizi-consolari-e-visti\/servizi-per-il-cittadino-italiano\/documenti-di-viaggio-passaporti-cie-etd-ecc\/informazione-generale-passaporti\/atto-di-assenso\/\">Atto di assenso (in caso di figli minori)<\/a><\/strong><\/li>\n<\/ul>\n<\/li>\n<li><strong><a href=\"https:\/\/consbarcellona.esteri.it\/it\/servizi-consolari-e-visti\/servizi-per-il-cittadino-italiano\/documenti-di-viaggio-passaporti-cie-etd-ecc\/informazione-generale-passaporti\/procedura-rilascio-passaporto-in-casi-di-assoluta-e-documentata-urgenza\/\">Procedura d\u2019urgenza per motivi di salute\/lavoro documentati<\/a><\/strong><span style=\"text-decoration: underline;\"><br \/>\n<\/span><\/li>\n<li><strong>Canali preferenziali:<\/strong>\n<ul>\n<li><strong><a href=\"https:\/\/consbarcellona.esteri.it\/it\/news\/dal_consolato\/2023\/05\/nuovi-servizi-conoslari-attivazione\/\">Dolce attesa<\/a><\/strong><\/li>\n<li><strong><a href=\"https:\/\/consbarcellona.esteri.it\/it\/news\/dal_consolato\/2024\/09\/passaporti-per-neonati-in-spagna-attivazione-canale-dedicato\/\">Neonati in Spagna<\/a><\/strong><\/li>\n<li><strong><a href=\"https:\/\/consbarcellona.esteri.it\/it\/news\/dal_consolato\/2023\/05\/nuovi-servizi-conoslari-attivazione\/\">Over 75<\/a><\/strong><\/li>\n<li><a href=\"https:\/\/consbarcellona.esteri.it\/it\/news\/dal_consolato\/2026\/01\/iniziativa-viaggi-di-pasqua\/\"><span style=\"text-decoration: underline;\"><strong>Iniziativa &#8220;Viaggi di Pasqua&#8221;<\/strong><\/span><\/a><\/li>\n<\/ul>\n<\/li>\n<li><strong><a href=\"https:\/\/consbarcellona.esteri.it\/it\/servizi-consolari-e-visti\/servizi-per-il-cittadino-italiano\/documenti-di-viaggio-passaporti-cie-etd-ecc\/informazione-generale-passaporti\/validita-tariffe-e-richieste-di-rimborso\/\">Validit\u00e0, tariffe e richieste di rimborso<\/a><\/strong><\/li>\n<\/ul>\n<p>&nbsp;<\/p>\n<p><strong>INFORMAZIONI IMPORTANTI:<\/strong><\/p>\n<ol>\n<li>I minori di 12 anni residenti a Girona possono presentare richiesta di passaporto presso il Vice-Consolato.<\/li>\n<li>Prendere un appuntamento per ogni singola richiesta.<\/li>\n<li><strong>Si pu\u00f2 chiedere un nuovo passaporto solo se quello in possesso risulta in prossimit\u00e0 ai 6 mesi dalla scadenza. <\/strong>Se la documentazione presentata allo sportello del Consolato di Barcellona \u00e8 completa, la pratica sar\u00e0 subito istruita e, ove nulla osti, si proceder\u00e0 al rilascio del passaporto.<\/li>\n<li>Si ricorda che i termini del procedimento amministrativo hanno inizio il giorno della presentazione allo sportello della documentazione.<\/li>\n<\/ol>\n<p><strong>Non saranno accettate richieste di appuntamento pervenute per posta, e-mail, burofax o a mano.<\/strong><\/p>\n<p>Si raccomanda di seguire scrupolosamente le istruzioni per la richiesta di appuntamento, secondo quanto previsto dal servizio stesso. Il semplice invio di una comunicazione mail per richiedere l\u2019appuntamento non \u00e8 sufficiente affinch\u00e9 questo venga accordato e non costituisce l\u2019inizio del processo amministrativo.<\/p>\n<p>Il Consolato Generale di Barcellona \u00e8 competente per il rilascio di passaporti a cittadini italiani residenti nella <a href=\"https:\/\/consbarcellona.esteri.it\/it\/chi-siamo\/la-rete-consolare\/\">Circoscrizione Consolare<\/a> e <strong>regolarmente <a href=\"https:\/\/consbarcellona.esteri.it\/it\/servizi-consolari-e-visti\/servizi-per-il-cittadino-italiano\/anagrafe-italiani-residenti-allestero-a-i-r-e\/\">iscritti all\u2019A.I.R.E.<\/a><\/strong> I residenti non ancora iscritti possono presentare domanda di passaporto <strong>SOLO<\/strong> dopo aver verificato che la propria richiesta di iscrizione AIRE on-line (comprensiva di completa ed adeguata documentazione) attraverso il <a href=\"https:\/\/serviziconsolari.esteri.it\/ScoFE\/index.sco\" target=\"_blank\" rel=\"noopener\">portale Fast-It<\/a>\u00a0<strong>appaia come \u201ctrasmessa al Comune\u201d<\/strong> (<span style=\"text-decoration: underline;\">non \u00e8 sufficiente che sia stata semplicemente \u201cpresentata\u201d<\/span>).<\/p>\n<p>Anche se teoricamente possibile, <strong><u>il rilascio del documento per i non residenti sar\u00e0 trattato in maniera residuale e per casi eccezionali.<\/u><\/strong><\/p>\n<p>\u00c8 opportuno, per evitare ritardi nell\u2019emissione, che ciascun richiedente passaporto abbia una situazione di stato civile aggiornata nei confronti delle autorit\u00e0 italiane, cio\u00e8 che gli atti relativi ad eventi (di matrimonio, nascita figli, divorzio, ecc.) non avvenuti in Italia siano gi\u00e0 stati presentati all\u2019Ufficio Consolare o al comune di competenza. Vedere <a href=\"https:\/\/consbarcellona.esteri.it\/it\/servizi-consolari-e-visti\/servizi-per-il-cittadino-italiano\/informazione-generale-stato-civile\/\" target=\"_blank\" rel=\"noopener\">sezione Stato Civile<\/a>.<\/p>\n","protected":false},"excerpt":{"rendered":"(agg. 24\/03\/2026) Il Consolato Generale non riconosce, sponsorizza o suggerisce metodi di prenotazione di appuntamenti alternativi a quelli indicati sulla pagina web. Non saranno accettate richieste di appuntamento pervenute per posta, e-mail, burofax o a mano. Residenti in Catalogna, Ibiza e Formentera Residenti in altre Comunit\u00e0 Autonome (richiesta presso un Ufficio Consolare Onorario) Documentazione da [&hellip;]","protected":false},"author":6,"featured_media":0,"parent":6542,"menu_order":1,"comment_status":"closed","ping_status":"closed","template":"","meta":{"footnotes":""},"class_list":["post-322","page","type-page","status-publish","hentry"],"_links":{"self":[{"href":"https:\/\/consbarcellona.esteri.it\/it\/wp-json\/wp\/v2\/pages\/322","targetHints":{"allow":["GET"]}}],"collection":[{"href":"https:\/\/consbarcellona.esteri.it\/it\/wp-json\/wp\/v2\/pages"}],"about":[{"href":"https:\/\/consbarcellona.esteri.it\/it\/wp-json\/wp\/v2\/types\/page"}],"author":[{"embeddable":true,"href":"https:\/\/consbarcellona.esteri.it\/it\/wp-json\/wp\/v2\/users\/6"}],"replies":[{"embeddable":true,"href":"https:\/\/consbarcellona.esteri.it\/it\/wp-json\/wp\/v2\/comments?post=322"}],"version-history":[{"count":8,"href":"https:\/\/consbarcellona.esteri.it\/it\/wp-json\/wp\/v2\/pages\/322\/revisions"}],"predecessor-version":[{"id":10210,"href":"https:\/\/consbarcellona.esteri.it\/it\/wp-json\/wp\/v2\/pages\/322\/revisions\/10210"}],"up":[{"embeddable":true,"href":"https:\/\/consbarcellona.esteri.it\/it\/wp-json\/wp\/v2\/pages\/6542"}],"wp:attachment":[{"href":"https:\/\/consbarcellona.esteri.it\/it\/wp-json\/wp\/v2\/media?parent=322"}],"curies":[{"name":"wp","href":"https:\/\/api.w.org\/{rel}","templated":true}]}}