{"id":2460,"date":"2023-10-25T13:08:51","date_gmt":"2023-10-25T11:08:51","guid":{"rendered":"https:\/\/consbarcellona.esteri.it\/?page_id=2460"},"modified":"2026-03-24T15:28:21","modified_gmt":"2026-03-24T14:28:21","slug":"residenti-a-barcellona-e-in-catalogna-e-principato-di-andorra","status":"publish","type":"page","link":"https:\/\/consbarcellona.esteri.it\/it\/servizi-consolari-e-visti\/servizi-per-il-cittadino-italiano\/documenti-di-viaggio-passaporti-cie-etd-ecc\/informazione-generale-passaporti\/residenti-a-barcellona-e-in-catalogna-e-principato-di-andorra\/","title":{"rendered":"Residenti in Catalogna, Ibiza e Formentera"},"content":{"rendered":"<p>LA RICHIESTA DI PASSAPORTO DEVE ESSERE PRESENTATA DIRETTAMENTE ALLO SPORTELLO, RICHIEDENDO UN <strong>APPUNTAMENTO ON-LINE, TRAMITE LA PIATTAFORMA <a href=\"https:\/\/prenotami.esteri.it\/\" target=\"_blank\" rel=\"noopener\">PRENOT@MI<\/a>.<\/strong><\/p>\n<p><strong>Non saranno accettate richieste di appuntamento pervenute per posta, e-mail, burofax o a mano.<\/strong><\/p>\n<p><strong>ISTRUZIONI<\/strong> PER LA PRENOTAZIONE DELL\u2019APPUNTAMENTO:<\/p>\n<ul>\n<li>Prendere attenta visione dell\u2019elenco dei documenti necessari per il rilascio del passaporto da presentare direttamente allo sportello il giorno dell\u2019appuntamento;<\/li>\n<li>Registrarsi come utente sulla piattaforma <a href=\"https:\/\/prenotami.esteri.it\/\" target=\"_blank\" rel=\"noopener\">Prenot@mi<\/a> (TUTTI I MAGGIORENNI SI DEVONO REGISTRARE)<\/li>\n<li>Accedere a \u201cDOCUMENTI DI IDENTIT\u00c0-VIAGGIO\/PASSAPORTO\u201d \u2013 Presentazione richiesta di passaporto allo Sportello. Un appuntamento per ogni singola richiesta. Scegliere data e ora dell\u2019appuntamento.<\/li>\n<\/ul>\n<p>Se la documentazione presentata il giorno dell\u2019appuntamento \u00e8 completa, la pratica sar\u00e0 subito istruita e, ove nulla osti, si proceder\u00e0 al rilascio del passaporto in pochi giorni.<\/p>\n<p>Si raccomanda di seguire scrupolosamente le istruzioni per la richiesta di appuntamento, secondo quanto previsto dal servizio stesso. Il semplice invio di una comunicazione mail per richiedere l\u2019appuntamento non \u00e8 sufficiente affinch\u00e9 questo venga accordato e non costituisce l\u2019inizio del processo amministrativo.<\/p>\n<p>&nbsp;<\/p>\n<p><strong>DOCUMENTAZIONE<\/strong> DA PRESENTARE ALLO SPORTELLO IL GIORNO DELL\u2019APPUNTAMENTO<\/p>\n<ul>\n<li><a href=\"https:\/\/consbarcellona.esteri.it\/it\/servizi-consolari-e-visti\/servizi-per-il-cittadino-italiano\/informazione-generale-passaporti\/passaporto-per-adulto-senza-figli-minori\/\"><em>Passaporto per maggiorenne<\/em><\/a><\/li>\n<li><a href=\"https:\/\/consbarcellona.esteri.it\/it\/servizi-consolari-e-visti\/servizi-per-il-cittadino-italiano\/informazione-generale-passaporti\/passaporto-per-minori-di-eta\/\"><em>Passaporto per minori di anni 18<\/em><\/a><\/li>\n<\/ul>\n<p>ATTENZIONE: nel caso in cui, a seguito di verifiche, non fosse possibile procedere con il rilascio del passaporto, non si potr\u00e0 dare alcun appuntamento alternativo. Il connazionale sar\u00e0 informato sulle motivazioni del rigetto e dovr\u00e0 richiedere un nuovo appuntamento attraverso la piattaforma Prenot@mi una volta regolarizzata la propria posizione (si suggerisce pertanto di prestare attenzione alla documentazione richiesta ai fini del rilascio del passaporto e ai requisiti richiesti nel formulario).<\/p>\n<p>Si ricorda che <strong>i termini del procedimento amministrativo hanno inizio il giorno della presentazione allo sportello della documentazione<\/strong>.<\/p>\n","protected":false},"excerpt":{"rendered":"LA RICHIESTA DI PASSAPORTO DEVE ESSERE PRESENTATA DIRETTAMENTE ALLO SPORTELLO, RICHIEDENDO UN APPUNTAMENTO ON-LINE, TRAMITE LA PIATTAFORMA PRENOT@MI. Non saranno accettate richieste di appuntamento pervenute per posta, e-mail, burofax o a mano. ISTRUZIONI PER LA PRENOTAZIONE DELL\u2019APPUNTAMENTO: Prendere attenta visione dell\u2019elenco dei documenti necessari per il rilascio del passaporto da presentare direttamente allo sportello il [&hellip;]","protected":false},"author":6,"featured_media":0,"parent":322,"menu_order":1,"comment_status":"closed","ping_status":"closed","template":"","meta":{"footnotes":""},"class_list":["post-2460","page","type-page","status-publish","hentry"],"_links":{"self":[{"href":"https:\/\/consbarcellona.esteri.it\/it\/wp-json\/wp\/v2\/pages\/2460","targetHints":{"allow":["GET"]}}],"collection":[{"href":"https:\/\/consbarcellona.esteri.it\/it\/wp-json\/wp\/v2\/pages"}],"about":[{"href":"https:\/\/consbarcellona.esteri.it\/it\/wp-json\/wp\/v2\/types\/page"}],"author":[{"embeddable":true,"href":"https:\/\/consbarcellona.esteri.it\/it\/wp-json\/wp\/v2\/users\/6"}],"replies":[{"embeddable":true,"href":"https:\/\/consbarcellona.esteri.it\/it\/wp-json\/wp\/v2\/comments?post=2460"}],"version-history":[{"count":6,"href":"https:\/\/consbarcellona.esteri.it\/it\/wp-json\/wp\/v2\/pages\/2460\/revisions"}],"predecessor-version":[{"id":10214,"href":"https:\/\/consbarcellona.esteri.it\/it\/wp-json\/wp\/v2\/pages\/2460\/revisions\/10214"}],"up":[{"embeddable":true,"href":"https:\/\/consbarcellona.esteri.it\/it\/wp-json\/wp\/v2\/pages\/322"}],"wp:attachment":[{"href":"https:\/\/consbarcellona.esteri.it\/it\/wp-json\/wp\/v2\/media?parent=2460"}],"curies":[{"name":"wp","href":"https:\/\/api.w.org\/{rel}","templated":true}]}}