{"id":2328,"date":"2023-10-02T11:30:10","date_gmt":"2023-10-02T09:30:10","guid":{"rendered":"https:\/\/consbarcellona.esteri.it\/?page_id=2328"},"modified":"2025-11-04T10:42:14","modified_gmt":"2025-11-04T09:42:14","slug":"viaggi-di-minori-non-accompagnati-dai-genitori","status":"publish","type":"page","link":"https:\/\/consbarcellona.esteri.it\/it\/servizi-consolari-e-visti\/servizi-per-il-cittadino-italiano\/documenti-di-viaggio-passaporti-cie-etd-ecc\/viaggi-di-minori-non-accompagnati-dai-genitori\/","title":{"rendered":"Viaggi di minori non accompagnati dai genitori"},"content":{"rendered":"<ul>\n<li><strong><u>Viaggi di minori di et\u00e0 inferiore ai 14<\/u><\/strong><\/li>\n<\/ul>\n<p>I minori italiani, fino al compimento dei 14 anni, possono viaggiare con il solo documento di identit\u00e0\/passaporto, senza ulteriori documenti,\u00a0<strong>se accompagnati<\/strong>\u00a0da almeno uno dei due genitori. Nel caso in cui tali minori, di et\u00e0 inferiore agli anni quattordici,\u00a0<strong>non siano accompagnati<\/strong>\u00a0da almeno uno dei due genitori (o da chi ne fa le veci), \u00e8 invece necessario richiedere una menzione sul passaporto italiano o una dichiarazione di accompagnamento.<\/p>\n<p>I genitori o gli esercenti la potest\u00e0 tutoria dovranno presentare una richiesta all\u2019Autorit\u00e0 competente al rilascio del passaporto, che \u00e8 di norma quella nella cui circoscrizione risiede il richiedente (Questura o Consolato), nella quale indicano il nome della\/e persona\/e o dell&#8217;ente\/compagnia di trasporto cui il minore \u00e8 affidato, chiedendo che la menzione venga apposta sul passaporto del minore o in un\u2019attestazione separata.<\/p>\n<p>Nell\u2019interesse primario del minore, la richiesta di dichiarazione di accompagnamento deve essere presentata, corredata da tutta la documentazione necessaria, da entrambi i genitori (i \u201cdichiaranti\u201d) contestualmente oppure in momenti diversi (ad esempio un genitore presenta la richiesta e l\u2019altro genitore ritira la dichiarazione).<\/p>\n<p>I dichiaranti (esclusivamente iscritti all\u2019AIRE presso la circoscrizione consolare di Barcellona) si potranno presentare di persona presso il Consolato Generale d\u2019Italia a Barcellona <span style=\"text-decoration: underline;\"><strong>tutti i mercoledi dalle ore 9:30 alle ore 12:30<\/strong><\/span>, oppure presso l\u2019Ufficio consolare onorario di riferimento (<a href=\"https:\/\/consbarcellona.esteri.it\/it\/chi-siamo\/la-rete-consolare\/\"><em>cliccare qui<\/em><\/a>).<\/p>\n<p>&nbsp;<\/p>\n<p><strong>Documentazione da presentare<\/strong>:<br \/>\nFormulario di richiesta (<a href=\"https:\/\/consbarcellona.esteri.it\/wp-content\/uploads\/2025\/05\/dichiarazione_2025_accompagnamento_it.doc\"><em>cliccare qui<\/em><\/a>);<\/p>\n<ul>\n<li>copie dei documenti di identit\u00e0 dei dichiaranti (delle pagine dove compaiono foto e firma). Gli stessi si identificheranno al funzionario muniti dei documenti in originale;<\/li>\n<li>copia del documento di viaggio valido con il quale viagger\u00e0 il minore;<\/li>\n<li>copia del documento di viaggio del\/degli accompagnanti (si possono indicare massimo due accompagnanti, maggiorenni);<\/li>\n<li>copia dell\u2019itinerario del viaggio (eventuale).<\/li>\n<\/ul>\n<p>In considerazione del costante e crescente aumento delle richieste di erogazione di questo servizio consolare (indispensabile in occasione di viaggi d\u2019istruzione, gite scolastiche, viaggi con parenti dei minori di 14 anni), si invita caldamente l\u2019utenza a richiedere l\u2019emissione della dichiarazione di accompagnamento con congruo anticipo rispetto alla data prevista della partenza del minore \u2013\u00a0<strong>minimo 15 giorni lavorativi<\/strong>\u00a0&#8211; se presentata allo sportello consolare del Consolato Generale di Barcellona &#8211; e<strong>\u00a0minimo 20 giorni lavorativi<\/strong>\u00a0se presentata tramite un Ufficio consolare onorario. L\u2019Ufficio consolare onorario acquisir\u00e0 la documentazione e la invier\u00e0 al Consolato Generale a Barcellona, unica Autorit\u00e0 deputata all\u2019emissione della dichiarazione di accompagnamento. Una volta emessa, il Consolato Generale invier\u00e0 via email al connazionale le istruzioni per la sua spedizione, i cui costi sono a carico dell\u2019utente.<br \/>\nLa tempistica del rilascio della dichiarazione di accompagnamento verr\u00e0 comunicata dal funzionario consolare preposto all\u2019atto della presentazione della richiesta.<\/p>\n<ul>\n<li><strong><u>Viaggi di minori di et\u00e0 compresa tra i 14 e i 17 anni <\/u><\/strong><\/li>\n<\/ul>\n<p>Dal 1\u00ba settembre 2019 i cittadini spagnoli minori di 18 anni che viaggiano soli o accompagnati da persone che non siano i genitori o il rappresentante legale, dovranno viaggiare con una apposita dichiarazione di accompagnamento. <strong>I minori stranieri residenti in Spagna dovranno esibire la documentazione prevista dalla vigente normativa del paese di appartenenza<\/strong>.<\/p>\n<p>Il minore italiano che abbia gi\u00e0 compiuto 14 anni di et\u00e0 pu\u00f2 viaggiare non accompagnato, secondo quanto disposto dalla normativa vigente in materia di passaporti e titoli di identit\u00e0\/viaggio equipollenti (L. n. 1185\/1967).<\/p>\n<p>Al fine di evitare disagi dovuti a interpretazioni non corrette, invitiamo i connazionali che abbiano in previsione il viaggio di un minore non accompagnato di et\u00e0 compresa fra i 14 ed i 17 anni a stampare la seguente dichiarazione prima di presentarsi in aeroporto.<\/p>\n<p>Per scaricare la dichiarazione\u00a0in pdf\u00a0clicca\u00a0[<a href=\"https:\/\/consbarcellona.esteri.it\/wp-content\/uploads\/2025\/11\/Minori-14-17-anni-non-accompagnati_a.pdf\" target=\"_blank\" rel=\"noopener\"><em>QUI<\/em><\/a>] link alla dichiarazione allegata<\/p>\n","protected":false},"excerpt":{"rendered":"Viaggi di minori di et\u00e0 inferiore ai 14 I minori italiani, fino al compimento dei 14 anni, possono viaggiare con il solo documento di identit\u00e0\/passaporto, senza ulteriori documenti,\u00a0se accompagnati\u00a0da almeno uno dei due genitori. Nel caso in cui tali minori, di et\u00e0 inferiore agli anni quattordici,\u00a0non siano accompagnati\u00a0da almeno uno dei due genitori (o da [&hellip;]","protected":false},"author":6,"featured_media":0,"parent":6542,"menu_order":4,"comment_status":"closed","ping_status":"closed","template":"","meta":{"footnotes":""},"class_list":["post-2328","page","type-page","status-publish","hentry"],"_links":{"self":[{"href":"https:\/\/consbarcellona.esteri.it\/it\/wp-json\/wp\/v2\/pages\/2328","targetHints":{"allow":["GET"]}}],"collection":[{"href":"https:\/\/consbarcellona.esteri.it\/it\/wp-json\/wp\/v2\/pages"}],"about":[{"href":"https:\/\/consbarcellona.esteri.it\/it\/wp-json\/wp\/v2\/types\/page"}],"author":[{"embeddable":true,"href":"https:\/\/consbarcellona.esteri.it\/it\/wp-json\/wp\/v2\/users\/6"}],"replies":[{"embeddable":true,"href":"https:\/\/consbarcellona.esteri.it\/it\/wp-json\/wp\/v2\/comments?post=2328"}],"version-history":[{"count":8,"href":"https:\/\/consbarcellona.esteri.it\/it\/wp-json\/wp\/v2\/pages\/2328\/revisions"}],"predecessor-version":[{"id":9124,"href":"https:\/\/consbarcellona.esteri.it\/it\/wp-json\/wp\/v2\/pages\/2328\/revisions\/9124"}],"up":[{"embeddable":true,"href":"https:\/\/consbarcellona.esteri.it\/it\/wp-json\/wp\/v2\/pages\/6542"}],"wp:attachment":[{"href":"https:\/\/consbarcellona.esteri.it\/it\/wp-json\/wp\/v2\/media?parent=2328"}],"curies":[{"name":"wp","href":"https:\/\/api.w.org\/{rel}","templated":true}]}}