{"id":2186,"date":"2023-09-18T10:21:45","date_gmt":"2023-09-18T08:21:45","guid":{"rendered":"https:\/\/consbarcellona.esteri.it\/?page_id=2186"},"modified":"2026-01-12T14:21:51","modified_gmt":"2026-01-12T13:21:51","slug":"orari-e-festivita","status":"publish","type":"page","link":"https:\/\/consbarcellona.esteri.it\/it\/chi-siamo\/gli-uffici\/orari-e-festivita\/","title":{"rendered":"Orari e festivit\u00e0"},"content":{"rendered":"<p><strong>Orario di ricezione del pubblico:<\/strong><\/p>\n<ul>\n<li>Luned\u00ec: 09:30-13:00<\/li>\n<li>Marted\u00ec: 14:30-17:30<\/li>\n<li>Mercoled\u00ec: 09:30-13:00<\/li>\n<li>Gioved\u00ec: 09:30-13:00<\/li>\n<li>Venerd\u00ec: 09:30-13:00<\/li>\n<\/ul>\n<p><a href=\"https:\/\/consbarcellona.esteri.it\/it\/news\/dal_consolato\/2025\/10\/miglioramento-del-servizio-consolare-nuovi-sportelli-attivi\/\">Nuove <span style=\"text-decoration: underline;\"><strong>aperture straordinarie<\/strong><\/span>: scopri di pi\u00f9 cliccando il link.<\/a><\/p>\n<p><strong>FESTIVIT\u00c0 ANNO 2026<\/strong><\/p>\n<p>Gioved\u00ec<strong> 1\u00b0 gennaio<\/strong>\u00a0Capodanno<br \/>\nMarted\u00ec<strong>\u00a06 gennaio<\/strong>\u00a0Epifania<br \/>\nLuned\u00ec\u00a0<strong>6 aprile<\/strong>\u00a0Luned\u00ec dell\u2019Angelo<br \/>\nVenerd\u00ec<strong> 1\u00b0 maggio<\/strong>\u00a0Festa del Lavoro<br \/>\nMarted\u00ec<strong>\u00a02 giugno<\/strong>\u00a0Festa della Repubblica Italiana<br \/>\nSabato<strong>\u00a015 agosto<\/strong>\u00a0Assunzione di Maria Vergine<br \/>\nVenerd\u00ec<strong>\u00a011 settembre<\/strong>\u00a0Festa della Diada de Catalunya<br \/>\nDomenica<strong>\u00a04 ottobre<\/strong>\u00a0San Francesco d\u2019Assisi<br \/>\nLuned\u00ec\u00a0<strong>12 ottobre<\/strong>\u00a0Festa nazionale spagnola<br \/>\nDomenica\u00a0<strong>1\u00b0 novembre<\/strong>\u00a0Ognissanti<br \/>\nVenerd\u00ec <strong>25 dicembre<\/strong>\u00a0Natale<br \/>\nSabato <strong>26 dicembre<\/strong>\u00a0Santo Stefano<\/p>\n","protected":false},"excerpt":{"rendered":"Orario di ricezione del pubblico: Luned\u00ec: 09:30-13:00 Marted\u00ec: 14:30-17:30 Mercoled\u00ec: 09:30-13:00 Gioved\u00ec: 09:30-13:00 Venerd\u00ec: 09:30-13:00 Nuove aperture straordinarie: scopri di pi\u00f9 cliccando il link. FESTIVIT\u00c0 ANNO 2026 Gioved\u00ec 1\u00b0 gennaio\u00a0Capodanno Marted\u00ec\u00a06 gennaio\u00a0Epifania Luned\u00ec\u00a06 aprile\u00a0Luned\u00ec dell\u2019Angelo Venerd\u00ec 1\u00b0 maggio\u00a0Festa del Lavoro Marted\u00ec\u00a02 giugno\u00a0Festa della Repubblica Italiana Sabato\u00a015 agosto\u00a0Assunzione di Maria Vergine Venerd\u00ec\u00a011 settembre\u00a0Festa della Diada de [&hellip;]","protected":false},"author":6,"featured_media":0,"parent":36,"menu_order":1,"comment_status":"closed","ping_status":"closed","template":"","meta":{"footnotes":""},"class_list":["post-2186","page","type-page","status-publish","hentry"],"_links":{"self":[{"href":"https:\/\/consbarcellona.esteri.it\/it\/wp-json\/wp\/v2\/pages\/2186","targetHints":{"allow":["GET"]}}],"collection":[{"href":"https:\/\/consbarcellona.esteri.it\/it\/wp-json\/wp\/v2\/pages"}],"about":[{"href":"https:\/\/consbarcellona.esteri.it\/it\/wp-json\/wp\/v2\/types\/page"}],"author":[{"embeddable":true,"href":"https:\/\/consbarcellona.esteri.it\/it\/wp-json\/wp\/v2\/users\/6"}],"replies":[{"embeddable":true,"href":"https:\/\/consbarcellona.esteri.it\/it\/wp-json\/wp\/v2\/comments?post=2186"}],"version-history":[{"count":7,"href":"https:\/\/consbarcellona.esteri.it\/it\/wp-json\/wp\/v2\/pages\/2186\/revisions"}],"predecessor-version":[{"id":9502,"href":"https:\/\/consbarcellona.esteri.it\/it\/wp-json\/wp\/v2\/pages\/2186\/revisions\/9502"}],"up":[{"embeddable":true,"href":"https:\/\/consbarcellona.esteri.it\/it\/wp-json\/wp\/v2\/pages\/36"}],"wp:attachment":[{"href":"https:\/\/consbarcellona.esteri.it\/it\/wp-json\/wp\/v2\/media?parent=2186"}],"curies":[{"name":"wp","href":"https:\/\/api.w.org\/{rel}","templated":true}]}}