{"id":7623,"date":"2025-04-11T15:46:50","date_gmt":"2025-04-11T13:46:50","guid":{"rendered":"https:\/\/consbarcellona.esteri.it\/servizi-consolari-e-visti\/servizi-per-il-cittadino-italiano\/voto-allestero\/referendum-abrogativi-2025\/elettori-temporaneamente-allestero-scadenza-7-maggio-2025-al-comune-in-italia\/"},"modified":"2025-04-11T15:49:31","modified_gmt":"2025-04-11T13:49:31","slug":"elettori-temporaneamente-allestero-scadenza-7-maggio-2025-al-comune-in-italia","status":"publish","type":"page","link":"https:\/\/consbarcellona.esteri.it\/es\/servizi-consolari-e-visti\/servizi-per-il-cittadino-italiano\/voto-allestero\/referendum-abrogativi-2025\/elettori-temporaneamente-allestero-scadenza-7-maggio-2025-al-comune-in-italia\/","title":{"rendered":"Votantes temporalmente en el extranjero (Fecha l\u00edmite 7 de mayo de 2025 &#8211; AL MUNICIPIO EN ITALIA)"},"content":{"rendered":"<p>Los <strong>electores residentes en Italia<\/strong> que, por motivos de <strong>trabajo, estudios o tratamiento m\u00e9dico<\/strong>, se encuentren temporalmente en el extranjero por un per\u00edodo de al menos tres meses, durante el cual cae la fecha del pr\u00f3ximo refer\u00e9ndum (<u>refer\u00e9ndum abrogativo de conformidad con el art\u00edculo 75 de la Constituci\u00f3n de 8-9 de junio de 2025<\/u>), as\u00ed como los <strong>familiares que vivan con ellos<\/strong>, pueden ejercer su derecho al voto por correo (art\u00edculo 4-bis, apartado 1, Ley 459 de 27 de diciembre de 2001).<\/p>\n<p>Para recibir el paquete electoral (que contiene las papeletas de voto) en la direcci\u00f3n de residencia temporal en el extranjero, estos electores deben enviar <strong><u>AL MUNICIPIO<\/u><\/strong> de inscripci\u00f3n en el censo electoral <strong><u>una opci\u00f3n especial antes del mi\u00e9rcoles 7 de mayo de 2025.<\/u><\/strong><\/p>\n<p>La opci\u00f3n (<a href=\"https:\/\/consbarcellona.esteri.it\/wp-content\/uploads\/2025\/04\/referendum-2025-modello-opzione-temp-estero.pdf\">que puede ejercerse mediante el formulario adjunto o en papel normal<\/a>) debe enviarse <strong><u>al Ayuntamiento<\/u><\/strong> por correo postal, ordinario o electr\u00f3nico certificado, o ser presentada en mano, <strong><u>tambi\u00e9n en el Ayuntamiento<\/u><\/strong>, por una persona delegada por el interesado.<\/p>\n<p>La opci\u00f3n, que debe ir acompa\u00f1ada de una copia del documento de identidad v\u00e1lido del votante, debe contener en cualquier caso la <strong><u>direcci\u00f3n postal extranjera completa a la que debe enviarse el sobre de votaci\u00f3n<\/u><\/strong>, as\u00ed como una indicaci\u00f3n de la oficina consular responsable del territorio. Asimismo, deber\u00e1 contener una declaraci\u00f3n en la que conste que el votante cumple los requisitos para ser admitido al voto por correo, es decir, que se encuentra en un pa\u00eds extranjero durante un per\u00edodo m\u00ednimo de tres meses (en el que cae la fecha de la votaci\u00f3n) por motivos de trabajo, estudios o tratamiento m\u00e9dico, <u>en el que no es residente registrado<\/u>, o que es familiar conviviente de un ciudadano que se encuentra en las condiciones mencionadas. A este respecto, el procedimiento descrito <strong><u>tambi\u00e9n se aplica a los ciudadanos italianos inscritos en la AIRE que residan temporalmente en una CIRCULACI\u00d3N CONSULAR distinta<\/u><\/strong> de su residencia permanente.<\/p>\n<p>La opci\u00f3n debe efectuarse de conformidad con los art\u00edculos 46 y 47 del Decreto Presidencial n\u00ba 445 de 28 de diciembre de 2000 (Texto Refundido de las disposiciones legislativas y reglamentarias en materia de documentaci\u00f3n administrativa), declarando conocer las consecuencias penales en caso de declaraciones mendaces (art. 76 del citado Decreto Presidencial 445\/2000).<\/p>\n<p><strong>Es posible revocar<\/strong> la opci\u00f3n presentada en la forma descrita anteriormente <strong>dentro del mismo plazo (7 de mayo de 2025)<\/strong>. Por \u00faltimo, t\u00e9ngase en cuenta que la opci\u00f3n s\u00f3lo es v\u00e1lida para la consulta electoral a la que se refiere.<\/p>\n<p><a href=\"https:\/\/consbarcellona.esteri.it\/wp-content\/uploads\/2025\/04\/referendum-2025-modello-opzione-temp-estero.pdf\">FORMULARIO EN PDF EDITABLE<\/a><\/p>\n","protected":false},"excerpt":{"rendered":"Los electores residentes en Italia que, por motivos de trabajo, estudios o tratamiento m\u00e9dico, se encuentren temporalmente en el extranjero por un per\u00edodo de al menos tres meses, durante el cual cae la fecha del pr\u00f3ximo refer\u00e9ndum (refer\u00e9ndum abrogativo de conformidad con el art\u00edculo 75 de la Constituci\u00f3n de 8-9 de junio de 2025), as\u00ed [&hellip;]","protected":false},"author":8,"featured_media":0,"parent":7535,"menu_order":1,"comment_status":"closed","ping_status":"closed","template":"","meta":{"footnotes":""},"class_list":["post-7623","page","type-page","status-publish","hentry"],"_links":{"self":[{"href":"https:\/\/consbarcellona.esteri.it\/es\/wp-json\/wp\/v2\/pages\/7623","targetHints":{"allow":["GET"]}}],"collection":[{"href":"https:\/\/consbarcellona.esteri.it\/es\/wp-json\/wp\/v2\/pages"}],"about":[{"href":"https:\/\/consbarcellona.esteri.it\/es\/wp-json\/wp\/v2\/types\/page"}],"author":[{"embeddable":true,"href":"https:\/\/consbarcellona.esteri.it\/es\/wp-json\/wp\/v2\/users\/8"}],"replies":[{"embeddable":true,"href":"https:\/\/consbarcellona.esteri.it\/es\/wp-json\/wp\/v2\/comments?post=7623"}],"version-history":[{"count":1,"href":"https:\/\/consbarcellona.esteri.it\/es\/wp-json\/wp\/v2\/pages\/7623\/revisions"}],"predecessor-version":[{"id":7625,"href":"https:\/\/consbarcellona.esteri.it\/es\/wp-json\/wp\/v2\/pages\/7623\/revisions\/7625"}],"up":[{"embeddable":true,"href":"https:\/\/consbarcellona.esteri.it\/es\/wp-json\/wp\/v2\/pages\/7535"}],"wp:attachment":[{"href":"https:\/\/consbarcellona.esteri.it\/es\/wp-json\/wp\/v2\/media?parent=7623"}],"curies":[{"name":"wp","href":"https:\/\/api.w.org\/{rel}","templated":true}]}}