{"id":7608,"date":"2025-04-11T15:33:45","date_gmt":"2025-04-11T13:33:45","guid":{"rendered":"https:\/\/consbarcellona.esteri.it\/servizi-consolari-e-visti\/servizi-per-il-cittadino-italiano\/voto-allestero\/referendum-abrogativi-2025\/opzione-di-voto-in-italia-scadenza-10-aprile-2025\/"},"modified":"2025-04-11T15:36:20","modified_gmt":"2025-04-11T13:36:20","slug":"opzione-di-voto-in-italia-scadenza-10-aprile-2025","status":"publish","type":"page","link":"https:\/\/consbarcellona.esteri.it\/es\/servizi-consolari-e-visti\/servizi-per-il-cittadino-italiano\/voto-allestero\/referendum-abrogativi-2025\/opzione-di-voto-in-italia-scadenza-10-aprile-2025\/","title":{"rendered":"Opci\u00f3n de voto en Italia (Fecha l\u00edmite 10 de abril de 2025)"},"content":{"rendered":"<p><strong>Como alternativa al voto por correo,\u00a0los electores inscritos en AIRE\u00a0pueden OPTAR POR VOTAR EN ITALIA EN EL MUNICIPIO DE INSCRIPCI\u00d3N ELECTORAL,\u00a0comunicando su elecci\u00f3n (OPCI\u00d3N) por escrito al Consulado antes del 10\u00ba d\u00eda posterior al d\u00eda de la votaci\u00f3n.<\/strong>\u00a0Los electores que elijan votar en Italia con ocasi\u00f3n del pr\u00f3ximo refer\u00e9ndum recibir\u00e1n de sus respectivos municipios italianos la tarjeta-aviso para votar en los colegios electorales de Italia. La elecci\u00f3n (opci\u00f3n) de votar en Italia\u00a0s\u00f3lo\u00a0es v\u00e1lida para el refer\u00e9ndum respecto del cual se expresa.<\/p>\n<p>Se reitera que, en cualquier caso,\u00a0<strong>la opci\u00f3n DEBE\u00a0RECIBIRSE\u00a0en la Oficina Consular NO M\u00c1S TARDE DE DIEZ D\u00cdAS DESPU\u00c9S DE LA INICIACI\u00d3N DEL VOTO, es decir, NO M\u00c1S TARDE DEL 10\/04\/2025.<\/strong>\u00a0Esta comunicaci\u00f3n podr\u00e1 estar escrita en papel normal y -para ser v\u00e1lida- deber\u00e1 contener el nombre, apellidos, fecha y lugar de nacimiento, lugar de residencia y\u00a0<strong>firma<\/strong>\u00a0del elector, acompa\u00f1ada de copia de un documento de identidad del declarante.<\/p>\n<p>Para esta comunicaci\u00f3n, tambi\u00e9n puede utilizar el formulario especial que puede descargarse de la p\u00e1gina web del Ministerio de Asuntos Exteriores y Cooperaci\u00f3n Internacional (www.esteri.it) o de la del Consulado General de Italia en Barcelona (<a href=\"https:\/\/consbarcellona.esteri.it\/wp-content\/uploads\/2025\/04\/Modulo_di_opzione_Referendum_2025.pdf\" target=\"_blank\" rel=\"noopener\">haga clic aqu\u00ed<\/a>).<\/p>\n<p>El formulario, debidamente cumplimentado, firmado y\u00a0acompa\u00f1ado de un documento de identidad, puede entregarse\/enviarse:<\/p>\n<ul>\n<li>en mano, en horario de atenci\u00f3n al p\u00fablico: Carrer d\u2019Aribau, 185 \u2013 IV Planta (lunes, mi\u00e9rcoles, jueves y viernes de 09:30 a 13:00, martes de 14:30 a 17:30)<\/li>\n<li>por correo: Carrer d\u2019Aribau 185 \u2013 IV Planta, 08021 Barcelona<\/li>\n<li>por correo electr\u00f3nico ordinario:\u00a0<a href=\"mailto:barcellona.elettorale@esteri.it\">barcellona.elettorale@esteri.it<\/a><\/li>\n<li>por correo electr\u00f3nico certificado:\u00a0<a href=\"mailto:con.barcellona@cert.esteri.it\">con.barcellona@cert.esteri.it<\/a><\/li>\n<\/ul>\n<p>De acuerdo con la normativa vigente,\u00a0corresponder\u00e1 a los electores comprobar que la notificaci\u00f3n de opci\u00f3n enviada por correo ha sido recibida a su debido tiempo por su oficina consular.\u00a0Las solicitudes recibidas fuera del plazo indicado anteriormente NO PODR\u00c1N considerarse v\u00e1lidas.<\/p>\n<p>La opci\u00f3n de votar en Italia puede ser\u00a0<strong>REVOCADA<\/strong>\u00a0posteriormente con una comunicaci\u00f3n escrita que deber\u00e1 enviarse o entregarse en la oficina consular de la misma forma y\u00a0en la misma fecha que para el ejercicio de la opci\u00f3n.<\/p>\n<p>Si se opta por regresar a Italia para votar, la ley\u00a0<strong>NO<\/strong>\u00a0prev\u00e9 ning\u00fan tipo de\u00a0<strong>reembolso<\/strong>\u00a0de los gastos de viaje en que se haya incurrido, sino \u00fanicamente tarifas reducidas dentro del territorio italiano.<\/p>\n<p>El Consulado General de Italia en Barcelona est\u00e1 a su disposici\u00f3n para cualquier aclaraci\u00f3n:\u00a0<a href=\"mailto:barcellona.elettorale@esteri.it\">barcellona.elettorale@esteri.it<\/a><\/p>\n","protected":false},"excerpt":{"rendered":"Como alternativa al voto por correo,\u00a0los electores inscritos en AIRE\u00a0pueden OPTAR POR VOTAR EN ITALIA EN EL MUNICIPIO DE INSCRIPCI\u00d3N ELECTORAL,\u00a0comunicando su elecci\u00f3n (OPCI\u00d3N) por escrito al Consulado antes del 10\u00ba d\u00eda posterior al d\u00eda de la votaci\u00f3n.\u00a0Los electores que elijan votar en Italia con ocasi\u00f3n del pr\u00f3ximo refer\u00e9ndum recibir\u00e1n de sus respectivos municipios italianos [&hellip;]","protected":false},"author":8,"featured_media":0,"parent":7535,"menu_order":2,"comment_status":"closed","ping_status":"closed","template":"","meta":{"footnotes":""},"class_list":["post-7608","page","type-page","status-publish","hentry"],"_links":{"self":[{"href":"https:\/\/consbarcellona.esteri.it\/es\/wp-json\/wp\/v2\/pages\/7608","targetHints":{"allow":["GET"]}}],"collection":[{"href":"https:\/\/consbarcellona.esteri.it\/es\/wp-json\/wp\/v2\/pages"}],"about":[{"href":"https:\/\/consbarcellona.esteri.it\/es\/wp-json\/wp\/v2\/types\/page"}],"author":[{"embeddable":true,"href":"https:\/\/consbarcellona.esteri.it\/es\/wp-json\/wp\/v2\/users\/8"}],"replies":[{"embeddable":true,"href":"https:\/\/consbarcellona.esteri.it\/es\/wp-json\/wp\/v2\/comments?post=7608"}],"version-history":[{"count":1,"href":"https:\/\/consbarcellona.esteri.it\/es\/wp-json\/wp\/v2\/pages\/7608\/revisions"}],"predecessor-version":[{"id":7611,"href":"https:\/\/consbarcellona.esteri.it\/es\/wp-json\/wp\/v2\/pages\/7608\/revisions\/7611"}],"up":[{"embeddable":true,"href":"https:\/\/consbarcellona.esteri.it\/es\/wp-json\/wp\/v2\/pages\/7535"}],"wp:attachment":[{"href":"https:\/\/consbarcellona.esteri.it\/es\/wp-json\/wp\/v2\/media?parent=7608"}],"curies":[{"name":"wp","href":"https:\/\/api.w.org\/{rel}","templated":true}]}}