{"id":709,"date":"2023-05-16T10:58:51","date_gmt":"2023-05-16T08:58:51","guid":{"rendered":"https:\/\/consbarcellona.esteri.it\/?page_id=709"},"modified":"2025-01-29T12:37:34","modified_gmt":"2025-01-29T11:37:34","slug":"servicios-no-facilitados-por-el-consulado","status":"publish","type":"page","link":"https:\/\/consbarcellona.esteri.it\/es\/chi-siamo\/gli-uffici\/servicios-no-facilitados-por-el-consulado\/","title":{"rendered":"Servicios NO facilitados por el Consulado"},"content":{"rendered":"<p><strong>\u00c1REAS EN LAS QUE SU CONSULADO NO PUEDE AYUDARLE<\/strong><\/p>\n<p><strong>El Consulado General, en el desempe\u00f1o de sus m\u00faltiples funciones, reguladas por el Decreto Legislativo n\u00ba 71\/2011, encuentra l\u00edmites de intervenci\u00f3n en diversos sectores.<\/strong><\/p>\n<p><strong>Creemos que es \u00fatil recordar a nuestros usuarios los principales:<\/strong><\/p>\n<p><strong>&#8211; No podemos proporcionar asistencia para hechos y\/o personas que caen bajo la jurisdicci\u00f3n de otras circunscripciones consulares<\/strong>. Para saber cu\u00e1l es el consulado italiano competente en Espa\u00f1a (<a href=\"https:\/\/consbarcellona.esteri.it\/es\/chi-siamo\/la-rete-consolare\/\"><em>clica aqu\u00ed<\/em><\/a>)<\/p>\n<p>&#8211; <strong>En caso de detenciones y encarcelamientos<\/strong> reglamentarios, las autoridades espa\u00f1olas no facilitan informaci\u00f3n antes de las 24 horas.<\/p>\n<p>&#8211; <strong>No podemos nombrar abogados de confianza<\/strong>. La designaci\u00f3n de un abogado debe hacerla el interesado o sus familiares. No obstante, en nuestro sitio web est\u00e1 disponible una lista de profesionales de habla italiana en el siguiente enlace, que puede consultar y designar a su discreci\u00f3n (<a href=\"https:\/\/consbarcellona.esteri.it\/es\/servizi-consolari-e-visti\/servizi-per-il-cittadino-italiano\/asistencia-social\/asistencia-legal\/\"><em>clica aqu\u00ed<\/em><\/a>)<\/p>\n<p>&#8211;<strong> No disponemos de instalaciones de alojamiento ni de asistencia<\/strong>. En caso de necesitar ayuda econ\u00f3mica, las solicitudes deben dirigirse principalmente a los familiares y conocidos. En casos especialmente graves, y con el \u00fanico fin de regresar a Italia, puede iniciarse un procedimiento de \u00abpr\u00e9stamo con promesa de devoluci\u00f3n\u00bb que, sin embargo, requiere varios d\u00edas para realizar las comprobaciones necesarias ante las autoridades competentes.<\/p>\n<p>&#8211; <strong>No podemos expedir ni renovar permisos de conducir<\/strong>, ya que no somos competentes para ello seg\u00fan la legislaci\u00f3n vigente. Para m\u00e1s informaci\u00f3n sobre la conversi\u00f3n de un permiso de conducir italiano, visite (<a href=\"https:\/\/consbarcellona.esteri.it\/es\/servizi-consolari-e-visti\/servizi-per-il-cittadino-italiano\/guida-autoveicoli\/\"><em>clica aqu\u00ed<\/em><\/a>)<\/p>\n<p>&#8211; <strong>No podemos expedir certificados de la Oficina Italiana de Antecedentes Penales<\/strong>. Los ciudadanos italianos o los extranjeros residentes en el extranjero deben dirigir su solicitud a las oficinas de antecedentes penales situadas en todas las Fiscal\u00edas. Para m\u00e1s informaci\u00f3n: (<a href=\"https:\/\/consbarcellona.esteri.it\/es\/servizi-consolari-e-visti\/servizi-per-il-cittadino-italiano\/autocertificazione\/certificado-de-antecedentes-penales-certificato-penale\/\"><em>clica aqui<\/em><\/a>)<\/p>\n<p><strong>&#8211; No podemos expedir visados de entrada a otros pa\u00edses que no sean Italia<\/strong><br \/>\n<strong>&#8211; No podemos renovar los permisos de residencia italianos caducados<\/strong><br \/>\n<strong>&#8211; No podemos expedir documentos de identidad para extranjeros<\/strong><\/p>\n","protected":false},"excerpt":{"rendered":"\u00c1REAS EN LAS QUE SU CONSULADO NO PUEDE AYUDARLE El Consulado General, en el desempe\u00f1o de sus m\u00faltiples funciones, reguladas por el Decreto Legislativo n\u00ba 71\/2011, encuentra l\u00edmites de intervenci\u00f3n en diversos sectores. Creemos que es \u00fatil recordar a nuestros usuarios los principales: &#8211; No podemos proporcionar asistencia para hechos y\/o personas que caen bajo [&hellip;]","protected":false},"author":6,"featured_media":0,"parent":134,"menu_order":2,"comment_status":"closed","ping_status":"closed","template":"","meta":{"footnotes":""},"class_list":["post-709","page","type-page","status-publish","hentry"],"_links":{"self":[{"href":"https:\/\/consbarcellona.esteri.it\/es\/wp-json\/wp\/v2\/pages\/709","targetHints":{"allow":["GET"]}}],"collection":[{"href":"https:\/\/consbarcellona.esteri.it\/es\/wp-json\/wp\/v2\/pages"}],"about":[{"href":"https:\/\/consbarcellona.esteri.it\/es\/wp-json\/wp\/v2\/types\/page"}],"author":[{"embeddable":true,"href":"https:\/\/consbarcellona.esteri.it\/es\/wp-json\/wp\/v2\/users\/6"}],"replies":[{"embeddable":true,"href":"https:\/\/consbarcellona.esteri.it\/es\/wp-json\/wp\/v2\/comments?post=709"}],"version-history":[{"count":6,"href":"https:\/\/consbarcellona.esteri.it\/es\/wp-json\/wp\/v2\/pages\/709\/revisions"}],"predecessor-version":[{"id":6819,"href":"https:\/\/consbarcellona.esteri.it\/es\/wp-json\/wp\/v2\/pages\/709\/revisions\/6819"}],"up":[{"embeddable":true,"href":"https:\/\/consbarcellona.esteri.it\/es\/wp-json\/wp\/v2\/pages\/134"}],"wp:attachment":[{"href":"https:\/\/consbarcellona.esteri.it\/es\/wp-json\/wp\/v2\/media?parent=709"}],"curies":[{"name":"wp","href":"https:\/\/api.w.org\/{rel}","templated":true}]}}