{"id":699,"date":"2023-05-16T10:31:52","date_gmt":"2023-05-16T08:31:52","guid":{"rendered":"https:\/\/consbarcellona.esteri.it\/?page_id=699"},"modified":"2023-05-16T10:32:44","modified_gmt":"2023-05-16T08:32:44","slug":"cursos-de-italiano","status":"publish","type":"page","link":"https:\/\/consbarcellona.esteri.it\/es\/servizi-consolari-e-visti\/servizi-per-il-cittadino-italiano\/studi\/cursos-de-italiano\/","title":{"rendered":"Cursos de italiano"},"content":{"rendered":"<p>El Istituto Italiano di Cultura di Barcellona organiza una variedad de cursos de italiano de diferentes niveles. Adem\u00e1s ofrece algunas becas para profundizar en Italia en conocimiento del italiano.<\/p>\n<p>Cada s\u00e1bado organizan un curso de italiano para ni\u00f1os.<\/p>\n<p>El Istituto Italiano di Cultura di Barcellona es tambi\u00e8n sede de los examenes CELI de varios niveles.<\/p>\n<p>Para mayor informaci\u00f3n consulte la pagina web del <a href=\"http:\/\/www.iicbarcellona.esteri.it\/IIC_Barcellona\"><em>Istituto Italiano di Cultura di Barcellona<\/em><\/a>.<\/p>\n","protected":false},"excerpt":{"rendered":"El Istituto Italiano di Cultura di Barcellona organiza una variedad de cursos de italiano de diferentes niveles. Adem\u00e1s ofrece algunas becas para profundizar en Italia en conocimiento del italiano. Cada s\u00e1bado organizan un curso de italiano para ni\u00f1os. El Istituto Italiano di Cultura di Barcellona es tambi\u00e8n sede de los examenes CELI de varios niveles. [&hellip;]","protected":false},"author":6,"featured_media":0,"parent":653,"menu_order":0,"comment_status":"closed","ping_status":"closed","template":"","meta":{"footnotes":""},"class_list":["post-699","page","type-page","status-publish","hentry"],"_links":{"self":[{"href":"https:\/\/consbarcellona.esteri.it\/es\/wp-json\/wp\/v2\/pages\/699","targetHints":{"allow":["GET"]}}],"collection":[{"href":"https:\/\/consbarcellona.esteri.it\/es\/wp-json\/wp\/v2\/pages"}],"about":[{"href":"https:\/\/consbarcellona.esteri.it\/es\/wp-json\/wp\/v2\/types\/page"}],"author":[{"embeddable":true,"href":"https:\/\/consbarcellona.esteri.it\/es\/wp-json\/wp\/v2\/users\/6"}],"replies":[{"embeddable":true,"href":"https:\/\/consbarcellona.esteri.it\/es\/wp-json\/wp\/v2\/comments?post=699"}],"version-history":[{"count":1,"href":"https:\/\/consbarcellona.esteri.it\/es\/wp-json\/wp\/v2\/pages\/699\/revisions"}],"predecessor-version":[{"id":700,"href":"https:\/\/consbarcellona.esteri.it\/es\/wp-json\/wp\/v2\/pages\/699\/revisions\/700"}],"up":[{"embeddable":true,"href":"https:\/\/consbarcellona.esteri.it\/es\/wp-json\/wp\/v2\/pages\/653"}],"wp:attachment":[{"href":"https:\/\/consbarcellona.esteri.it\/es\/wp-json\/wp\/v2\/media?parent=699"}],"curies":[{"name":"wp","href":"https:\/\/api.w.org\/{rel}","templated":true}]}}