{"id":6874,"date":"2025-01-29T15:47:56","date_gmt":"2025-01-29T14:47:56","guid":{"rendered":"https:\/\/consbarcellona.esteri.it\/?page_id=6874"},"modified":"2025-01-29T15:51:08","modified_gmt":"2025-01-29T14:51:08","slug":"declaraciones-de-vigencia-de-leyes-italianas","status":"publish","type":"page","link":"https:\/\/consbarcellona.esteri.it\/es\/servizi-consolari-e-visti\/servizi-per-il-cittadino-italiano\/documentos-notariales\/declaraciones-de-vigencia-de-leyes-italianas\/","title":{"rendered":"Declaraciones de vigencia de leyes italianas"},"content":{"rendered":"<p>Las Oficinas Consulares puede emitir declaraciones de vigencia de leyes italianas, en lengua italiana o en el idioma local (espa\u00f1ol), con el fin de que sea presentada a notarios, jueces, abogados, etc.<\/p>\n<p>Modalidades de acceso a este servicio:<\/p>\n<ol>\n<li><span class=\"jCAhz ChMk0b\"><span class=\"ryNqvb\">Contactar previamente con la oficina notarial enviando un correo electr\u00f3nico a <a href=\"barcellona.notarile@esteri.it\">barcellona.notarile@esteri.it<\/a>, especificando en detalle la legislaci\u00f3n objeto de la declaraci\u00f3n;<\/span><\/span><\/li>\n<li><span class=\"jCAhz ChMk0b\"><span class=\"ryNqvb\">Despu\u00e9s de haber recibido confirmaci\u00f3n por parte de la oficina de que se puede emitir la declaraci\u00f3n, enviar una\u00a0<strong>solicitud por correo postal<\/strong>\u00a0a<\/span><\/span>l Consulado General de Italia en Barcelonta, Carrer d&#8217;Aribau, 185 \u2013 08023 Barcelona, especificando con detalle la normativa objeto de la declaraci\u00f3n y adjuntando:\n<ul>\n<li>fotocopia de un documento de identidad v\u00e1lido;<\/li>\n<li><span class=\"jCAhz ChMk0b\"><span class=\"ryNqvb\"><strong>recibo original de pago de 66,00 \u20ac\u00a0<\/strong>en la cuenta corriente del\u00a0<\/span><\/span>Consulado General de Italia en Madrid\u00a0<span class=\"jCAhz ChMk0b\"><span class=\"jCAhz ChMk0b\"><span class=\"ryNqvb\">(Banco Santander \u2013 IBAN: ES05-0049-4707-5026-1607-8401 \u2013 c\u00f3digo BIC\/SWIFT: BSCHESMMXXX; motivo \u201cdecaraci\u00f3n de vigencia ley + n<em>ombre del solicitante<\/em>\u201d);<\/span><\/span><\/span><\/li>\n<li><span class=\"jCAhz ChMk0b\"><span class=\"ryNqvb\">un\u00a0<strong>sobre prefranqueado<\/strong>\u00a0(\u00absobre con franqueo pagado\u00bb) de tama\u00f1o mediano hasta 100g.<\/span><\/span>\u00a0<span class=\"jCAhz ChMk0b\"><span class=\"ryNqvb\">(se puede adquirir en oficinas de correos espa\u00f1olas), con la direcci\u00f3n completa del solicitante.<\/span><\/span>\u00a0<span class=\"jCAhz ChMk0b\"><span class=\"ryNqvb\">La declaraci\u00f3n legal se enviar\u00e1 al domicilio del solicitante mediante el sobre antes mencionado.<\/span><\/span><\/li>\n<\/ul>\n<\/li>\n<\/ol>\n","protected":false},"excerpt":{"rendered":"Las Oficinas Consulares puede emitir declaraciones de vigencia de leyes italianas, en lengua italiana o en el idioma local (espa\u00f1ol), con el fin de que sea presentada a notarios, jueces, abogados, etc. Modalidades de acceso a este servicio: Contactar previamente con la oficina notarial enviando un correo electr\u00f3nico a barcellona.notarile@esteri.it, especificando en detalle la legislaci\u00f3n [&hellip;]","protected":false},"author":8,"featured_media":0,"parent":641,"menu_order":2,"comment_status":"closed","ping_status":"closed","template":"","meta":{"footnotes":""},"class_list":["post-6874","page","type-page","status-publish","hentry"],"_links":{"self":[{"href":"https:\/\/consbarcellona.esteri.it\/es\/wp-json\/wp\/v2\/pages\/6874","targetHints":{"allow":["GET"]}}],"collection":[{"href":"https:\/\/consbarcellona.esteri.it\/es\/wp-json\/wp\/v2\/pages"}],"about":[{"href":"https:\/\/consbarcellona.esteri.it\/es\/wp-json\/wp\/v2\/types\/page"}],"author":[{"embeddable":true,"href":"https:\/\/consbarcellona.esteri.it\/es\/wp-json\/wp\/v2\/users\/8"}],"replies":[{"embeddable":true,"href":"https:\/\/consbarcellona.esteri.it\/es\/wp-json\/wp\/v2\/comments?post=6874"}],"version-history":[{"count":1,"href":"https:\/\/consbarcellona.esteri.it\/es\/wp-json\/wp\/v2\/pages\/6874\/revisions"}],"predecessor-version":[{"id":6876,"href":"https:\/\/consbarcellona.esteri.it\/es\/wp-json\/wp\/v2\/pages\/6874\/revisions\/6876"}],"up":[{"embeddable":true,"href":"https:\/\/consbarcellona.esteri.it\/es\/wp-json\/wp\/v2\/pages\/641"}],"wp:attachment":[{"href":"https:\/\/consbarcellona.esteri.it\/es\/wp-json\/wp\/v2\/media?parent=6874"}],"curies":[{"name":"wp","href":"https:\/\/api.w.org\/{rel}","templated":true}]}}