{"id":6798,"date":"2025-01-29T12:14:41","date_gmt":"2025-01-29T11:14:41","guid":{"rendered":"https:\/\/consbarcellona.esteri.it\/chi-siamo\/la-rete-consolare\/com-it-es-comitato-degli-italiani-allestero\/"},"modified":"2025-01-29T12:18:20","modified_gmt":"2025-01-29T11:18:20","slug":"com-it-es-comitato-degli-italiani-allestero","status":"publish","type":"page","link":"https:\/\/consbarcellona.esteri.it\/es\/chi-siamo\/la-rete-consolare\/com-it-es-comitato-degli-italiani-allestero\/","title":{"rendered":"Com.It.Es. &#8211; Comit\u00e9 de los Italianos al Extranjero"},"content":{"rendered":"<ul>\n<li><strong><a href=\"https:\/\/comitesbarcellona.com\/\" target=\"_blank\" rel=\"noopener\">Com.It.Es. de Barcelona<\/a><\/strong><\/li>\n<li><strong><a href=\"https:\/\/comitesbarcellona.com\/verbali\/\" target=\"_blank\" rel=\"noopener\">Actas de las reuniones <\/a><\/strong><a href=\"https:\/\/comitesbarcellona.com\/verbali\/\" target=\"_blank\" rel=\"noopener\"><em>(en italiano)<\/em><\/a><\/li>\n<\/ul>\n<p>Creados en 1985, los Comit\u00e9s son \u00f3rganos representativos de la comunidad italiana, elegidos directamente por los ciudadanos italianos residentes en el extranjero en cada circunscripci\u00f3n consular en la que residan al menos 3.000 ciudadanos italianos inscritos en la lista actualizada a la que se refiere el art. 5, apartado 1, de la Ley 459\/2001.<\/p>\n<p>En las circunscripciones donde residen menos de tres mil ciudadanos italianos, los Comit\u00e9s pueden ser nombrados por la Autoridad diplom\u00e1tico-consular.<\/p>\n<p>Los Comit\u00e9s se componen de 12 miembros o de 18 miembros, seg\u00fan sean elegidos en Circunscripciones consulares con menos o m\u00e1s de 100.000 ciudadanos italianos residentes, ya que resultan de la lista actualizada de ciudadanos italianos residentes en el extranjero. Por lo tanto, el Comit\u00e9 de Santo Domingo est\u00e1 compuesto por 12 miembros.<\/p>\n<p>Adem\u00e1s de los miembros elegidos de nacionalidad italiana, los ciudadanos extranjeros de origen italiano pueden ser miembros del Comit\u00e9, por cooptaci\u00f3n, en una cantidad no superior a un tercio de los miembros elegidos del Comit\u00e9 (4 o 6 miembros).<\/p>\n<p>De acuerdo con el art. 1, apartado 2 de la Ley 286\/2003, los Comit\u00e9s son \u00f3rganos de representaci\u00f3n de los italianos en el extranjero en sus relaciones con las representaciones diplom\u00e1tico-consulares.<br \/>\nEn parte mediante estudios e investigaciones, contribuyen a identificar las necesidades de desarrollo social, cultural y civil de la comunidad de referencia; promueven, en colaboraci\u00f3n con la autoridad consular, las regiones y las autonom\u00edas locales, as\u00ed como con los organismos, asociaciones y comit\u00e9s que operan en la circunscripci\u00f3n consular, iniciativas adecuadas en materia de vida social y cultural, con especial atenci\u00f3n a la participaci\u00f3n de los j\u00f3venes, la igualdad de oportunidades, la asistencia social y educativa, la formaci\u00f3n profesional, el sector recreativo, el deporte y el ocio.<br \/>\nLos Comit\u00e9s tambi\u00e9n est\u00e1n llamados a cooperar con la autoridad consular en la protecci\u00f3n de los derechos e intereses de los ciudadanos italianos que residen en la circunscripci\u00f3n consular.<\/p>\n<p>Tras las elecciones de abril de 2015, ahora hay 101 Comit\u00e9s electivos, a los que hay que a\u00f1adir 5 nombramientos consulares. Los comit\u00e9s est\u00e1n repartidos de la siguiente manera: 47 est\u00e1n en Europa, 42 en Am\u00e9rica, 10 en Asia y Ocean\u00eda y 7 en \u00c1frica.<\/p>\n","protected":false},"excerpt":{"rendered":"Com.It.Es. de Barcelona Actas de las reuniones (en italiano) Creados en 1985, los Comit\u00e9s son \u00f3rganos representativos de la comunidad italiana, elegidos directamente por los ciudadanos italianos residentes en el extranjero en cada circunscripci\u00f3n consular en la que residan al menos 3.000 ciudadanos italianos inscritos en la lista actualizada a la que se refiere el [&hellip;]","protected":false},"author":8,"featured_media":0,"parent":178,"menu_order":1,"comment_status":"closed","ping_status":"closed","template":"","meta":{"footnotes":""},"class_list":["post-6798","page","type-page","status-publish","hentry"],"_links":{"self":[{"href":"https:\/\/consbarcellona.esteri.it\/es\/wp-json\/wp\/v2\/pages\/6798","targetHints":{"allow":["GET"]}}],"collection":[{"href":"https:\/\/consbarcellona.esteri.it\/es\/wp-json\/wp\/v2\/pages"}],"about":[{"href":"https:\/\/consbarcellona.esteri.it\/es\/wp-json\/wp\/v2\/types\/page"}],"author":[{"embeddable":true,"href":"https:\/\/consbarcellona.esteri.it\/es\/wp-json\/wp\/v2\/users\/8"}],"replies":[{"embeddable":true,"href":"https:\/\/consbarcellona.esteri.it\/es\/wp-json\/wp\/v2\/comments?post=6798"}],"version-history":[{"count":1,"href":"https:\/\/consbarcellona.esteri.it\/es\/wp-json\/wp\/v2\/pages\/6798\/revisions"}],"predecessor-version":[{"id":6800,"href":"https:\/\/consbarcellona.esteri.it\/es\/wp-json\/wp\/v2\/pages\/6798\/revisions\/6800"}],"up":[{"embeddable":true,"href":"https:\/\/consbarcellona.esteri.it\/es\/wp-json\/wp\/v2\/pages\/178"}],"wp:attachment":[{"href":"https:\/\/consbarcellona.esteri.it\/es\/wp-json\/wp\/v2\/media?parent=6798"}],"curies":[{"name":"wp","href":"https:\/\/api.w.org\/{rel}","templated":true}]}}