{"id":676,"date":"2023-05-15T15:31:43","date_gmt":"2023-05-15T13:31:43","guid":{"rendered":"https:\/\/consbarcellona.esteri.it\/?page_id=676"},"modified":"2026-03-11T14:50:48","modified_gmt":"2026-03-11T13:50:48","slug":"codice-fiscale","status":"publish","type":"page","link":"https:\/\/consbarcellona.esteri.it\/es\/servizi-consolari-e-visti\/servizi-per-il-cittadino-italiano\/codice-fiscale\/","title":{"rendered":"C\u00f3digo fiscal"},"content":{"rendered":"<p style=\"text-align: right;\"><em>[act. 04\/03\/2026]<\/em><\/p>\n<ol>\n<li><strong> Qu\u00e9 es<\/strong><\/li>\n<\/ol>\n<p>El c\u00f3digo fiscal es el c\u00f3digo alfanum\u00e9rico emitido por la Agencia Tributaria para identificar al ciudadano (italiano o extranjero) en las relaciones con las administraciones p\u00fablicas personas f\u00edsicas y entidades privadas, italianas. Para las personas f\u00edsicas, el c\u00f3digo fiscal se determina sobre la base de los datos personales.<\/p>\n<ol start=\"2\">\n<li><strong> \u00bfPara qu\u00e9 sirve?<\/strong><\/li>\n<\/ol>\n<p>Toda actividad de cumplimiento administrativo (pago de impuestos, tasas, etc.) o de negociaci\u00f3n (aceptaci\u00f3n de herencias, contratos con entidades p\u00fablicas o privadas, solicitud de financiaci\u00f3n, patrocinio, arrendamiento o pr\u00e9stamo de bienes inmuebles, etc.) requiere la indicaci\u00f3n del c\u00f3digo fiscal de la persona que la realiza.<\/p>\n<p><strong>CIUDADANOS ITALIANOS RESIDENTES<\/strong> <u>EN LA CIRCUNSCRIPCI\u00d3N CONSULAR<\/u> <strong>E INSCRITOS EN AIRE<\/strong><\/p>\n<p>Los ciudadanos italianos mayores de edad inscritos en AIRE podr\u00e1n solicitar el c\u00f3digo de contribuyente, para ellos y para sus hijos menores, a trav\u00e9s del <a href=\"https:\/\/consbarcellona.esteri.it\/es\/servizi-consolari-e-visti\/servizi-per-il-cittadino-italiano\/registro-de-italianos-residentes-en-el-extranjero-a-i-r-e\/il-portale-dei-servizi-consolari\/\">portal telem\u00e1tico Fast-it<\/a>, accediendo al servicio correspondiente y siguiendo las instrucciones. Tambi\u00e9n a trav\u00e9s del portal Fast-it se podr\u00e1 descargar el certificado del c\u00f3digo de contribuyente, una vez finalizada la tramitaci\u00f3n del expediente.<\/p>\n<p><strong>\u00bfC\u00f3mo?<\/strong><\/p>\n<ol>\n<li>Entre al <a href=\"https:\/\/serviziconsolari.esteri.it\/#_blank\">Portal Fast It<\/a>;<\/li>\n<li>Haga clic en \u00abAnagrafe Consolare e AIRE\u00bb y, a continuaci\u00f3n, en \u00abAttribuzione Codice Fiscale\u00bb;<\/li>\n<li>Confirme los datos e inicie la solicitud;<\/li>\n<li>Despu\u00e9s de que la solicitud haya sido procesada por el Consulado, podr\u00e1 descargar de forma aut\u00f3noma el Certificado de Atribuci\u00f3n del C\u00f3digo Fiscal.<\/li>\n<\/ol>\n<p><strong>Si no puede descargar el Certificado de Asignaci\u00f3n de C\u00f3digos Fiscales:<\/strong><\/p>\n<ol>\n<li>Reg\u00edstrese en el <a href=\"https:\/\/serviziconsolari.esteri.it\/#_blank\">portal FAST IT<\/a>, o inicie sesi\u00f3n si ya tiene una cuenta activa;<\/li>\n<li>Solicite la \u00abAsociaci\u00f3n en l\u00ednea\u00bb haciendo clic en \u00abAnagrafe Consolare e AIRE\u00bb y, a continuaci\u00f3n, en \u00abVer su ficha de datos personales\u00bb;<\/li>\n<li>Recibir\u00e1 el mensaje de asociaci\u00f3n realizada con \u00e9xito en su buz\u00f3n de correo electr\u00f3nico.<\/li>\n<li>Vuelva a conectarse al portal y descargue el certificado.<\/li>\n<\/ol>\n<p>Los ciudadanos mayores de edad inscritos en AIRE que ya dispongan de c\u00f3digo de contribuyente pueden <strong>descargar directamente el certificado de c\u00f3digo de contribuyente<\/strong> a trav\u00e9s del portal telem\u00e1tico Fast-it accediendo al servicio correspondiente y siguiendo las instrucciones previstas para solicitar el c\u00f3digo de contribuyente; en este caso no ser\u00e1 necesario que el Consulado expida el certificado.<\/p>\n<p>***<\/p>\n<p><strong>CIUDADANOS EXTRANJEROS U.E. NO RESIDENTES EN ITALIA<\/strong><\/p>\n<p><span style=\"text-decoration: underline;\"><strong>1- En Italia<\/strong><\/span><\/p>\n<p><strong>Los ciudadanos extranjeros no residentes en Italia<\/strong> deben <u>delegar espec\u00edficamente en una persona para que presente el formulario de solicitud del C\u00f3digo Fiscal directamente en las oficinas de la Agencia Tributaria situadas en territorio italiano<\/u>, de conformidad con el art. 1 del Decreto Ministerial n. 281 de 17 de mayo de 2001.<\/p>\n<p>Directamente en las oficinas de la \u201cAgenzia delle Entrate\u201d que se encuentran en el territorio Italiano una vez entrados en el Pa\u00eds.<\/p>\n<p>Las direcciones de las oficinas de la Agencia Tributaria se encuentran en la p\u00e1gina web <a href=\"https:\/\/www.agenziaentrate.gov.it\/portale\/lista-uffici\">https:\/\/www.agenziaentrate.gov.it\/portale\/lista-uffici<\/a><\/p>\n<p>***<\/p>\n<p><span style=\"text-decoration: underline;\"><strong>2- Solicitud al Consulado General<\/strong><\/span><\/p>\n<p><u>El c\u00f3digo fiscal podr\u00e1 ser solicitado por el extranjero a la oficina consular italiana competente<\/u> en materia de residencia <strong><u>\u00fanicamente en los casos en que el c\u00f3digo fiscal sea necesario para realizar tr\u00e1mites en l\u00ednea<\/u> <\/strong>y\/o para los que el extranjero no pueda delegar en una persona encargada de realizar la solicitud a la Agencia Tributaria: en tales casos, la oficina consular transmitir\u00e1 la solicitud a la Agencia Tributaria en Italia.<\/p>\n<p>Por lo tanto, el servicio a trav\u00e9s del Consulado General <strong>se aplica solo en caso de<\/strong> que el C\u00f3digo Fiscal sea necesario para <strong>realizar tr\u00e1mites en l\u00ednea<\/strong>, <strong><span style=\"text-decoration: underline;\">sin un previsto desplazamiento a Italia<\/span><\/strong>.<\/p>\n<p>&nbsp;<\/p>\n<p><strong>Documentos que deben presentarse<\/strong><\/p>\n<ol>\n<li>Formulario (<a href=\"https:\/\/consbarcellona.esteri.it\/wp-content\/uploads\/2023\/05\/modulo_codice_fiscale.pdf\">AA4\/8 del Agenzia delle Entrate<\/a>) impreso y firmado<\/li>\n<li>Copia del documento de identidad (donde se pueda ver la direcci\u00f3n de residencia)<\/li>\n<li>Motivo documentado de la solicitud (Imprescindible motivaci\u00f3n, alquiler etc.etc.)<\/li>\n<li>Copia de la tarjeta de residencia espa\u00f1ola (para ciudadanos extranjeros de la UE)<\/li>\n<li>En el caso de TRABAJADORES, precontrato, tachando las cantidades a percibir<\/li>\n<li>Toda la documentaci\u00f3n debe estar en formato PDF<\/li>\n<li>Todas las solicitudes deben enviarse individualmente<\/li>\n<\/ol>\n<p>La solicitud se tiene que enviar al Consulado a trav\u00e9s del <strong>correo electr\u00f3nico <\/strong><a href=\"mailto:barcellona.cf@esteri.it\"><strong>barcellona.cf@esteri.it<\/strong><\/a><\/p>\n<p>Tenga en cuenta que el plazo medio de expedici\u00f3n del <em>N\u00famero di Codice Fiscale<\/em> a trav\u00e9s del Consulado General es de 30 d\u00edas.<\/p>\n<p>***<\/p>\n<p><strong>ESTUDIANTES (ERASMUS) <\/strong><\/p>\n<p>Los ciudadanos extranjeros que lleguen a Italia por motivos de estudio y pretendan permanecer <u>menos de 90 d\u00edas<\/u> pueden solicitar un c\u00f3digo fiscal en cualquier oficina de la Agencia Tributaria.<\/p>\n<p>Los ciudadanos extranjeros que lleguen a Italia por motivos de estudio y pretendan permanecer <u>m\u00e1s de 90 d\u00edas<\/u> deben solicitar previamente un permiso de residencia en la Jefatura de Polic\u00eda, donde recibir\u00e1n un c\u00f3digo fiscal.<\/p>\n<p><strong>Para estudiantes no pertenecientes a la UE<\/strong>, en la Ventanilla \u00danica de Inmigraci\u00f3n o en la Jefatura de Polic\u00eda al solicitar el permiso de residencia. (en Italia).<\/p>\n<p>***<\/p>\n<p>Los ciudadanos de pa\u00edses de la UE que pretendan residir en Italia pueden solicitar un c\u00f3digo fiscal presentando el formulario AA4\/8 en una Oficina Territorial de la Agencia Tributaria. La solicitud debe estar motivada y acompa\u00f1ada de un documento v\u00e1lido (pasaporte o documento de identidad v\u00e1lido para la expatriaci\u00f3n).<\/p>\n<p>&nbsp;<\/p>\n<p><strong>COMPRA DE BIENES INMUEBLES U OTRAS ACTIVIDADES COMERCIALES\/FINANCIERAS<\/strong><\/p>\n<p><strong>Los ciudadanos extranjeros que necesiten el c\u00f3digo fiscal para la compra de bienes inmuebles u otras actividades comerciales\/financieras en Italia<\/strong> <u>delegaran, mediante escritura espec\u00edfica, en su representante para que solicite el c\u00f3digo fiscal a la Agencia Tributaria en su nombre.<\/u><\/p>\n<p><strong>Los ciudadanos de pa\u00edses <\/strong><strong><u>no pertenecientes <\/u><\/strong><strong><u>a la UE<\/u><\/strong><strong> que pretendan residir en Italia<\/strong> recibir\u00e1n su c\u00f3digo fiscal<\/p>\n<ul>\n<li><strong>por la Ventanilla \u00danica<\/strong> para la Inmigraci\u00f3n, presente en todas las Prefecturas y encargada de expedir el nulla osta de entrada a los ciudadanos extranjeros que solicitan un permiso de residencia por trabajo o reagrupaci\u00f3n familiar;<\/li>\n<li><strong>por la <em>Questura<\/em><\/strong>, una oficina de la Polic\u00eda del Estado, para los ciudadanos extranjeros que solicitan otros tipos de permisos de residencia.<\/li>\n<\/ul>\n<p>&nbsp;<\/p>\n<p>***<\/p>\n<p>Un ciudadano extranjero que necesite el c\u00f3digo fiscal para el inicio de un procedimiento judicial en Italia puede incluir entre los poderes otorgados al abogado al que encomiende la tarea el de solicitar el CF en cualquier oficina de la Agencia Tributaria; las direcciones de las oficinas de la Agencia Tributaria pueden consultarse en la p\u00e1gina web <a href=\"http:\/\/www.agenziaentrate.it\">www.agenziaentrate.it<\/a>.<\/p>\n<p>***<\/p>\n<p>Para los c\u00f3digos fiscales <strong>de las empresas y los n\u00fameros de IVA, <\/strong>las empresas interesadas deben ponerse en contacto directamente con l\u2019Agenzia delle Entrate- [<a href=\"https:\/\/www.agenziaentrate.gov.it\/portale\/contatta\">haga clic aqu\u00ed<\/a>] (nota: enlace externo)<\/p>\n<p>***<\/p>\n<p>Para cualquier otra informaci\u00f3n sobre cuestiones fiscales, le sugerimos que visite el sitio web oficial del Servicio de Impuestos Internos: <strong>http:\/\/www.agenziaentrate.gov.it<\/strong><\/p>\n<p>***<\/p>\n<p>Para verificar la validez del c\u00f3digo fiscal: <a href=\"https:\/\/telematici.agenziaentrate.gov.it\/VerificaCF\/Scegli.do?parameter=verificaCf\">https:\/\/telematici.agenziaentrate.gov.it\/VerificaCF\/Scegli.do?parameter=verificaCf<\/a><\/p>\n<p>***<\/p>\n<p><strong>DECLARACI\u00d3N DE LA RENTA EN EL EXTRANJERO \u2013 SOLICITUD DEL C\u00d3DIGO PIN DE ACCESO<\/strong><\/p>\n<p>La Agencia Tributaria Italiana ofrece <strong>a los ciudadanos italianos residentes en el extranjero <\/strong>la posibilidad de obtener un PINCODE que les permite presentar por Internet la declaraci\u00f3n del IRPF <strong>Unico personas fisicas<\/strong> y efectuar los pagos correspondientes. Por lo tanto, los procedimientos se refieren \u00fanicamente a los ciudadanos residentes en el extranjero, que pueden dirigirse a las Embajadas y Consulados en el extranjero para solicitar su PINCODE.<\/p>\n<p>Los requisitos para activar el PINCODE a trav\u00e9s del consulado son los siguientes<\/p>\n<p>\u2013 inscripci\u00f3n en el registro consular -&gt; <a href=\"https:\/\/consbarcellona.esteri.it\/wp-content\/uploads\/2023\/05\/modulo_codice_fiscale.pdf\">[pulse aqu\u00ed].<\/a><\/p>\n<p>\u2013 inscripci\u00f3n en el registro AIRE del municipio<\/p>\n<p>El servicio en el extranjero <strong>no est\u00e1 operativo para los ciudadanos extranjeros<\/strong> (es decir, no italianos), que deben solicitarlo directamente y en persona en las oficinas de la Agencia Tributaria <strong>en Italia<\/strong>.<\/p>\n<p>&nbsp;<\/p>\n<p><strong>C\u00f3mo solicitar un PINCODE<\/strong><\/p>\n<p>Para obtener el PINCODE es necesario seguir los siguientes pasos<\/p>\n<ol>\n<li>Conectarse a la p\u00e1gina web <a href=\"http:\/\/telematici.agenziaentrate.gov.it\/\">http:\/\/telematici.agenziaentrate.gov.it<\/a> e <strong>iniciar el procedimiento <\/strong>desde la secci\u00f3n \u00abHabilitaci\u00f3n\u00bb, utilizando la funci\u00f3n espec\u00edfica \u00abPresentaci\u00f3n de la solicitud \u2013 ciudadanos italianos residentes en el extranjero\u00bb.<\/li>\n<li><strong>Escanear el formulario de solicitud aceptado por la Agencia Tributaria<\/strong> y enviarlo al consulado por correo electr\u00f3nico a barcellona.cf@esteri.it indicando sus datos personales completos (apellidos, nombre, fecha y lugar de nacimiento, direcci\u00f3n de residencia en Espa\u00f1a, tel\u00e9fonos de contacto, direcci\u00f3n de correo electr\u00f3nico) y adjuntar una copia de su documento de identidad<\/li>\n<li><strong>esperar<\/strong> la comunicaci\u00f3n por correo electr\u00f3nico del consulado, que contendr\u00e1 la <strong>primera parte del PINCODE<\/strong> y la contrase\u00f1a de acceso<\/li>\n<li><strong>volver a conectarse<\/strong> a http:\/\/telematici.agenziaentrate.gov.it para recibir la <strong>segunda parte del PINCODE<\/strong><\/li>\n<\/ol>\n<p>No se permiten procedimientos distintos a los indicados.<\/p>\n<p><strong>En ning\u00fan caso el consulado podr\u00e1 iniciar la primera fase de la solicitud (punto 1).<\/strong><\/p>\n","protected":false},"excerpt":{"rendered":"[act. 04\/03\/2026] Qu\u00e9 es El c\u00f3digo fiscal es el c\u00f3digo alfanum\u00e9rico emitido por la Agencia Tributaria para identificar al ciudadano (italiano o extranjero) en las relaciones con las administraciones p\u00fablicas personas f\u00edsicas y entidades privadas, italianas. Para las personas f\u00edsicas, el c\u00f3digo fiscal se determina sobre la base de los datos personales. \u00bfPara qu\u00e9 sirve? [&hellip;]","protected":false},"author":6,"featured_media":0,"parent":193,"menu_order":8,"comment_status":"closed","ping_status":"closed","template":"","meta":{"footnotes":""},"class_list":["post-676","page","type-page","status-publish","hentry"],"_links":{"self":[{"href":"https:\/\/consbarcellona.esteri.it\/es\/wp-json\/wp\/v2\/pages\/676","targetHints":{"allow":["GET"]}}],"collection":[{"href":"https:\/\/consbarcellona.esteri.it\/es\/wp-json\/wp\/v2\/pages"}],"about":[{"href":"https:\/\/consbarcellona.esteri.it\/es\/wp-json\/wp\/v2\/types\/page"}],"author":[{"embeddable":true,"href":"https:\/\/consbarcellona.esteri.it\/es\/wp-json\/wp\/v2\/users\/6"}],"replies":[{"embeddable":true,"href":"https:\/\/consbarcellona.esteri.it\/es\/wp-json\/wp\/v2\/comments?post=676"}],"version-history":[{"count":7,"href":"https:\/\/consbarcellona.esteri.it\/es\/wp-json\/wp\/v2\/pages\/676\/revisions"}],"predecessor-version":[{"id":10136,"href":"https:\/\/consbarcellona.esteri.it\/es\/wp-json\/wp\/v2\/pages\/676\/revisions\/10136"}],"up":[{"embeddable":true,"href":"https:\/\/consbarcellona.esteri.it\/es\/wp-json\/wp\/v2\/pages\/193"}],"wp:attachment":[{"href":"https:\/\/consbarcellona.esteri.it\/es\/wp-json\/wp\/v2\/media?parent=676"}],"curies":[{"name":"wp","href":"https:\/\/api.w.org\/{rel}","templated":true}]}}