{"id":670,"date":"2023-05-15T15:22:17","date_gmt":"2023-05-15T13:22:17","guid":{"rendered":"https:\/\/consbarcellona.esteri.it\/?page_id=670"},"modified":"2026-03-24T09:58:05","modified_gmt":"2026-03-24T08:58:05","slug":"670-2","status":"publish","type":"page","link":"https:\/\/consbarcellona.esteri.it\/es\/servizi-consolari-e-visti\/servizi-per-il-cittadino-italiano\/670-2\/","title":{"rendered":"Navegaci\u00f3n mar\u00edtima"},"content":{"rendered":"<p>El Consulado General de Italia en Barcelona se ocupa de algunos servicios navales.<\/p>\n<p>Para contactar la Oficina \u201cNavigazione\u201d del Consulado:\u00a0<a href=\"mailto:barcellona.navigazione@esteri.it\"><em>barcellona.navigazione@esteri.it<\/em><\/a><\/p>\n<p>Horario de atenci\u00f3n al p\u00fablico: <span style=\"text-decoration: underline;\"><strong>solo con cita previa, solicitada por correo electr\u00f3nico<\/strong><\/span>.<\/p>\n<p>Para mayor informaci\u00f3n visitar la p\u00e1gina web del \u201c<a href=\"http:\/\/www.esteri.it\/mae\/it\/italiani_nel_mondo\/serviziconsolari\/navigazione.html\"><em>Ministero degli Esteri<\/em><\/a>\u00bb (disponible en italiano e ingl\u00e9s)<\/p>\n","protected":false},"excerpt":{"rendered":"El Consulado General de Italia en Barcelona se ocupa de algunos servicios navales. Para contactar la Oficina \u201cNavigazione\u201d del Consulado:\u00a0barcellona.navigazione@esteri.it Horario de atenci\u00f3n al p\u00fablico: solo con cita previa, solicitada por correo electr\u00f3nico. Para mayor informaci\u00f3n visitar la p\u00e1gina web del \u201cMinistero degli Esteri\u00bb (disponible en italiano e ingl\u00e9s)","protected":false},"author":6,"featured_media":0,"parent":193,"menu_order":7,"comment_status":"closed","ping_status":"closed","template":"","meta":{"footnotes":""},"class_list":["post-670","page","type-page","status-publish","hentry"],"_links":{"self":[{"href":"https:\/\/consbarcellona.esteri.it\/es\/wp-json\/wp\/v2\/pages\/670","targetHints":{"allow":["GET"]}}],"collection":[{"href":"https:\/\/consbarcellona.esteri.it\/es\/wp-json\/wp\/v2\/pages"}],"about":[{"href":"https:\/\/consbarcellona.esteri.it\/es\/wp-json\/wp\/v2\/types\/page"}],"author":[{"embeddable":true,"href":"https:\/\/consbarcellona.esteri.it\/es\/wp-json\/wp\/v2\/users\/6"}],"replies":[{"embeddable":true,"href":"https:\/\/consbarcellona.esteri.it\/es\/wp-json\/wp\/v2\/comments?post=670"}],"version-history":[{"count":6,"href":"https:\/\/consbarcellona.esteri.it\/es\/wp-json\/wp\/v2\/pages\/670\/revisions"}],"predecessor-version":[{"id":10207,"href":"https:\/\/consbarcellona.esteri.it\/es\/wp-json\/wp\/v2\/pages\/670\/revisions\/10207"}],"up":[{"embeddable":true,"href":"https:\/\/consbarcellona.esteri.it\/es\/wp-json\/wp\/v2\/pages\/193"}],"wp:attachment":[{"href":"https:\/\/consbarcellona.esteri.it\/es\/wp-json\/wp\/v2\/media?parent=670"}],"curies":[{"name":"wp","href":"https:\/\/api.w.org\/{rel}","templated":true}]}}