{"id":6651,"date":"2025-01-27T13:14:40","date_gmt":"2025-01-27T12:14:40","guid":{"rendered":"https:\/\/consbarcellona.esteri.it\/servizi-consolari-e-visti\/servizi-per-il-cittadino-italiano\/documenti-di-viaggio-passaporti-cie-etd-ecc\/informazione-generale-passaporti\/validita-tariffe-e-richieste-di-rimborso\/"},"modified":"2025-12-01T09:48:06","modified_gmt":"2025-12-01T08:48:06","slug":"validita-tariffe-e-richieste-di-rimborso","status":"publish","type":"page","link":"https:\/\/consbarcellona.esteri.it\/es\/servizi-consolari-e-visti\/servizi-per-il-cittadino-italiano\/documenti-di-viaggio-passaporti-cie-etd-ecc\/informazione-generale-passaporti\/validita-tariffe-e-richieste-di-rimborso\/","title":{"rendered":"Validez, tasas y devoluci\u00f3n de importes"},"content":{"rendered":"<p><strong>VALIDEZ<\/strong><\/p>\n<p>Los pasaportes tienen una validez de 10 a\u00f1os (tres a\u00f1os de validez para ni\u00f1os de 0 a 3 a\u00f1os, cinco a\u00f1os de validez para ni\u00f1os de 3 a 18 a\u00f1os).<\/p>\n<p><strong>TASAS<\/strong><\/p>\n<p>La tasa \u00fanica de pasaporte es de 116,20 euros.<\/p>\n<p>El importe de la tasa consular debe ingresarse en la cuenta corriente del Banco Santander (importante: un pago por solicitud).<\/p>\n<p>BANCO SANTANDER<\/p>\n<p>IBAN: ES05-0049-4707-5026-1607-8401<\/p>\n<p>BIC\/SWIFT: BSCHESMMXXX (indique en el motivo del pago el apellido y el nombre del solicitante, por ejemplo: Rossi Mario \u2013 Pasaporte)<\/p>\n<p><strong>DEVOLUCI\u00d3N DE IMPORTES<\/strong><\/p>\n<p>En caso de pago efectuado por error o para obtener el reembolso de la tarifa ingresada, el interesado deber\u00e1 rellenar y enviar el formulario de solicitud de reembolso a la direcci\u00f3n de correo barcellona.contab@esteri.it con todos los adjuntos previstos en dicho formulario.<\/p>\n<ul>\n<li>&gt;\u00a0<a href=\"https:\/\/consbarcellona.esteri.it\/wp-content\/uploads\/2023\/05\/rimborso_tariffe_bcn.doc\"><em>Impreso de reembolso de tarifas consulares<\/em><\/a><\/li>\n<\/ul>\n<p>El reembolso de las tasas consulares ser\u00e1 enviado una vez concluido el control contable.<\/p>\n","protected":false},"excerpt":{"rendered":"VALIDEZ Los pasaportes tienen una validez de 10 a\u00f1os (tres a\u00f1os de validez para ni\u00f1os de 0 a 3 a\u00f1os, cinco a\u00f1os de validez para ni\u00f1os de 3 a 18 a\u00f1os). TASAS La tasa \u00fanica de pasaporte es de 116,20 euros. El importe de la tasa consular debe ingresarse en la cuenta corriente del Banco [&hellip;]","protected":false},"author":8,"featured_media":0,"parent":324,"menu_order":7,"comment_status":"closed","ping_status":"closed","template":"","meta":{"footnotes":""},"class_list":["post-6651","page","type-page","status-publish","hentry"],"_links":{"self":[{"href":"https:\/\/consbarcellona.esteri.it\/es\/wp-json\/wp\/v2\/pages\/6651","targetHints":{"allow":["GET"]}}],"collection":[{"href":"https:\/\/consbarcellona.esteri.it\/es\/wp-json\/wp\/v2\/pages"}],"about":[{"href":"https:\/\/consbarcellona.esteri.it\/es\/wp-json\/wp\/v2\/types\/page"}],"author":[{"embeddable":true,"href":"https:\/\/consbarcellona.esteri.it\/es\/wp-json\/wp\/v2\/users\/8"}],"replies":[{"embeddable":true,"href":"https:\/\/consbarcellona.esteri.it\/es\/wp-json\/wp\/v2\/comments?post=6651"}],"version-history":[{"count":2,"href":"https:\/\/consbarcellona.esteri.it\/es\/wp-json\/wp\/v2\/pages\/6651\/revisions"}],"predecessor-version":[{"id":9276,"href":"https:\/\/consbarcellona.esteri.it\/es\/wp-json\/wp\/v2\/pages\/6651\/revisions\/9276"}],"up":[{"embeddable":true,"href":"https:\/\/consbarcellona.esteri.it\/es\/wp-json\/wp\/v2\/pages\/324"}],"wp:attachment":[{"href":"https:\/\/consbarcellona.esteri.it\/es\/wp-json\/wp\/v2\/media?parent=6651"}],"curies":[{"name":"wp","href":"https:\/\/api.w.org\/{rel}","templated":true}]}}