{"id":653,"date":"2023-05-15T15:03:57","date_gmt":"2023-05-15T13:03:57","guid":{"rendered":"https:\/\/consbarcellona.esteri.it\/?page_id=653"},"modified":"2025-01-27T15:02:53","modified_gmt":"2025-01-27T14:02:53","slug":"studi","status":"publish","type":"page","link":"https:\/\/consbarcellona.esteri.it\/es\/servizi-consolari-e-visti\/servizi-per-il-cittadino-italiano\/studi\/","title":{"rendered":"Estudios"},"content":{"rendered":"<ul>\n<li><a href=\"https:\/\/consbarcellona.esteri.it\/es\/servizi-consolari-e-visti\/servizi-per-il-cittadino-italiano\/studi\/dichiarazioni-di-valore\/\"><strong>Declaraciones de Valor<\/strong><\/a><\/li>\n<li><a href=\"https:\/\/consbarcellona.esteri.it\/es\/servizi-consolari-e-visti\/servizi-per-il-cittadino-italiano\/studi\/cursos-de-italiano\/\"><strong>Cursos de italiano<\/strong><\/a><\/li>\n<\/ul>\n<p>La Oficina de Estudios proporciona informaci\u00f3n y asesoramiento para la inscripci\u00f3n en Escuelas y Universidades en Italia y expide las declaraciones de valor necesarias para los t\u00edtulos obtenidos en Escuelas y Universidades de la circunscripci\u00f3n consular para que los interesados puedan obtener la equivalencia de los t\u00edtulos primarios y secundarios con t\u00edtulos italianos similares, la inscripci\u00f3n en escuelas y universidades italianas, el reconocimiento en Italia de los estudios universitarios y la concesi\u00f3n de becas.<\/p>\n<p>En Barcelona, es posible cursar todo el ciclo de estudios siguiendo el sistema escolar italiano, desde la Escuela Infantil hasta el Bachillerato. De hecho, existe la Escuela Mar\u00eda Montessori (escuela parroquial privada) y el Instituto Italiano Estatal Comprensivo, que es una de las ocho Escuelas Estatales italianas que operan en el extranjero.<\/p>\n","protected":false},"excerpt":{"rendered":"Declaraciones de Valor Cursos de italiano La Oficina de Estudios proporciona informaci\u00f3n y asesoramiento para la inscripci\u00f3n en Escuelas y Universidades en Italia y expide las declaraciones de valor necesarias para los t\u00edtulos obtenidos en Escuelas y Universidades de la circunscripci\u00f3n consular para que los interesados puedan obtener la equivalencia de los t\u00edtulos primarios y [&hellip;]","protected":false},"author":6,"featured_media":0,"parent":193,"menu_order":6,"comment_status":"closed","ping_status":"closed","template":"","meta":{"footnotes":""},"class_list":["post-653","page","type-page","status-publish","hentry"],"_links":{"self":[{"href":"https:\/\/consbarcellona.esteri.it\/es\/wp-json\/wp\/v2\/pages\/653","targetHints":{"allow":["GET"]}}],"collection":[{"href":"https:\/\/consbarcellona.esteri.it\/es\/wp-json\/wp\/v2\/pages"}],"about":[{"href":"https:\/\/consbarcellona.esteri.it\/es\/wp-json\/wp\/v2\/types\/page"}],"author":[{"embeddable":true,"href":"https:\/\/consbarcellona.esteri.it\/es\/wp-json\/wp\/v2\/users\/6"}],"replies":[{"embeddable":true,"href":"https:\/\/consbarcellona.esteri.it\/es\/wp-json\/wp\/v2\/comments?post=653"}],"version-history":[{"count":3,"href":"https:\/\/consbarcellona.esteri.it\/es\/wp-json\/wp\/v2\/pages\/653\/revisions"}],"predecessor-version":[{"id":6682,"href":"https:\/\/consbarcellona.esteri.it\/es\/wp-json\/wp\/v2\/pages\/653\/revisions\/6682"}],"up":[{"embeddable":true,"href":"https:\/\/consbarcellona.esteri.it\/es\/wp-json\/wp\/v2\/pages\/193"}],"wp:attachment":[{"href":"https:\/\/consbarcellona.esteri.it\/es\/wp-json\/wp\/v2\/media?parent=653"}],"curies":[{"name":"wp","href":"https:\/\/api.w.org\/{rel}","templated":true}]}}