{"id":6467,"date":"2025-01-16T22:41:35","date_gmt":"2025-01-16T21:41:35","guid":{"rendered":"https:\/\/consbarcellona.esteri.it\/servizi-consolari-e-visti\/servizi-per-il-cittadino-straniero\/cittadinanza-2\/tariffe-per-il-trattamento-delle-domande-di-cittadinanza\/"},"modified":"2025-08-11T11:00:52","modified_gmt":"2025-08-11T09:00:52","slug":"tariffe-per-il-trattamento-delle-domande-di-cittadinanza","status":"publish","type":"page","link":"https:\/\/consbarcellona.esteri.it\/es\/servizi-consolari-e-visti\/servizi-per-il-cittadino-straniero\/cittadinanza-2\/tariffe-per-il-trattamento-delle-domande-di-cittadinanza\/","title":{"rendered":"Tasas para la tramitaci\u00f3n de las solicitudes de ciudadan\u00eda"},"content":{"rendered":"<ul>\n<li>Ciudadan\u00eda por <strong>descendencia Euro 600,00<\/strong> &#8211; ingresado en la <a href=\"https:\/\/consbarcellona.esteri.it\/es\/servizi-consolari-e-visti\/servizi-per-il-cittadino-italiano\/tarifas-consulares\/\" target=\"_blank\" rel=\"noopener\">cuenta IBAN de la Oficina Consular<\/a><\/li>\n<li>Ciudadan\u00eda por <strong>matrimonio Euro 250,00<\/strong> (*) &#8211; abonados directamente en la cuenta del Ministerio del Interior (*) esta contribuci\u00f3n tambi\u00e9n se abona en caso de readquisici\u00f3n, elecci\u00f3n, renuncia, etc.<\/li>\n<li>Ciudadan\u00eda por <strong>beneficio de ley<\/strong> (<em>hijos menores nacidos en el extranjero de ciudadanos italianos iure sanguinis<\/em>) <strong>Euro 250,00<\/strong> (*) &#8211; abonados directamente en la cuenta del Ministerio del Interior (*)<\/li>\n<\/ul>\n","protected":false},"excerpt":{"rendered":"Ciudadan\u00eda por descendencia Euro 600,00 &#8211; ingresado en la cuenta IBAN de la Oficina Consular Ciudadan\u00eda por matrimonio Euro 250,00 (*) &#8211; abonados directamente en la cuenta del Ministerio del Interior (*) esta contribuci\u00f3n tambi\u00e9n se abona en caso de readquisici\u00f3n, elecci\u00f3n, renuncia, etc. Ciudadan\u00eda por beneficio de ley (hijos menores nacidos en el extranjero [&hellip;]","protected":false},"author":8,"featured_media":0,"parent":498,"menu_order":7,"comment_status":"closed","ping_status":"closed","template":"","meta":{"footnotes":""},"class_list":["post-6467","page","type-page","status-publish","hentry"],"_links":{"self":[{"href":"https:\/\/consbarcellona.esteri.it\/es\/wp-json\/wp\/v2\/pages\/6467","targetHints":{"allow":["GET"]}}],"collection":[{"href":"https:\/\/consbarcellona.esteri.it\/es\/wp-json\/wp\/v2\/pages"}],"about":[{"href":"https:\/\/consbarcellona.esteri.it\/es\/wp-json\/wp\/v2\/types\/page"}],"author":[{"embeddable":true,"href":"https:\/\/consbarcellona.esteri.it\/es\/wp-json\/wp\/v2\/users\/8"}],"replies":[{"embeddable":true,"href":"https:\/\/consbarcellona.esteri.it\/es\/wp-json\/wp\/v2\/comments?post=6467"}],"version-history":[{"count":2,"href":"https:\/\/consbarcellona.esteri.it\/es\/wp-json\/wp\/v2\/pages\/6467\/revisions"}],"predecessor-version":[{"id":8665,"href":"https:\/\/consbarcellona.esteri.it\/es\/wp-json\/wp\/v2\/pages\/6467\/revisions\/8665"}],"up":[{"embeddable":true,"href":"https:\/\/consbarcellona.esteri.it\/es\/wp-json\/wp\/v2\/pages\/498"}],"wp:attachment":[{"href":"https:\/\/consbarcellona.esteri.it\/es\/wp-json\/wp\/v2\/media?parent=6467"}],"curies":[{"name":"wp","href":"https:\/\/api.w.org\/{rel}","templated":true}]}}