{"id":6454,"date":"2025-01-16T22:38:23","date_gmt":"2025-01-16T21:38:23","guid":{"rendered":"https:\/\/consbarcellona.esteri.it\/servizi-consolari-e-visti\/servizi-per-il-cittadino-straniero\/cittadinanza-2\/riconoscimento-di-paternita-o-maternita\/"},"modified":"2025-01-16T22:39:41","modified_gmt":"2025-01-16T21:39:41","slug":"riconoscimento-di-paternita-o-maternita","status":"publish","type":"page","link":"https:\/\/consbarcellona.esteri.it\/es\/servizi-consolari-e-visti\/servizi-per-il-cittadino-straniero\/cittadinanza-2\/riconoscimento-di-paternita-o-maternita\/","title":{"rendered":"Reconocimiento de paternidad o maternidad"},"content":{"rendered":"<p>El hijo extranjero menor de edad de un ciudadano italiano puede adquirir la nacionalidad italiana tras el reconocimiento de la paternidad o maternidad.<\/p>\n<p>Si el hijo reconocido es mayor de 18 a\u00f1os, \u00e9ste deber\u00e1 elegir la nacionalidad en el plazo de un a\u00f1o desde el reconocimiento.<\/p>\n<p>Para obtener informaci\u00f3n m\u00e1s detallada, se aconseja a los solicitantes, especialmente a los procedentes de Am\u00e9rica Latina, consultar tambi\u00e9n las p\u00e1ginas web de las Representaciones Diplom\u00e1ticas italianas en dichos pa\u00edses.<\/p>\n<p>Para cualquier informaci\u00f3n adicional, escriba a: <a href=\"mailto:barcellona.notarile@esteri.it\"><em>barcellona.notarile@esteri.it<\/em><\/a><\/p>\n","protected":false},"excerpt":{"rendered":"El hijo extranjero menor de edad de un ciudadano italiano puede adquirir la nacionalidad italiana tras el reconocimiento de la paternidad o maternidad. Si el hijo reconocido es mayor de 18 a\u00f1os, \u00e9ste deber\u00e1 elegir la nacionalidad en el plazo de un a\u00f1o desde el reconocimiento. Para obtener informaci\u00f3n m\u00e1s detallada, se aconseja a los [&hellip;]","protected":false},"author":8,"featured_media":0,"parent":498,"menu_order":6,"comment_status":"closed","ping_status":"closed","template":"","meta":{"footnotes":""},"class_list":["post-6454","page","type-page","status-publish","hentry"],"_links":{"self":[{"href":"https:\/\/consbarcellona.esteri.it\/es\/wp-json\/wp\/v2\/pages\/6454","targetHints":{"allow":["GET"]}}],"collection":[{"href":"https:\/\/consbarcellona.esteri.it\/es\/wp-json\/wp\/v2\/pages"}],"about":[{"href":"https:\/\/consbarcellona.esteri.it\/es\/wp-json\/wp\/v2\/types\/page"}],"author":[{"embeddable":true,"href":"https:\/\/consbarcellona.esteri.it\/es\/wp-json\/wp\/v2\/users\/8"}],"replies":[{"embeddable":true,"href":"https:\/\/consbarcellona.esteri.it\/es\/wp-json\/wp\/v2\/comments?post=6454"}],"version-history":[{"count":1,"href":"https:\/\/consbarcellona.esteri.it\/es\/wp-json\/wp\/v2\/pages\/6454\/revisions"}],"predecessor-version":[{"id":6457,"href":"https:\/\/consbarcellona.esteri.it\/es\/wp-json\/wp\/v2\/pages\/6454\/revisions\/6457"}],"up":[{"embeddable":true,"href":"https:\/\/consbarcellona.esteri.it\/es\/wp-json\/wp\/v2\/pages\/498"}],"wp:attachment":[{"href":"https:\/\/consbarcellona.esteri.it\/es\/wp-json\/wp\/v2\/media?parent=6454"}],"curies":[{"name":"wp","href":"https:\/\/api.w.org\/{rel}","templated":true}]}}