{"id":6422,"date":"2025-01-16T22:32:09","date_gmt":"2025-01-16T21:32:09","guid":{"rendered":"https:\/\/consbarcellona.esteri.it\/servizi-consolari-e-visti\/servizi-per-il-cittadino-straniero\/cittadinanza-2\/adozioni\/"},"modified":"2025-01-16T22:35:40","modified_gmt":"2025-01-16T21:35:40","slug":"adozioni","status":"publish","type":"page","link":"https:\/\/consbarcellona.esteri.it\/es\/servizi-consolari-e-visti\/servizi-per-il-cittadino-straniero\/cittadinanza-2\/adozioni\/","title":{"rendered":"Adopciones"},"content":{"rendered":"<p>Un menor de edad extranjero, si es adoptado por un ciudadano italiano, adquiere la ciudadan\u00eda italiana bien por adopci\u00f3n mediante una orden de la Autoridad Judicial italiana, bien si la adopci\u00f3n se pronuncia en el extranjero y se hace efectiva en Italia mediante una orden (emitida por el Tribunal de Menores) de transcripci\u00f3n en los Registros del Estado Civil.<\/p>\n<p>Si el adoptado es mayor de edad, puede adquirir la nacionalidad italiana por naturalizaci\u00f3n, tras un periodo de residencia legal en Italia de cinco a\u00f1os a partir de la adopci\u00f3n.<\/p>\n<p>En cualquier caso, un menor nunca puede perder la nacionalidad italiana, ni siquiera si la pierde uno de los progenitores o si readquiere la nacionalidad extranjera.<\/p>\n<p>Para m\u00e1s informaci\u00f3n, escriba a: <a href=\"mailto:barcellona.cittadinanza@esteri.it\"><em>barcellona.cittadinanza@esteri.it<\/em><\/a><\/p>\n","protected":false},"excerpt":{"rendered":"Un menor de edad extranjero, si es adoptado por un ciudadano italiano, adquiere la ciudadan\u00eda italiana bien por adopci\u00f3n mediante una orden de la Autoridad Judicial italiana, bien si la adopci\u00f3n se pronuncia en el extranjero y se hace efectiva en Italia mediante una orden (emitida por el Tribunal de Menores) de transcripci\u00f3n en los [&hellip;]","protected":false},"author":8,"featured_media":0,"parent":498,"menu_order":5,"comment_status":"closed","ping_status":"closed","template":"","meta":{"footnotes":""},"class_list":["post-6422","page","type-page","status-publish","hentry"],"_links":{"self":[{"href":"https:\/\/consbarcellona.esteri.it\/es\/wp-json\/wp\/v2\/pages\/6422","targetHints":{"allow":["GET"]}}],"collection":[{"href":"https:\/\/consbarcellona.esteri.it\/es\/wp-json\/wp\/v2\/pages"}],"about":[{"href":"https:\/\/consbarcellona.esteri.it\/es\/wp-json\/wp\/v2\/types\/page"}],"author":[{"embeddable":true,"href":"https:\/\/consbarcellona.esteri.it\/es\/wp-json\/wp\/v2\/users\/8"}],"replies":[{"embeddable":true,"href":"https:\/\/consbarcellona.esteri.it\/es\/wp-json\/wp\/v2\/comments?post=6422"}],"version-history":[{"count":4,"href":"https:\/\/consbarcellona.esteri.it\/es\/wp-json\/wp\/v2\/pages\/6422\/revisions"}],"predecessor-version":[{"id":6443,"href":"https:\/\/consbarcellona.esteri.it\/es\/wp-json\/wp\/v2\/pages\/6422\/revisions\/6443"}],"up":[{"embeddable":true,"href":"https:\/\/consbarcellona.esteri.it\/es\/wp-json\/wp\/v2\/pages\/498"}],"wp:attachment":[{"href":"https:\/\/consbarcellona.esteri.it\/es\/wp-json\/wp\/v2\/media?parent=6422"}],"curies":[{"name":"wp","href":"https:\/\/api.w.org\/{rel}","templated":true}]}}