{"id":6407,"date":"2025-01-16T22:25:00","date_gmt":"2025-01-16T21:25:00","guid":{"rendered":"https:\/\/consbarcellona.esteri.it\/servizi-consolari-e-visti\/servizi-per-il-cittadino-straniero\/cittadinanza-2\/perdita-riacquisto-cittadinanza-italiana\/"},"modified":"2025-01-16T22:27:28","modified_gmt":"2025-01-16T21:27:28","slug":"perdita-riacquisto-cittadinanza-italiana","status":"publish","type":"page","link":"https:\/\/consbarcellona.esteri.it\/es\/servizi-consolari-e-visti\/servizi-per-il-cittadino-straniero\/cittadinanza-2\/perdita-riacquisto-cittadinanza-italiana\/","title":{"rendered":"P\u00e9rdida\/Re-adquisici\u00f3n de la nacionalidad italiana"},"content":{"rendered":"<p><strong>1) P\u00e9rdida de la nacionalidad<\/strong><\/p>\n<p>Los ciudadanos italianos pueden perder la nacionalidad autom\u00e1ticamente o por renuncia formal.<\/p>\n<p>Pierde la nacionalidad\u00a0<strong>autom\u00e1ticamente<\/strong><\/p>\n<ul>\n<li>el ciudadano italiano que se aliste voluntariamente en el ej\u00e9rcito de un Estado extranjero o acepte un cargo p\u00fablico en un Estado extranjero a pesar de que el Gobierno italiano se lo haya prohibido expresamente<\/li>\n<li>el ciudadano italiano que, durante un estado de guerra con un Estado extranjero, haya prestado servicio militar o desempe\u00f1ado un cargo p\u00fablico o haya adquirido la nacionalidad de dicho Estado<\/li>\n<li>el adoptado, en caso de revocaci\u00f3n de la adopci\u00f3n por causas que le sean imputables, siempre que posea o adquiera otra nacionalidad<\/li>\n<\/ul>\n<p><strong>Perder\u00e1 su nacionalidad a condici\u00f3n de que renuncie formalmente a ella<\/strong>:<\/p>\n<ul>\n<li>un adoptado mayor de edad, tras la revocaci\u00f3n de la adopci\u00f3n por un hecho imputable al adoptante, si posee o adquiere otra nacionalidad<\/li>\n<li>un ciudadano italiano, si reside o fija su residencia en el extranjero y posee, adquiere o readquiere otra nacionalidad<\/li>\n<li>un mayor de edad que obtuvo la nacionalidad italiana siendo menor tras la adquisici\u00f3n o readquisici\u00f3n de la nacionalidad por uno de sus progenitores, siempre que posea otra nacionalidad<\/li>\n<\/ul>\n<p>La declaraci\u00f3n de renuncia a la nacionalidad se realiza ante el funcionario del registro civil del municipio donde resida el declarante o, en caso de residencia en el extranjero, ante la autoridad diplom\u00e1tico-consular competente. Debe ir acompa\u00f1ada de la siguiente documentaci\u00f3n<\/p>\n<ul>\n<li>certificado de nacimiento expedido por la autoridad local en la que se haya inscrito o transcrito dicho certificado de nacimiento<\/li>\n<li>certificado de nacionalidad italiana<\/li>\n<li>documentaci\u00f3n relativa a la posesi\u00f3n de la nacionalidad extranjera<\/li>\n<li>documentaci\u00f3n relativa a la residencia en el extranjero (cuando sea necesario)<\/li>\n<\/ul>\n<p><strong>Un ciudadano menor de edad NO pierde la nacionalidad italiana<\/strong>\u00a0si uno o ambos progenitores la pierden o vuelven a adquirir una nacionalidad extranjera.<\/p>\n<p><strong>Las mujeres casadas con extranjeros despu\u00e9s del 1 de enero de 1948<\/strong>\u00a0que hayan adquirido autom\u00e1ticamente una nacionalidad extranjera\u00a0<strong>NO pier<\/strong><strong>den<\/strong>\u00a0la nacionalidad italiana. Para que puedan realizarse las anotaciones necesarias al margen de los registros del estado civil, es necesario que las mujeres afectadas (o sus descendientes) manifiesten a las autoridades competentes (ayuntamientos u oficinas consulares) su deseo de mantenerla.<\/p>\n<p>Desde el 1 de enero de 1948, una mujer no pierde la nacionalidad italiana ni siquiera en caso de adquisici\u00f3n de nacionalidad extranjera por naturalizaci\u00f3n por parte de su marido nacido en Italia.<\/p>\n<p>&nbsp;<\/p>\n<p><strong>2) Recuperaci\u00f3n de la nacionalidad<\/strong><\/p>\n<p>Los ciudadanos italianos\u00a0<strong>que hayan perdido<\/strong>\u00a0la nacionalidad pueden\u00a0<strong>readquirirla<\/strong>\u00a0de las siguientes formas<\/p>\n<p><strong>Autom\u00e1ticamente<\/strong>: transcurrido un a\u00f1o desde la fecha de fijaci\u00f3n de la residencia en el territorio de la Rep\u00fablica, salvo que renuncie a ella dentro del mismo plazo.<\/p>\n<p><strong>Previa declaraci\u00f3n espec\u00edfica<\/strong>: si cumple el servicio militar efectivo en las Fuerzas Armadas italianas; si desempe\u00f1a o ha desempe\u00f1ado un empleo p\u00fablico en el Estado, incluso en el extranjero; si reside en el extranjero, si establece su residencia en Italia en el plazo de un a\u00f1o a partir de la declaraci\u00f3n de readquisici\u00f3n de la nacionalidad presentada ante la Autoridad Consular italiana; si estableci\u00f3 su residencia en Italia hace al menos dos a\u00f1os y demuestra que ha abandonado el empleo p\u00fablico o el servicio militar, tanto si lo ha desempe\u00f1ado como si no, a pesar de la prohibici\u00f3n expresa del Gobierno italiano.<\/p>\n<p><strong>Las mujeres casadas con extranjeros antes del 1 de enero de 1948<\/strong>: pueden readquirir la nacionalidad italiana, aunque residan en el extranjero, mediante declaraci\u00f3n. La declaraci\u00f3n consular de readquisici\u00f3n de la nacionalidad se realiza ante el funcionario del Registro Civil del Municipio donde reside el declarante o, en caso de residencia en el extranjero, ante la autoridad diplom\u00e1tico-consular competente. Debe ir acompa\u00f1ada de la siguiente documentaci\u00f3n<\/p>\n<ul>\n<li>certificado de nacimiento expedido por el Ayuntamiento en la que se haya inscrito o transcrito el certificado de nacimiento;<\/li>\n<li>documentaci\u00f3n que acredite la posesi\u00f3n en el pasado de la nacionalidad italiana<\/li>\n<li>documentaci\u00f3n relativa a la posesi\u00f3n de la nacionalidad extranjera, o del estatuto de ap\u00e1trida;<\/li>\n<li>certificado de situaci\u00f3n familiar o documentaci\u00f3n equivalente.<\/li>\n<\/ul>\n<p>Para m\u00e1s informaci\u00f3n, escriba a:\u00a0<a href=\"mailto:barcellona.cittadinanza@esteri.it\"><em>barcellona.cittadinanza@esteri.it<\/em><\/a><\/p>\n","protected":false},"excerpt":{"rendered":"1) P\u00e9rdida de la nacionalidad Los ciudadanos italianos pueden perder la nacionalidad autom\u00e1ticamente o por renuncia formal. Pierde la nacionalidad\u00a0autom\u00e1ticamente el ciudadano italiano que se aliste voluntariamente en el ej\u00e9rcito de un Estado extranjero o acepte un cargo p\u00fablico en un Estado extranjero a pesar de que el Gobierno italiano se lo haya prohibido expresamente [&hellip;]","protected":false},"author":8,"featured_media":0,"parent":498,"menu_order":4,"comment_status":"closed","ping_status":"closed","template":"","meta":{"footnotes":""},"class_list":["post-6407","page","type-page","status-publish","hentry"],"_links":{"self":[{"href":"https:\/\/consbarcellona.esteri.it\/es\/wp-json\/wp\/v2\/pages\/6407","targetHints":{"allow":["GET"]}}],"collection":[{"href":"https:\/\/consbarcellona.esteri.it\/es\/wp-json\/wp\/v2\/pages"}],"about":[{"href":"https:\/\/consbarcellona.esteri.it\/es\/wp-json\/wp\/v2\/types\/page"}],"author":[{"embeddable":true,"href":"https:\/\/consbarcellona.esteri.it\/es\/wp-json\/wp\/v2\/users\/8"}],"replies":[{"embeddable":true,"href":"https:\/\/consbarcellona.esteri.it\/es\/wp-json\/wp\/v2\/comments?post=6407"}],"version-history":[{"count":1,"href":"https:\/\/consbarcellona.esteri.it\/es\/wp-json\/wp\/v2\/pages\/6407\/revisions"}],"predecessor-version":[{"id":6408,"href":"https:\/\/consbarcellona.esteri.it\/es\/wp-json\/wp\/v2\/pages\/6407\/revisions\/6408"}],"up":[{"embeddable":true,"href":"https:\/\/consbarcellona.esteri.it\/es\/wp-json\/wp\/v2\/pages\/498"}],"wp:attachment":[{"href":"https:\/\/consbarcellona.esteri.it\/es\/wp-json\/wp\/v2\/media?parent=6407"}],"curies":[{"name":"wp","href":"https:\/\/api.w.org\/{rel}","templated":true}]}}