{"id":6392,"date":"2025-01-16T22:19:32","date_gmt":"2025-01-16T21:19:32","guid":{"rendered":"https:\/\/consbarcellona.esteri.it\/servizi-consolari-e-visti\/servizi-per-il-cittadino-straniero\/cittadinanza-2\/cittadinanza-italiana-per-naturalizzazione\/"},"modified":"2025-01-16T22:20:01","modified_gmt":"2025-01-16T21:20:01","slug":"cittadinanza-italiana-per-naturalizzazione","status":"publish","type":"page","link":"https:\/\/consbarcellona.esteri.it\/es\/servizi-consolari-e-visti\/servizi-per-il-cittadino-straniero\/cittadinanza-2\/cittadinanza-italiana-per-naturalizzazione\/","title":{"rendered":"Ciudadan\u00eda italiana por naturalizaci\u00f3n"},"content":{"rendered":"<p>Es posible obtener la naturalizaci\u00f3n tras un periodo de residencia legal en Italia.<\/p>\n<p>Para obtener informaci\u00f3n m\u00e1s detallada sobre esta cuesti\u00f3n, consulte la p\u00e1gina web del Ministerio del Interior italiano\u00a0<a href=\"http:\/\/www.interno.it\/\"><em>http:\/\/www.interno.it.<\/em><\/a><\/p>\n","protected":false},"excerpt":{"rendered":"Es posible obtener la naturalizaci\u00f3n tras un periodo de residencia legal en Italia. Para obtener informaci\u00f3n m\u00e1s detallada sobre esta cuesti\u00f3n, consulte la p\u00e1gina web del Ministerio del Interior italiano\u00a0http:\/\/www.interno.it.","protected":false},"author":8,"featured_media":0,"parent":498,"menu_order":3,"comment_status":"closed","ping_status":"closed","template":"","meta":{"footnotes":""},"class_list":["post-6392","page","type-page","status-publish","hentry"],"_links":{"self":[{"href":"https:\/\/consbarcellona.esteri.it\/es\/wp-json\/wp\/v2\/pages\/6392","targetHints":{"allow":["GET"]}}],"collection":[{"href":"https:\/\/consbarcellona.esteri.it\/es\/wp-json\/wp\/v2\/pages"}],"about":[{"href":"https:\/\/consbarcellona.esteri.it\/es\/wp-json\/wp\/v2\/types\/page"}],"author":[{"embeddable":true,"href":"https:\/\/consbarcellona.esteri.it\/es\/wp-json\/wp\/v2\/users\/8"}],"replies":[{"embeddable":true,"href":"https:\/\/consbarcellona.esteri.it\/es\/wp-json\/wp\/v2\/comments?post=6392"}],"version-history":[{"count":1,"href":"https:\/\/consbarcellona.esteri.it\/es\/wp-json\/wp\/v2\/pages\/6392\/revisions"}],"predecessor-version":[{"id":6394,"href":"https:\/\/consbarcellona.esteri.it\/es\/wp-json\/wp\/v2\/pages\/6392\/revisions\/6394"}],"up":[{"embeddable":true,"href":"https:\/\/consbarcellona.esteri.it\/es\/wp-json\/wp\/v2\/pages\/498"}],"wp:attachment":[{"href":"https:\/\/consbarcellona.esteri.it\/es\/wp-json\/wp\/v2\/media?parent=6392"}],"curies":[{"name":"wp","href":"https:\/\/api.w.org\/{rel}","templated":true}]}}