{"id":6354,"date":"2025-01-16T22:02:14","date_gmt":"2025-01-16T21:02:14","guid":{"rendered":"https:\/\/consbarcellona.esteri.it\/servizi-consolari-e-visti\/servizi-per-il-cittadino-straniero\/cittadinanza-2\/cittadinanza-italiana-per-discendenza\/"},"modified":"2025-08-20T13:06:47","modified_gmt":"2025-08-20T11:06:47","slug":"cittadinanza-italiana-per-discendenza","status":"publish","type":"page","link":"https:\/\/consbarcellona.esteri.it\/es\/servizi-consolari-e-visti\/servizi-per-il-cittadino-straniero\/cittadinanza-2\/cittadinanza-italiana-per-discendenza\/","title":{"rendered":"Ciudadan\u00eda italiana por descendencia (iure sanguinis)"},"content":{"rendered":"<p>Versi\u00f3n en espa\u00f1ol en actualizaci\u00f3n. Se ruega consultar la p\u00e1gina en italiano.<\/p>\n","protected":false},"excerpt":{"rendered":"Versi\u00f3n en espa\u00f1ol en actualizaci\u00f3n. Se ruega consultar la p\u00e1gina en italiano.","protected":false},"author":8,"featured_media":0,"parent":498,"menu_order":1,"comment_status":"closed","ping_status":"closed","template":"","meta":{"footnotes":""},"class_list":["post-6354","page","type-page","status-publish","hentry"],"_links":{"self":[{"href":"https:\/\/consbarcellona.esteri.it\/es\/wp-json\/wp\/v2\/pages\/6354","targetHints":{"allow":["GET"]}}],"collection":[{"href":"https:\/\/consbarcellona.esteri.it\/es\/wp-json\/wp\/v2\/pages"}],"about":[{"href":"https:\/\/consbarcellona.esteri.it\/es\/wp-json\/wp\/v2\/types\/page"}],"author":[{"embeddable":true,"href":"https:\/\/consbarcellona.esteri.it\/es\/wp-json\/wp\/v2\/users\/8"}],"replies":[{"embeddable":true,"href":"https:\/\/consbarcellona.esteri.it\/es\/wp-json\/wp\/v2\/comments?post=6354"}],"version-history":[{"count":6,"href":"https:\/\/consbarcellona.esteri.it\/es\/wp-json\/wp\/v2\/pages\/6354\/revisions"}],"predecessor-version":[{"id":8747,"href":"https:\/\/consbarcellona.esteri.it\/es\/wp-json\/wp\/v2\/pages\/6354\/revisions\/8747"}],"up":[{"embeddable":true,"href":"https:\/\/consbarcellona.esteri.it\/es\/wp-json\/wp\/v2\/pages\/498"}],"wp:attachment":[{"href":"https:\/\/consbarcellona.esteri.it\/es\/wp-json\/wp\/v2\/media?parent=6354"}],"curies":[{"name":"wp","href":"https:\/\/api.w.org\/{rel}","templated":true}]}}