{"id":531,"date":"2023-05-12T11:08:54","date_gmt":"2023-05-12T09:08:54","guid":{"rendered":"https:\/\/consbarcellona.esteri.it\/?page_id=531"},"modified":"2024-10-23T16:41:50","modified_gmt":"2024-10-23T14:41:50","slug":"consigli-per-i-turisti-e-servizi-per-i-non-residenti","status":"publish","type":"page","link":"https:\/\/consbarcellona.esteri.it\/es\/servizi-consolari-e-visti\/servizi-per-il-cittadino-italiano\/asistencia-social\/consigli-per-i-turisti-e-servizi-per-i-non-residenti\/","title":{"rendered":"Consejos para Turistas y Servicios para no Residentes"},"content":{"rendered":"<p>Cabe recordar que el n\u00famero para emergencias REALES Y GRAVES en todo el territorio espa\u00f1ol es el <strong><u>112<\/u> (Ambulancia, Polic\u00eda, Bomberos).<\/strong><\/p>\n<p>En caso de robo o p\u00e9rdida de documentos, es necesario presentar una denuncia en la comisar\u00eda de polic\u00eda m\u00e1s cercana. Dado que la normativa Schengen actual ha suprimido las fronteras dentro de su espacio, la denuncia es suficiente para el regreso a Italia por tierra o por barco. <strong>Para quienes viajen en avi\u00f3n<\/strong>, dado que los requisitos de embarque de los pasajeros dependen exclusivamente de las disposiciones internas de las distintas compa\u00f1\u00edas, <strong>es aconsejable consultar directamente a su aerol\u00ednea. Para quienes viajan con compa\u00f1\u00edas que no cumplen con la normativa Schengen (como Ryanair), es posible solicitar un documento provisional de viaje conforme con el art. 23.1, n. 71del Decreto Legislativo 3 de febrero de 2011.<\/strong><\/p>\n<p>Para m\u00e1s informaci\u00f3n sobre la solicitud de un documento provisional de viaje (ETD) &gt;\u00a0<a href=\"https:\/\/consbarcellona.esteri.it\/it\/servizi-consolari-e-visti\/servizi-per-il-cittadino-italiano\/emergency-travel-documents-etd\/\"><em>clic aqu\u00ed<\/em><\/a><\/p>\n<p><strong>En caso de robo, se sugiere a los conciudadanos que:<\/strong><\/p>\n<ul>\n<li>Bloqueen inmediatamente sus tarjetas de cr\u00e9dito y, si es necesario, sus tel\u00e9fonos m\u00f3viles.<\/li>\n<li>Se informen con su compa\u00f1\u00eda de cr\u00e9dito (Visa, Mastercard, American Express, etc.) sobre c\u00f3mo bloquear la tarjeta desde el extranjero y sobre la posibilidad de disponer de la misma l\u00ednea de cr\u00e9dito.<\/li>\n<li>Se recuerda, para mayor seguridad, que en caso de encontrarse sin dinero y sin cobertura de seguro de viaje, es posible utilizar los siguientes sistemas:<\/li>\n<\/ul>\n<ul>\n<li>Obtener cobertura financiera (por ejemplo, hotel, billetes de avi\u00f3n, etc.) mediante el pago con tarjeta de cr\u00e9dito a nombre de terceros.<\/li>\n<li>Obtener dinero en efectivo a trav\u00e9s de Western Union u otras agencias de transferencia de dinero (para retirar dichas sumas es indispensable presentar un documento de identidad); la transferencia, que se realiza en tiempo real, puede ser efectuada por cualquier persona directamente en las agencias correspondientes.<\/li>\n<\/ul>\n<p><strong>Para obtener informaci\u00f3n espec\u00edfica, se pueden contactar a los siguientes n\u00fameros:<\/strong><\/p>\n<ul>\n<li>Western Union: 800.788.935 (n\u00famero gratuito italiano) y 900.633.633 \/ 900.983.273 (n\u00famero gratuito espa\u00f1ol).<\/li>\n<\/ul>\n<ul>\n<li>Money Gram: 803.160 (n\u00famero gratuito italiano) 901.201.010 (tel\u00e9fono de Madrid).<\/li>\n<\/ul>\n<p>Es posible llamar a Italia, cobrando la llamada al destinatario, marcando desde cualquier cabina telef\u00f3nica el n\u00famero: 900.990.391.<\/p>\n<p><strong>Para m\u00e1s informaci\u00f3n: <a href=\"https:\/\/www.viaggiaresicuri.it\/find-country\/country\/ESP\" target=\"_blank\" rel=\"noopener\">Viaggiare Sicuri<\/a><\/strong><\/p>\n","protected":false},"excerpt":{"rendered":"Cabe recordar que el n\u00famero para emergencias REALES Y GRAVES en todo el territorio espa\u00f1ol es el 112 (Ambulancia, Polic\u00eda, Bomberos). En caso de robo o p\u00e9rdida de documentos, es necesario presentar una denuncia en la comisar\u00eda de polic\u00eda m\u00e1s cercana. Dado que la normativa Schengen actual ha suprimido las fronteras dentro de su espacio, [&hellip;]","protected":false},"author":6,"featured_media":0,"parent":367,"menu_order":4,"comment_status":"closed","ping_status":"closed","template":"","meta":{"footnotes":""},"class_list":["post-531","page","type-page","status-publish","hentry"],"_links":{"self":[{"href":"https:\/\/consbarcellona.esteri.it\/es\/wp-json\/wp\/v2\/pages\/531","targetHints":{"allow":["GET"]}}],"collection":[{"href":"https:\/\/consbarcellona.esteri.it\/es\/wp-json\/wp\/v2\/pages"}],"about":[{"href":"https:\/\/consbarcellona.esteri.it\/es\/wp-json\/wp\/v2\/types\/page"}],"author":[{"embeddable":true,"href":"https:\/\/consbarcellona.esteri.it\/es\/wp-json\/wp\/v2\/users\/6"}],"replies":[{"embeddable":true,"href":"https:\/\/consbarcellona.esteri.it\/es\/wp-json\/wp\/v2\/comments?post=531"}],"version-history":[{"count":7,"href":"https:\/\/consbarcellona.esteri.it\/es\/wp-json\/wp\/v2\/pages\/531\/revisions"}],"predecessor-version":[{"id":5509,"href":"https:\/\/consbarcellona.esteri.it\/es\/wp-json\/wp\/v2\/pages\/531\/revisions\/5509"}],"up":[{"embeddable":true,"href":"https:\/\/consbarcellona.esteri.it\/es\/wp-json\/wp\/v2\/pages\/367"}],"wp:attachment":[{"href":"https:\/\/consbarcellona.esteri.it\/es\/wp-json\/wp\/v2\/media?parent=531"}],"curies":[{"name":"wp","href":"https:\/\/api.w.org\/{rel}","templated":true}]}}