{"id":514,"date":"2023-05-12T10:40:24","date_gmt":"2023-05-12T08:40:24","guid":{"rendered":"https:\/\/consbarcellona.esteri.it\/?page_id=514"},"modified":"2023-05-12T10:42:08","modified_gmt":"2023-05-12T08:42:08","slug":"certificado-de-antecedentes-penales-certificato-penale","status":"publish","type":"page","link":"https:\/\/consbarcellona.esteri.it\/es\/servizi-consolari-e-visti\/servizi-per-il-cittadino-italiano\/autocertificazione\/certificado-de-antecedentes-penales-certificato-penale\/","title":{"rendered":"Certificado de antecedentes penales (Certificato Penale)"},"content":{"rendered":"<p>Las personas que residen en el extranjero, sean ciudadanos italianos o extranjeros, pueden obtener un certificado de antecedentes penales enviando la solicitud a cualquier oficina de la Procura della Repubblica en Italia (Ufficio del \u00abCasellario Giudiziale\u00bb), independientemente del lugar de nacimiento o de residencia. Las Oficinas Consulares no expiden certificados penales ni pueden tramitar las solicitudes por cuenta de terceros.<\/p>\n<p>El certificado se expide \u00fanicamente en lengua italiana y, si lo emite por la oficina de Bolzano, en alem\u00e1n.<\/p>\n<p>En aplicaci\u00f3n del Reglamento de la UE n. 2016\/1911, de 6 de julio de 2016, ya no es necesario solicitar que los documentos p\u00fablicos emitidos en un pa\u00eds de la UE se completen con la \u00abApostilla\u00bb de La Haya del 5 de octubre de 1961 (nota: s\u00f3lo los previstos en el reglamento). Estos documentos p\u00fablicos son: documentos administrativos, escrituras notariales, sentencias y documentos consulares. El reglamento tambi\u00e9n establece formularios est\u00e1ndar multiling\u00fces (en todas las lenguas de la UE) que pueden adoptarse, a solicitud de las partes interesadas, para documentos p\u00fablicos relacionados con: nacimiento, existencia en vida, deceso, matrimonio, uni\u00f3n registrada, domicilio y\/o residencia, ausencia de antecedentes penales.<\/p>\n<p>Toda la informaci\u00f3n sobre las modalidades de expedici\u00f3n del certificado est\u00e1n descritas en la p\u00e1gina web del Ministero della Giustizia italiano: <a href=\"https:\/\/certificaticasellario.giustizia.it\/sac\"><em>https:\/\/certificaticasellario.giustizia.it\/sac<\/em><\/a><\/p>\n<p>En caso de dudas o aclaraciones sobre este servicio los interesados deber\u00e1n dirigirse directamente a la oficina de la Procura della Repubblica elegida. Se proporcionan a continuaci\u00f3n los contactos de la Procura della Repubblica de Roma, que contesta en italiano o en ingl\u00e9s:<\/p>\n<p><strong>Procura della Repubblica presso il Tribunale di Roma<\/strong><br \/>\nVia Mario Amato n. 13\/152 (Piazzale Clodio)<br \/>\n00195 ROMA (RM)<br \/>\nTel. 06 38701 \u2013 06 38704012 \u2013 06 38704009<br \/>\nFax 06 39736135<br \/>\nE-mail: <a href=\"mailto:casellario.procura.roma@giustizia.it\"><em>casellario.procura.roma@giustizia.it<\/em><\/a><\/p>\n<p>Para m\u00e1s informaci\u00f3n [<a href=\"https:\/\/www.giustizia.it\/giustizia\/it\/mg_3_3_2.wp?tab=d\"><em>pulse aqu\u00ed<\/em><\/a>]<\/p>\n<p><strong>SE RUEGA NO ENVIAR PETICIONES DE CERTIFICADOS PENALES AL CONSULADO GENERAL. LAS SOLICITUDES RECIBIDAS POR ERROR NO PODR\u00c1N SER CURSADAS.<\/strong><\/p>\n","protected":false},"excerpt":{"rendered":"Las personas que residen en el extranjero, sean ciudadanos italianos o extranjeros, pueden obtener un certificado de antecedentes penales enviando la solicitud a cualquier oficina de la Procura della Repubblica en Italia (Ufficio del \u00abCasellario Giudiziale\u00bb), independientemente del lugar de nacimiento o de residencia. Las Oficinas Consulares no expiden certificados penales ni pueden tramitar las [&hellip;]","protected":false},"author":6,"featured_media":0,"parent":506,"menu_order":0,"comment_status":"closed","ping_status":"closed","template":"","meta":{"footnotes":""},"class_list":["post-514","page","type-page","status-publish","hentry"],"_links":{"self":[{"href":"https:\/\/consbarcellona.esteri.it\/es\/wp-json\/wp\/v2\/pages\/514","targetHints":{"allow":["GET"]}}],"collection":[{"href":"https:\/\/consbarcellona.esteri.it\/es\/wp-json\/wp\/v2\/pages"}],"about":[{"href":"https:\/\/consbarcellona.esteri.it\/es\/wp-json\/wp\/v2\/types\/page"}],"author":[{"embeddable":true,"href":"https:\/\/consbarcellona.esteri.it\/es\/wp-json\/wp\/v2\/users\/6"}],"replies":[{"embeddable":true,"href":"https:\/\/consbarcellona.esteri.it\/es\/wp-json\/wp\/v2\/comments?post=514"}],"version-history":[{"count":1,"href":"https:\/\/consbarcellona.esteri.it\/es\/wp-json\/wp\/v2\/pages\/514\/revisions"}],"predecessor-version":[{"id":515,"href":"https:\/\/consbarcellona.esteri.it\/es\/wp-json\/wp\/v2\/pages\/514\/revisions\/515"}],"up":[{"embeddable":true,"href":"https:\/\/consbarcellona.esteri.it\/es\/wp-json\/wp\/v2\/pages\/506"}],"wp:attachment":[{"href":"https:\/\/consbarcellona.esteri.it\/es\/wp-json\/wp\/v2\/media?parent=514"}],"curies":[{"name":"wp","href":"https:\/\/api.w.org\/{rel}","templated":true}]}}