{"id":506,"date":"2023-05-12T10:30:09","date_gmt":"2023-05-12T08:30:09","guid":{"rendered":"https:\/\/consbarcellona.esteri.it\/?page_id=506"},"modified":"2025-01-28T13:05:46","modified_gmt":"2025-01-28T12:05:46","slug":"autocertificazione","status":"publish","type":"page","link":"https:\/\/consbarcellona.esteri.it\/es\/servizi-consolari-e-visti\/servizi-per-il-cittadino-italiano\/autocertificazione\/","title":{"rendered":"Certificados anagr\u00e1ficos y Auto certificaci\u00f3n"},"content":{"rendered":"<ul>\n<li><strong><a href=\"https:\/\/consbarcellona.esteri.it\/es\/servizi-consolari-e-visti\/servizi-per-il-cittadino-italiano\/autocertificazione\/certificados-anagraficos\/\">Certificados anagr\u00e1ficos<\/a><\/strong><\/li>\n<li><strong><a href=\"https:\/\/consbarcellona.esteri.it\/es\/servizi-consolari-e-visti\/servizi-per-il-cittadino-italiano\/autocertificazione\/certificado-de-antecedentes-penales-certificato-penale\/\">Certificado de antecedentes penales<\/a><\/strong><\/li>\n<li><strong>Actas y certificados de registro civil<\/strong><\/li>\n<li><strong><a href=\"https:\/\/consbarcellona.esteri.it\/es\/servizi-consolari-e-visti\/servizi-per-il-cittadino-italiano\/autocertificazione\/certificato-esecuzione-lavori-c-e-l\/\">C.E.L. &#8211; Certificazione Esecuzione Lavori all&#8217;estero (solo en italiano)<\/a><\/strong><\/li>\n<\/ul>\n<p>La auto certificaci\u00f3n es una declaraci\u00f3n que el interesado redacta y firma en su propio inter\u00e9s sobre estados, hechos y cualidades personales, y que utiliza en sus relaciones con la Administraci\u00f3n P\u00fablica y con los gestores de servicios p\u00fablicos. En la relaci\u00f3n con un sujeto privado, el recurso a la auto certificaci\u00f3n queda a la discrecionalidad de este \u00faltimo.<\/p>\n<p>Desde el 1 de enero de 2012, los certificados tienen validez solo en las relaciones entre privados o entre estos y autoridades extranjeras, mientras que las Administraciones P\u00fablicas italianas ya no pueden solicitar ni aceptar certificados, que deben ser siempre sustituidos por auto certificaciones.<\/p>\n<p>Las normas sobre auto certificaci\u00f3n se aplican a los ciudadanos italianos y de la Uni\u00f3n Europea, as\u00ed como a los ciudadanos extracomunitarios que residan legalmente en Italia, limit\u00e1ndose a los datos verificables o certificables en Italia por sujetos p\u00fablicos.<\/p>\n<p>Las declaraciones sustitutivas a las que se refieren los art\u00edculos 46 y 47 del D.P.R. n. 445\/2000 pueden ser firmadas en presencia del empleado encargado o pueden ser presentadas o enviadas ya firmadas, siempre que se adjunte una copia fotost\u00e1tica no autenticada de un documento de identidad del firmante.<\/p>\n<p>Dicha declaraci\u00f3n puede referirse tambi\u00e9n a circunstancias relativas a otros sujetos, de los cuales el declarante tenga conocimiento directo, as\u00ed como a la conformidad con el original de copias de actos o documentos conservados o emitidos por una administraci\u00f3n p\u00fablica, de copias de publicaciones, de copias de t\u00edtulos de estudio o de servicio, o de copias de documentos fiscales que deben ser obligatoriamente conservados por los privados.<\/p>\n<p><strong>La posibilidad de hacer uso de la auto certificaci\u00f3n nunca est\u00e1 permitida para los certificados:<\/strong><\/p>\n<ul>\n<li>m\u00e9dicos;<\/li>\n<li>sanitarios;<\/li>\n<li>veterinarios;<\/li>\n<li>de origen;<\/li>\n<li>de conformidad CE;<\/li>\n<li>marcas o patentes.<\/li>\n<\/ul>\n<p><strong>En caso de que las administraciones tengan dudas sobre la veracidad de las auto certificaciones, est\u00e1n obligadas a realizar los controles necesarios. Si se encuentran declaraciones falsas, la falsedad en los actos y el uso de actos falsos son penalizados seg\u00fan el c\u00f3digo penal y las leyes especiales en la materia (art. 76 DPR 445\/2000). Adem\u00e1s, el declarante pierde los beneficios eventualmente obtenidos gracias a disposiciones basadas en declaraciones no ver\u00eddicas. <\/strong><\/p>\n","protected":false},"excerpt":{"rendered":"Certificados anagr\u00e1ficos Certificado de antecedentes penales Actas y certificados de registro civil C.E.L. &#8211; Certificazione Esecuzione Lavori all&#8217;estero (solo en italiano) La auto certificaci\u00f3n es una declaraci\u00f3n que el interesado redacta y firma en su propio inter\u00e9s sobre estados, hechos y cualidades personales, y que utiliza en sus relaciones con la Administraci\u00f3n P\u00fablica y con [&hellip;]","protected":false},"author":6,"featured_media":0,"parent":193,"menu_order":11,"comment_status":"closed","ping_status":"closed","template":"","meta":{"footnotes":""},"class_list":["post-506","page","type-page","status-publish","hentry"],"_links":{"self":[{"href":"https:\/\/consbarcellona.esteri.it\/es\/wp-json\/wp\/v2\/pages\/506","targetHints":{"allow":["GET"]}}],"collection":[{"href":"https:\/\/consbarcellona.esteri.it\/es\/wp-json\/wp\/v2\/pages"}],"about":[{"href":"https:\/\/consbarcellona.esteri.it\/es\/wp-json\/wp\/v2\/types\/page"}],"author":[{"embeddable":true,"href":"https:\/\/consbarcellona.esteri.it\/es\/wp-json\/wp\/v2\/users\/6"}],"replies":[{"embeddable":true,"href":"https:\/\/consbarcellona.esteri.it\/es\/wp-json\/wp\/v2\/comments?post=506"}],"version-history":[{"count":4,"href":"https:\/\/consbarcellona.esteri.it\/es\/wp-json\/wp\/v2\/pages\/506\/revisions"}],"predecessor-version":[{"id":6717,"href":"https:\/\/consbarcellona.esteri.it\/es\/wp-json\/wp\/v2\/pages\/506\/revisions\/6717"}],"up":[{"embeddable":true,"href":"https:\/\/consbarcellona.esteri.it\/es\/wp-json\/wp\/v2\/pages\/193"}],"wp:attachment":[{"href":"https:\/\/consbarcellona.esteri.it\/es\/wp-json\/wp\/v2\/media?parent=506"}],"curies":[{"name":"wp","href":"https:\/\/api.w.org\/{rel}","templated":true}]}}