{"id":498,"date":"2023-05-12T10:23:08","date_gmt":"2023-05-12T08:23:08","guid":{"rendered":"https:\/\/consbarcellona.esteri.it\/?page_id=498"},"modified":"2025-08-20T12:58:06","modified_gmt":"2025-08-20T10:58:06","slug":"cittadinanza-2","status":"publish","type":"page","link":"https:\/\/consbarcellona.esteri.it\/es\/servizi-consolari-e-visti\/servizi-per-il-cittadino-straniero\/cittadinanza-2\/","title":{"rendered":"Ciudadan\u00eda"},"content":{"rendered":"<ul>\n<li><strong><a href=\"https:\/\/consbarcellona.esteri.it\/es\/servizi-consolari-e-visti\/servizi-per-il-cittadino-straniero\/cittadinanza-2\/cittadinanza-italiana-per-discendenza\/\" target=\"_blank\" rel=\"noopener\">Ciudadan\u00eda italiana por descendencia<\/a><\/strong><\/li>\n<li><a href=\"https:\/\/consbarcellona.esteri.it\/es\/servizi-consolari-e-visti\/servizi-per-il-cittadino-straniero\/cittadinanza-2\/dichiarazione-di-acquisto-della-cittadinanza-per-beneficio-di-legge-figli-minori-nati-allestero-da-cittadini-iure-sanguinis\/\"><strong>Declaraci\u00f3n de adquisici\u00f3n de la nacionalidad italiana por beneficio de ley (hijos menores nacidos en el extranjero de ciudadanos italianos iure sanguinis)<\/strong><\/a><\/li>\n<li><strong><a href=\"https:\/\/consbarcellona.esteri.it\/es\/servizi-consolari-e-visti\/servizi-per-il-cittadino-straniero\/cittadinanza-2\/cittadinanza-italiana-per-matrimonio-o-per-unione-civile\/\" target=\"_blank\" rel=\"noopener\">Ciudadan\u00eda italiana por matrimonio o uni\u00f3n civil<\/a><\/strong><\/li>\n<li><a href=\"https:\/\/consbarcellona.esteri.it\/es\/servizi-consolari-e-visti\/servizi-per-il-cittadino-straniero\/cittadinanza-2\/cittadinanza-italiana-per-naturalizzazione\/\" target=\"_blank\" rel=\"noopener\"><strong>Ciudadan\u00eda italiana por naturalizaci\u00f3n<\/strong><\/a><\/li>\n<li><a href=\"https:\/\/consbarcellona.esteri.it\/es\/servizi-consolari-e-visti\/servizi-per-il-cittadino-straniero\/cittadinanza-2\/perdita-riacquisto-cittadinanza-italiana\/\" target=\"_blank\" rel=\"noopener\"><strong>P\u00e9rdida\/Re-adquisici\u00f3n de la nacionalidad italiana<\/strong><\/a><\/li>\n<li><a href=\"https:\/\/consbarcellona.esteri.it\/es\/servizi-consolari-e-visti\/servizi-per-il-cittadino-straniero\/cittadinanza-2\/adozioni\/\" target=\"_blank\" rel=\"noopener\"><strong>Adopciones<\/strong><\/a><\/li>\n<li><a href=\"https:\/\/consbarcellona.esteri.it\/es\/servizi-consolari-e-visti\/servizi-per-il-cittadino-straniero\/cittadinanza-2\/riconoscimento-di-paternita-o-maternita\/\" target=\"_blank\" rel=\"noopener\"><strong>Reconocimiento de paternidad o maternidad<\/strong><\/a><\/li>\n<li><a href=\"https:\/\/consbarcellona.esteri.it\/es\/servizi-consolari-e-visti\/servizi-per-il-cittadino-straniero\/cittadinanza-2\/tariffe-per-il-trattamento-delle-domande-di-cittadinanza\/\" target=\"_blank\" rel=\"noopener\"><strong>Tarifas para el tratamiento de las solicitudes de ciudadan\u00eda<\/strong><\/a><\/li>\n<\/ul>\n<p>&nbsp;<\/p>\n<p><span style=\"text-decoration: underline;\"><strong>AVISO<\/strong><\/span><\/p>\n<p>Las citas para presentar la solicitud de reconocimiento de la ciudadan\u00eda por descendencia y para los casos residuales de solicitud de reconocimiento de la adquisici\u00f3n autom\u00e1tica de la ciudadan\u00eda por parte de una mujer extranjera casada con un ciudadano italiano antes del 27\/04\/1983 (art. 10, ley n. 555 de 13\/06\/1983), que nunca haya sido titular de documentos italianos ni inscrita en un registro italiano, se solicitan exclusivamente a trav\u00e9s del portal \u00ab<a href=\"https:\/\/prenotami.esteri.it\/\">Prenot@Mi<\/a>\u00bb.<\/p>\n<p>Para m\u00e1s informaci\u00f3n, escriba a <a href=\"mailto:barcellona.cittadinanza@esteri.it\">barcellona.cittadinanza@esteri.it<\/a><\/p>\n","protected":false},"excerpt":{"rendered":"Ciudadan\u00eda italiana por descendencia Declaraci\u00f3n de adquisici\u00f3n de la nacionalidad italiana por beneficio de ley (hijos menores nacidos en el extranjero de ciudadanos italianos iure sanguinis) Ciudadan\u00eda italiana por matrimonio o uni\u00f3n civil Ciudadan\u00eda italiana por naturalizaci\u00f3n P\u00e9rdida\/Re-adquisici\u00f3n de la nacionalidad italiana Adopciones Reconocimiento de paternidad o maternidad Tarifas para el tratamiento de las solicitudes [&hellip;]","protected":false},"author":6,"featured_media":0,"parent":224,"menu_order":0,"comment_status":"closed","ping_status":"closed","template":"","meta":{"footnotes":""},"class_list":["post-498","page","type-page","status-publish","hentry"],"_links":{"self":[{"href":"https:\/\/consbarcellona.esteri.it\/es\/wp-json\/wp\/v2\/pages\/498","targetHints":{"allow":["GET"]}}],"collection":[{"href":"https:\/\/consbarcellona.esteri.it\/es\/wp-json\/wp\/v2\/pages"}],"about":[{"href":"https:\/\/consbarcellona.esteri.it\/es\/wp-json\/wp\/v2\/types\/page"}],"author":[{"embeddable":true,"href":"https:\/\/consbarcellona.esteri.it\/es\/wp-json\/wp\/v2\/users\/6"}],"replies":[{"embeddable":true,"href":"https:\/\/consbarcellona.esteri.it\/es\/wp-json\/wp\/v2\/comments?post=498"}],"version-history":[{"count":7,"href":"https:\/\/consbarcellona.esteri.it\/es\/wp-json\/wp\/v2\/pages\/498\/revisions"}],"predecessor-version":[{"id":8735,"href":"https:\/\/consbarcellona.esteri.it\/es\/wp-json\/wp\/v2\/pages\/498\/revisions\/8735"}],"up":[{"embeddable":true,"href":"https:\/\/consbarcellona.esteri.it\/es\/wp-json\/wp\/v2\/pages\/224"}],"wp:attachment":[{"href":"https:\/\/consbarcellona.esteri.it\/es\/wp-json\/wp\/v2\/media?parent=498"}],"curies":[{"name":"wp","href":"https:\/\/api.w.org\/{rel}","templated":true}]}}