{"id":477,"date":"2023-05-11T15:12:13","date_gmt":"2023-05-11T13:12:13","guid":{"rendered":"https:\/\/consbarcellona.esteri.it\/?page_id=477"},"modified":"2024-02-22T16:24:52","modified_gmt":"2024-02-22T15:24:52","slug":"divorcio","status":"publish","type":"page","link":"https:\/\/consbarcellona.esteri.it\/es\/servizi-consolari-e-visti\/servizi-per-il-cittadino-italiano\/informacion-general-de-estado-civil\/divorcio\/","title":{"rendered":"Divorcio"},"content":{"rendered":"<p>Las sentencias de divorcio deben ser registradas en el Comune italiano donde est\u00e1 inscrita la partida del correspondiente matrimonio, con el fin de anotar su disoluci\u00f3n en el mismo.<\/p>\n<p>La documentaci\u00f3n relativa al divorcio se env\u00eda por correo a la direcci\u00f3n de este Consulado General:<br \/>\nc\/Aribau 185, planta 4, 08021 Barcelona<\/p>\n<p>Antes de tramitar el env\u00edo a Italia el consulado deber\u00e1 realizar una serie de comprobaciones. En especial, hay que comprobar que la sentencia haya sido pronunciada por un Juez competente, que sea firme (definitiva), que no se vulneraron los derechos b\u00e1sicos de la defensa, que las partes se personaron en el juicio o fueron declaradas en rebeld\u00eda conforme a la Ley del lugar del juicio.<\/p>\n<p>En consideraci\u00f3n de la variedad y las diferencias legales en los varios Estados, la competencia para realizar estas comprobaciones pertenece al Consulado en cuya jurisdicci\u00f3n se encuentra el Tribunal que pronuncia la sentencia, independientemente del lugar de residencia de la persona interesada.<\/p>\n<p><strong>En consecuencia, para solicitar el reconocimiento de una sentencia de divorcio pronunciadas por un Tribunal no espa\u00f1ol o andorrano, los ciudadanos podr\u00e1n dirigirse al Consulado competente o directamente al Comune italiano, evitando de este modo la posibilidad que el reconocimiento sea rechazado por falta de requisitos.<br \/>\n<\/strong><\/p>\n<p><strong>Sentencias de divorcio emitidas en Espa\u00f1a desde el 01\/08\/2022 en adelante.<\/strong><\/p>\n<p><strong>Deben enviarse los siguientes documentos:<\/strong><\/p>\n<ol>\n<li><a href=\"https:\/\/consbarcellona.esteri.it\/wp-content\/uploads\/2024\/02\/mod-divorzio-UE_01-08-2022.doc\"><em>Solicitud de registro<\/em><\/a><\/li>\n<li>Anexos II \u2013 III \u2013 VIII (consultar la informaci\u00f3n a continuaci\u00f3n)<\/li>\n<li>Fotocopia del documento italiano v\u00e1lido (Pasaporte o \u00abCarta d\u2019identit\u00e0\u00bb)<\/li>\n<li>Fotocopia de la sentencia\/acta notarial.<\/li>\n<\/ol>\n<p>Para poder enviar a Italia la documentaci\u00f3n relativa a un divorcio, la sentencia debe ser firme (definitiva).<\/p>\n<p><strong>ATENCI\u00d3N:<\/strong> desde el01\/08\/2022 se aplica el Reglamento (UE) 2019\/1111 del Consejo.<\/p>\n<p>Los nuevos Anexos a presentar para registrar en Italia una sentencia pronunciada, a partir del 01\/08\/2022, por un Estado miembro de la Uni\u00f3n europea (a excepci\u00f3n de Dinamarca) son:<\/p>\n<p>A) DIVORCIOS DICTADOS POR UN TRIBUNAL<\/p>\n<p><strong>ANEXO II<\/strong> \u2013 CERTIFICADO RELATIVO A LAS RESOLUCIONES EN MATERIA MATRIMONIAL<\/p>\n<p>[Art. 36 bis, p\u00e1rr.1, letra a) del Reglamento (UE) 2019\/1111 del Consejo]<\/p>\n<p>B) SI HAY HIJOS MENORES DE EDAD:<\/p>\n<p><strong>ANEXO III<\/strong> \u2013 CERTIFICADO RELATIVO A LAS RESOLUCIONES EN MATERIA DE RESPONSABILIDAD PARENTAL<\/p>\n<p>[Art. 36, p\u00e1rr.1, letra b) del Reglamento (UE) 2019\/1111 del Consejo]<\/p>\n<p>C) DIVORCIOS TRAMITADOS ANTE UN NOTARIO ESPA\u00d1OL (este procedimiento puede realizarse en Espa\u00f1a si no hay hijos menores de edad)<\/p>\n<p><strong>ANEXO VIII<\/strong><\/p>\n<p>CERTIFICADO RELATIVO A UN DOCUMENTO P\u00daBLICO O ACUERDO EN MATERIA DE DIVORCIO O SEPARACI\u00d3N PERSONAL<\/p>\n<p>[Art. 66, p\u00e1rr.1, letra a) del Reglamento (UE) 2019\/1111 del Consejo]<\/p>\n<p>Estos anexos no necesitan legalizaci\u00f3n (apostille). El certificado se rellenar\u00e1 y ser\u00e1 expedido en la lengua de la resoluci\u00f3n. El certificado tambi\u00e9n podr\u00e1 expedirse en otra lengua oficial de las instituciones de la Uni\u00f3n Europea solicitada por la parte. El \u00f3rgano jurisdiccional que expide el certificado no est\u00e1 obligado a proporcionar una traducci\u00f3n o transcripci\u00f3n del contenido traducible de los campos de texto libre; de ser necesario, la autoridad competente para la ejecuci\u00f3n podr\u00e1, en su caso, exigir una traducci\u00f3n o transcripci\u00f3n del contenido traducible de los campos de texto libre del certificado que especifique la obligaci\u00f3n que debe ejecutarse. La traducci\u00f3n que fuera requerida deber\u00e1 ser traducida, en Espa\u00f1a, por un traductor jurado, el cual deber\u00e1 utilizar la terminolog\u00eda oficial, consultable en:<\/p>\n<p><a href=\"https:\/\/eur-lex.europa.eu\/homepage.html\"><em>https:\/\/eur-lex.europa.eu\/homepage.html<\/em><\/a><\/p>\n<p>Para resoluciones emitidas en un Estado miembro diferente de Espa\u00f1a hay que dirigirse al Consulado italiano acreditado en dicho Estado, o bien directamente al Comune de referencia.<\/p>\n<p>Para las resoluciones en materia matrimonial o de responsabilidad parental anteriores a 01\/08\/2022 seguir\u00e1 aplic\u00e1ndose el Reglamento (CE) n. 2201\/2003 indicadas a continuaci\u00f3n.<\/p>\n<p><strong>Sentencias de divorcio emitidas en Espa\u00f1a entre 01\/03\/2001 y 31\/07\/2022<\/strong><\/p>\n<p><strong>Deben enviarse los siguientes documentos:<\/strong><\/p>\n<ol>\n<li><a href=\"https:\/\/consbarcellona.esteri.it\/wp-content\/uploads\/2024\/02\/mod-divorzio-UE_01-08-2022.doc\"><em>Solicitud de registro<\/em><\/a><\/li>\n<li><em>\u00abCertificado relativo a las resoluciones judiciales en materia matrimonial\u00bb (Art. 39 del Reglamento 2201\/2003) Anexo I, original y fotocopia &#8211; NO necesita legalizaci\u00f3n ni traducci\u00f3n \u2013 Lo expide el Tribunal (o el Notario) che ha emitido la resoluci\u00f3n. Si hay hijos menores tambi\u00e9n debe presentarse el Anexo II.<\/em><\/li>\n<li><em>Fotocopia de un documento de identidad italiano valido (Pasaporte o \u00abCarta d&#8217;identit\u00e0\u00bb)<\/em><\/li>\n<li><em>Fotocopia de la sentencia\/acta notarial.<br \/>\n<\/em><\/li>\n<\/ol>\n<p>Para poder enviar a Italia la documentaci\u00f3n relativa a un divorcio, la sentencia debe ser firme (definitiva).<\/p>\n<p><strong>Sentencias de divorcio emitidas en Espa\u00f1a antes de 01\/03\/2001<\/strong><\/p>\n<p><strong>Deben enviarse los siguientes documentos:<\/strong><\/p>\n<ol>\n<li><a href=\"https:\/\/consbarcellona.esteri.it\/wp-content\/uploads\/2023\/05\/matrimonio_divorzio_non_ue.doc\"><em>Solicitud de transcripci\u00f3n y correspondiente declaraci\u00f3n<\/em><\/a><\/li>\n<li>Sentencia de divorcio legalizada y traducida por un traductor jurado con firma depositada en el Consulado General (<a href=\"https:\/\/consbarcellona.esteri.it\/wp-content\/uploads\/2023\/05\/Elenco-dei-traduttori-20220918.pdf\"><em>v\u00e9ase listado<\/em><\/a>)<\/li>\n<li>Acta integral de matrimonio (Certificaci\u00f3n literal) con anotaci\u00f3n del divorcio<\/li>\n<li>Fotocopia de toda la documentaci\u00f3n especificada<\/li>\n<li>Fotocopia de un documento italiano v\u00e1lido (pasaporte o carta de identidad)<\/li>\n<\/ol>\n","protected":false},"excerpt":{"rendered":"Las sentencias de divorcio deben ser registradas en el Comune italiano donde est\u00e1 inscrita la partida del correspondiente matrimonio, con el fin de anotar su disoluci\u00f3n en el mismo. La documentaci\u00f3n relativa al divorcio se env\u00eda por correo a la direcci\u00f3n de este Consulado General: c\/Aribau 185, planta 4, 08021 Barcelona Antes de tramitar el [&hellip;]","protected":false},"author":6,"featured_media":0,"parent":445,"menu_order":0,"comment_status":"closed","ping_status":"closed","template":"","meta":{"footnotes":""},"class_list":["post-477","page","type-page","status-publish","hentry"],"_links":{"self":[{"href":"https:\/\/consbarcellona.esteri.it\/es\/wp-json\/wp\/v2\/pages\/477","targetHints":{"allow":["GET"]}}],"collection":[{"href":"https:\/\/consbarcellona.esteri.it\/es\/wp-json\/wp\/v2\/pages"}],"about":[{"href":"https:\/\/consbarcellona.esteri.it\/es\/wp-json\/wp\/v2\/types\/page"}],"author":[{"embeddable":true,"href":"https:\/\/consbarcellona.esteri.it\/es\/wp-json\/wp\/v2\/users\/6"}],"replies":[{"embeddable":true,"href":"https:\/\/consbarcellona.esteri.it\/es\/wp-json\/wp\/v2\/comments?post=477"}],"version-history":[{"count":8,"href":"https:\/\/consbarcellona.esteri.it\/es\/wp-json\/wp\/v2\/pages\/477\/revisions"}],"predecessor-version":[{"id":3353,"href":"https:\/\/consbarcellona.esteri.it\/es\/wp-json\/wp\/v2\/pages\/477\/revisions\/3353"}],"up":[{"embeddable":true,"href":"https:\/\/consbarcellona.esteri.it\/es\/wp-json\/wp\/v2\/pages\/445"}],"wp:attachment":[{"href":"https:\/\/consbarcellona.esteri.it\/es\/wp-json\/wp\/v2\/media?parent=477"}],"curies":[{"name":"wp","href":"https:\/\/api.w.org\/{rel}","templated":true}]}}