{"id":472,"date":"2023-05-11T14:56:31","date_gmt":"2023-05-11T12:56:31","guid":{"rendered":"https:\/\/consbarcellona.esteri.it\/?page_id=472"},"modified":"2025-04-17T13:02:14","modified_gmt":"2025-04-17T11:02:14","slug":"celebrar-matrimonio-en-espana","status":"publish","type":"page","link":"https:\/\/consbarcellona.esteri.it\/es\/servizi-consolari-e-visti\/servizi-per-il-cittadino-italiano\/informacion-general-de-estado-civil\/celebrar-matrimonio-en-espana\/","title":{"rendered":"Celebrar matrimonio en Espa\u00f1a"},"content":{"rendered":"<p>El ciudadano italiano que quiere contraer matrimonio en el extranjero (y en Espa\u00f1a) est\u00e1 exento de efectuar las publicaciones. Se aconseja contactar primero con las Autoridades locales, sean \u00e9stas religiosas o civiles (parroquia o registro civil), para obtener instrucciones concretas y una lista de documentos.<\/p>\n<p>El matrimonio religioso en Espa\u00f1a es concordatario y, por tanto, tiene autom\u00e1ticamente efectos civiles. El interesado que quiera casarse por la Iglesia deber\u00e1 contactar \u00fanicamente con la parroquia competente y producir los documentos que se le pidan en virtud del Derecho Can\u00f3nigo (certificado de bautismo, certificado de nacimiento, etc.).<\/p>\n<p>El matrimonio civil en Espa\u00f1a se celebra delante de las Autoridades locales con las formalidades previstas por la legislaci\u00f3n espa\u00f1ola. Dichas Autoridades suelen pedir la capacidad matrimonial (no se debe confundir con el certificado de solter\u00eda individual) y el certificado de inscripci\u00f3n consular.<\/p>\n<p>El matrimonio ser\u00e1 v\u00e1lido en Italia s\u00f3lo si es conforme a la actual legislaci\u00f3n italiana. Posteriormente se deber\u00e1 enviar a la Oficina Consular competente la correspondiente acta de matrimonio civil emitida por el Registro Civil espa\u00f1ol, a los fines de su registro en Italia. No son validos para la transcripci\u00f3n los certificados de matrimonio religioso.<\/p>\n<p><strong>La capacidad matrimonial<\/strong><\/p>\n<p>El Convenio de Munich de 1980 establece que cada Estado contratante se obliga a expedir un certificado de capacidad matrimonial cuando uno de sus nacionales lo solicite para la celebraci\u00f3n de su matrimonio en el extranjero y re\u00fana, con respecto a la ley del Estado que expide el certificado, las condiciones necesarias para contraer dicho matrimonio. Por tanto, los ciudadanos italianos residentes en la Jurisdicci\u00f3n Consular de Barcelona e inscritos en el AIRE pueden solicitar este certificado por correo postal.<\/p>\n<p><strong><span style=\"text-decoration: underline;\">La solicitud con la documentaci\u00f3n completa deber\u00e1 ser enviada como m\u00ednimo dos meses antes de la cita con el Registro Civil o Juzgado espa\u00f1ol.<\/span><\/strong><\/p>\n<p>La solicitud se puede presentar exclusivamente por correo ordinario o certificado enviando el impreso y la documentaci\u00f3n especificada a:<\/p>\n<p>Consulado General de Italia en Barcelona<br \/>\nCalle Aribau 185, Planta 4 &#8211; 08021 Barcelona<\/p>\n<p><strong>Documentaci\u00f3n para la capacidad matrimonial (ciudadanos italianos):<\/strong><\/p>\n<ul>\n<li><a href=\"https:\/\/consbarcellona.esteri.it\/wp-content\/uploads\/2025\/01\/rich-capacita-matrimoniale_2024_v3-1.doc\"><em>impreso\/declaraci\u00f3n<\/em><\/a><\/li>\n<li>copia del acta de nacimiento italiana emitida por el Comune competente (se sugiere solicitar certificados de nacimiento internacionales emitidos en virtud del Convenio de Viena de 1976, ya que los extractos \u00abanagrafici\u00bb ya no son v\u00e1lidos entre administraciones p\u00fablicas italianas)<\/li>\n<li>certificado de empadronamiento actual<\/li>\n<li>en caso de divorcio: copia de la sentencia de divorcio y copia del acta de matrimonio con anotaci\u00f3n a margen de la disoluci\u00f3n del matrimonio<\/li>\n<li>fotocopia del documento de identidad<\/li>\n<li>recibo original de ingreso bancario de la tasa consular (ver \u00ab<a href=\"https:\/\/consbarcellona.esteri.it\/es\/servizi-consolari-e-visti\/servizi-per-il-cittadino-italiano\/tariffe-e-pagamenti\/\" target=\"_blank\" rel=\"noopener\">Tarifas Consulares<\/a>\u00ab)<\/li>\n<\/ul>\n<p><strong>Si el otro contrayente es ciudadano extranjero, debe presentar:<\/strong><\/p>\n<ul>\n<li>copia del certificado de nacimiento del propio Pa\u00eds<\/li>\n<li>copia del certificado de solter\u00eda de las Autoridades del propio Pa\u00eds<\/li>\n<li>certificado de residencia (en Espa\u00f1a certificado de empadronamiento)<\/li>\n<li>en caso de divorcio: copia de la sentencia de divorcio y acta de matrimonio con anotaci\u00f3n a margen de la disoluci\u00f3n del matrimonio<\/li>\n<li>copia del documento de identidad nacional (no del NIE espa\u00f1ol)<\/li>\n<\/ul>\n<p>La documentaci\u00f3n se enviar\u00e1 en original y fotocopia. Para la documentos de estado civil esta oficina retendr\u00e1 los originales.<\/p>\n<p>Se recuerda que se deber\u00e1 adjuntar un sobre con franqueo pagado y direcci\u00f3n de devoluci\u00f3n, que se compra el las Oficinas de Correos o en los Entancos. No enviar sobres acolchados o de dimensiones excesivas.<\/p>\n<p>Se debe efectuar un \u00fanico pago, aunque los contrayentes sean ambos ciudadanos italianos.<\/p>\n","protected":false},"excerpt":{"rendered":"El ciudadano italiano que quiere contraer matrimonio en el extranjero (y en Espa\u00f1a) est\u00e1 exento de efectuar las publicaciones. Se aconseja contactar primero con las Autoridades locales, sean \u00e9stas religiosas o civiles (parroquia o registro civil), para obtener instrucciones concretas y una lista de documentos. El matrimonio religioso en Espa\u00f1a es concordatario y, por tanto, [&hellip;]","protected":false},"author":6,"featured_media":0,"parent":445,"menu_order":0,"comment_status":"closed","ping_status":"closed","template":"","meta":{"footnotes":""},"class_list":["post-472","page","type-page","status-publish","hentry"],"_links":{"self":[{"href":"https:\/\/consbarcellona.esteri.it\/es\/wp-json\/wp\/v2\/pages\/472","targetHints":{"allow":["GET"]}}],"collection":[{"href":"https:\/\/consbarcellona.esteri.it\/es\/wp-json\/wp\/v2\/pages"}],"about":[{"href":"https:\/\/consbarcellona.esteri.it\/es\/wp-json\/wp\/v2\/types\/page"}],"author":[{"embeddable":true,"href":"https:\/\/consbarcellona.esteri.it\/es\/wp-json\/wp\/v2\/users\/6"}],"replies":[{"embeddable":true,"href":"https:\/\/consbarcellona.esteri.it\/es\/wp-json\/wp\/v2\/comments?post=472"}],"version-history":[{"count":6,"href":"https:\/\/consbarcellona.esteri.it\/es\/wp-json\/wp\/v2\/pages\/472\/revisions"}],"predecessor-version":[{"id":7683,"href":"https:\/\/consbarcellona.esteri.it\/es\/wp-json\/wp\/v2\/pages\/472\/revisions\/7683"}],"up":[{"embeddable":true,"href":"https:\/\/consbarcellona.esteri.it\/es\/wp-json\/wp\/v2\/pages\/445"}],"wp:attachment":[{"href":"https:\/\/consbarcellona.esteri.it\/es\/wp-json\/wp\/v2\/media?parent=472"}],"curies":[{"name":"wp","href":"https:\/\/api.w.org\/{rel}","templated":true}]}}