{"id":454,"date":"2023-05-11T14:35:22","date_gmt":"2023-05-11T12:35:22","guid":{"rendered":"https:\/\/consbarcellona.esteri.it\/?page_id=454"},"modified":"2025-01-30T16:08:26","modified_gmt":"2025-01-30T15:08:26","slug":"adopciones","status":"publish","type":"page","link":"https:\/\/consbarcellona.esteri.it\/es\/servizi-consolari-e-visti\/servizi-per-il-cittadino-italiano\/informacion-general-de-estado-civil\/adopciones\/","title":{"rendered":"Adopciones"},"content":{"rendered":"<p>La vigente legislaci\u00f3n italiana en materia de adopciones (Ley 31 diciembre 1998, n. 476) ha incorporado al ordenamiento jur\u00eddico el <strong><a href=\"http:\/\/www.hcch.net\/index_en.php?act=conventions.text&amp;cid=69\"><em>Convenio relativo a la protecci\u00f3n del ni\u00f1o y a la cooperaci\u00f3n en materia de adopci\u00f3n internacional<\/em> <\/a><\/strong>(hecho en La Haya el 29 de mayo de 1993), que prev\u00e9 el reconocimiento de las adopciones efectuadas en el \u00e1mbito del Convenio:<\/p>\n<p><strong>CAPITULO V<\/strong><\/p>\n<p><strong>Reconocimiento y efectos de la adopci\u00f3n<\/strong><\/p>\n<p><strong>Art\u00edculo 23.<\/strong><\/p>\n<p>1. Una adopci\u00f3n certificada como conforme al Convenio por la autoridad competente del Estado donde ha tenido lugar, ser\u00e1 reconocida de pleno derecho en los dem\u00e1s Estados contratantes. La certificaci\u00f3n especificar\u00e1 cu\u00e1ndo y por qui\u00e9n han sido otorgadas las aceptaciones a las que se refiere el art\u00edculo 17, apartado c).<\/p>\n<p>2. Todo Estado contratante, en el momento de la firma, la ratificaci\u00f3n, aceptaci\u00f3n, aprobaci\u00f3n o adhesi\u00f3n, notificar\u00e1 al depositario del Convenio la identidad y las funciones de la autoridad o autoridades que, en dicho Estado, son competentes para expedir la certificaci\u00f3n. Notificar\u00e1 asimismo cualquier modificaci\u00f3n en la designaci\u00f3n de estas autoridades.<\/p>\n<p>Tal y como previsto por el Convenio, Italia ha designado como \u201cAutoridad Central\u201d la \u201cCommissione per le Adozioni Internazionali\u00bb<\/p>\n<p>Commissione per le Adozioni Internazionali<\/p>\n<p><strong>Direcci\u00f3n<\/strong>: Via di Villa Ruffo 6, 00196 ROMA<\/p>\n<p><strong>Tel<\/strong>: +39 06 67792060<\/p>\n<p><strong>Fax<\/strong>: +39 06 67792165<\/p>\n<p class=\"h6\"><strong>Direcciones de correo electr\u00f3nico:<\/strong><\/p>\n<div class=\"link-list-wrapper\">\n<ul class=\"footer-list link-list clearfix\">\n<li><a class=\"text-decoration-underline\" href=\"mailto:cai.segreteriatecnica@governo.it\">cai.segreteriatecnica@governo.it<\/a><\/li>\n<li><a class=\"text-decoration-underline\" href=\"mailto:commissioneadozioni.internazionali@governo.it\">commissioneadozioni.internazionali@governo.it<\/a><\/li>\n<li><a class=\"text-decoration-underline\" href=\"mailto:cai.segreteria@pec.governo.it\">cai.segreteria@pec.governo.it<\/a><\/li>\n<\/ul>\n<\/div>\n<p>Dicho organismo tiene, entre otras, la funci\u00f3n de facilitar todas las informaciones acerca de los requisitos y del funcionamiento del citado Convenio.<\/p>\n<p>Por otro lado, el art. 35.1 de la Ley 476 atribuye a los competentes Tribunales de Menores la verificaci\u00f3n del reconocimiento de adopciones llevadas a cabo en el extranjero.<\/p>\n<p><strong>Art. 36.<\/strong><\/p>\n<p>(omissis)<\/p>\n<p>4. L&#8217;adozione pronunciata dalla competente autorit\u00e0 di un Paese straniero a istanza di cittadini italiani, che dimostrino al momento della pronuncia di aver soggiornato continuativamente nello stesso e di avervi avuto la residenza da almeno due anni, viene riconosciuta ad ogni effetto in Italia con provvedimento del tribunale per i minorenni, purch\u00e9 conforme ai princ\u00edpi della Convenzione.<\/p>\n","protected":false},"excerpt":{"rendered":"La vigente legislaci\u00f3n italiana en materia de adopciones (Ley 31 diciembre 1998, n. 476) ha incorporado al ordenamiento jur\u00eddico el Convenio relativo a la protecci\u00f3n del ni\u00f1o y a la cooperaci\u00f3n en materia de adopci\u00f3n internacional (hecho en La Haya el 29 de mayo de 1993), que prev\u00e9 el reconocimiento de las adopciones efectuadas en [&hellip;]","protected":false},"author":6,"featured_media":0,"parent":445,"menu_order":0,"comment_status":"closed","ping_status":"closed","template":"","meta":{"footnotes":""},"class_list":["post-454","page","type-page","status-publish","hentry"],"_links":{"self":[{"href":"https:\/\/consbarcellona.esteri.it\/es\/wp-json\/wp\/v2\/pages\/454","targetHints":{"allow":["GET"]}}],"collection":[{"href":"https:\/\/consbarcellona.esteri.it\/es\/wp-json\/wp\/v2\/pages"}],"about":[{"href":"https:\/\/consbarcellona.esteri.it\/es\/wp-json\/wp\/v2\/types\/page"}],"author":[{"embeddable":true,"href":"https:\/\/consbarcellona.esteri.it\/es\/wp-json\/wp\/v2\/users\/6"}],"replies":[{"embeddable":true,"href":"https:\/\/consbarcellona.esteri.it\/es\/wp-json\/wp\/v2\/comments?post=454"}],"version-history":[{"count":3,"href":"https:\/\/consbarcellona.esteri.it\/es\/wp-json\/wp\/v2\/pages\/454\/revisions"}],"predecessor-version":[{"id":6893,"href":"https:\/\/consbarcellona.esteri.it\/es\/wp-json\/wp\/v2\/pages\/454\/revisions\/6893"}],"up":[{"embeddable":true,"href":"https:\/\/consbarcellona.esteri.it\/es\/wp-json\/wp\/v2\/pages\/445"}],"wp:attachment":[{"href":"https:\/\/consbarcellona.esteri.it\/es\/wp-json\/wp\/v2\/media?parent=454"}],"curies":[{"name":"wp","href":"https:\/\/api.w.org\/{rel}","templated":true}]}}