{"id":445,"date":"2023-05-11T14:16:11","date_gmt":"2023-05-11T12:16:11","guid":{"rendered":"https:\/\/consbarcellona.esteri.it\/?page_id=445"},"modified":"2025-02-28T13:31:41","modified_gmt":"2025-02-28T12:31:41","slug":"informacion-general-de-estado-civil","status":"publish","type":"page","link":"https:\/\/consbarcellona.esteri.it\/es\/servizi-consolari-e-visti\/servizi-per-il-cittadino-italiano\/informacion-general-de-estado-civil\/","title":{"rendered":"Estado Civil"},"content":{"rendered":"<ul>\n<li><strong><a href=\"https:\/\/consbarcellona.esteri.it\/es\/servizi-consolari-e-visti\/servizi-per-il-cittadino-italiano\/informazione-generale-stato-civile\/nascita\/\">Nacimiento<\/a><\/strong><\/li>\n<li><strong><a href=\"https:\/\/consbarcellona.esteri.it\/es\/servizi-consolari-e-visti\/servizi-per-il-cittadino-italiano\/informazione-generale-stato-civile\/adozioni\/\">Adopciones<\/a><\/strong><\/li>\n<li><strong>Matrimonios\/Uniones Civiles<\/strong>\n<ul>\n<li><strong><a href=\"https:\/\/consbarcellona.esteri.it\/es\/servizi-consolari-e-visti\/servizi-per-il-cittadino-italiano\/informazione-generale-stato-civile\/trascrivere-matrimonio\/\">Registrar matrimonio<\/a><\/strong><\/li>\n<li><strong><a href=\"https:\/\/consbarcellona.esteri.it\/es\/servizi-consolari-e-visti\/servizi-per-il-cittadino-italiano\/informazione-generale-stato-civile\/celebrare-matrimonio-in-italia-o-in-consolato\/\">Celebrar matrimonio en Italia o en el Consulado<\/a><\/strong><\/li>\n<li><strong><a href=\"https:\/\/consbarcellona.esteri.it\/es\/servizi-consolari-e-visti\/servizi-per-il-cittadino-italiano\/informazione-generale-stato-civile\/celebrare-matrimonio-in-spagna\/\">Celebrar matrimonio en Espa\u00f1a<\/a><\/strong><\/li>\n<li><strong><a href=\"https:\/\/consbarcellona.esteri.it\/es\/servizi-consolari-e-visti\/servizi-per-il-cittadino-italiano\/informazione-generale-stato-civile\/unioni-civili-e-convivenze-di-fatto\/\">Uniones Civiles y Parejas de hecho<\/a><\/strong><\/li>\n<\/ul>\n<\/li>\n<li><strong><a href=\"https:\/\/consbarcellona.esteri.it\/es\/servizi-consolari-e-visti\/servizi-per-il-cittadino-italiano\/informazione-generale-stato-civile\/divorzio\/\">Divorcio<\/a><\/strong><\/li>\n<li><strong><a href=\"https:\/\/consbarcellona.esteri.it\/es\/servizi-consolari-e-visti\/servizi-per-il-cittadino-italiano\/informazione-generale-stato-civile\/trascrivere-il-decesso-di-un-familiare\/\">Defunci\u00f3n de un familiar<\/a><\/strong><\/li>\n<\/ul>\n<p>&nbsp;<\/p>\n<p>INFORMACI\u00d3N GENERAL<\/p>\n<p>Los ciudadanos italianos residentes en el extranjero deben mantener actualizada su situaci\u00f3n familiar durante su permanencia fuera de Italia.<\/p>\n<p>Para las personas inscritas en el Registro Consular de Residentes, la Oficina consular se ocupa de actualizar la ficha familiar y de enviar la documentaci\u00f3n al Municipio italiano de referencia \u00abAIRE\u00bb.<br \/>\nTambi\u00e9n para los ciudadanos que tienen la residencia en Italia, las Oficinas Consulares pueden enviar la documentaci\u00f3n pertinente al Municipio italiano de residencia, siempre que se trate de actas de estado civil emitidas en de la jurisdicci\u00f3n territorial de competencia.<\/p>\n<p>Se recuerda que los ciudadanos pueden entregar las actas de estado civil directamente al Municipio italiano de referencia. En este caso despues de haber entregado las actas al \u00abComune\u00bb se sugiere de entregar una copia de los documentos a este Consulado General.<\/p>\n<p><strong><span style=\"text-decoration: underline;\">Como presentar la solicitud:<\/span> exclusivamente por correo postal a la direcci\u00f3n de este Consulado General, o ante la <em>Oficina Honoraria competente por la localidad de residencia<\/em><\/strong><\/p>\n<p><strong>ADVERTENCIA<\/strong><\/p>\n<p><strong>Es importante comunicar los datos en su totalidad y con la m\u00e1xima exactitud para evitar retrasos en los procedimientos administrativos y la responsabilidad penal derivada de las declaraciones falsas o mendaces previstas en la Ley 445\/2000.<\/strong><\/p>\n<p><strong>Las actas o certificados emitidos por las Autoridades espa\u00f1olas deben cumplir los siguientes requisitos:<\/strong><\/p>\n<ul>\n<li>ser certificados originales (no son v\u00e1lidas fotocopias)<\/li>\n<li>en caso de errores, contener las correcciones efectuadas del \u00abJuez Encargado del Registro Civil\u00bb antes de su presentaci\u00f3n a la Oficina Consular.<a href=\"https:\/\/www.anagrafenazionale.interno.it\/servizi-al-cittadino\/\"><em>https:\/\/www.anagrafenazionale.interno.it\/servizi-al-cittadino\/<\/em><\/a><\/li>\n<\/ul>\n<p>Se comunica que, a partir del 15 de noviembre de 2021, los ciudadanos inscritos en las listas italianas (tanto APR como AIRE) tienen la posibilidad de solicitar directamente en l\u00ednea, a las oficinas anagr\u00e1ficas en Italia, diferentes tipos de certificados. La expedici\u00f3n de estos certificados es gratuita y solo es posible con la condici\u00f3n de tener una identidad digital (CIE, Spid o CNS), ya que esta modalidad es la \u00fanica en Italia para acceder a los servicios telem\u00e1ticos.<\/p>\n<p>El sitio al que es necesario conectarse es <a href=\"https:\/\/www.anagrafenazionale.interno.it\/servizi-al-cittadino\/\"><em>https:\/\/www.anagrafenazionale.interno.it\/servizi-al-cittadino\/<\/em> <\/a>; los certificados que pueden exigirse, por s\u00ed mismos o para los miembros de la familia que convivan, son :<\/p>\n<ul>\n<li>Anagrafico di nascita<\/li>\n<li>Anagrafico di matrimonio<\/li>\n<li>di Cittadinanza<\/li>\n<li>di Esistenza in vita<\/li>\n<li>di Residenza<\/li>\n<li>di Residenza AIRE<\/li>\n<li>di Stato civile<\/li>\n<li>di Stato di famiglia<\/li>\n<li>di Stato di famiglia e di stato civile<\/li>\n<li>di Residenza in convivenza<\/li>\n<li>di Stato di famiglia AIRE<\/li>\n<li>di Stato di famiglia con rapporti di parentela<\/li>\n<li>di Stato Libero<\/li>\n<li>Anagrafico di Unione Civile<\/li>\n<li>di Contratto di Convivenza<\/li>\n<\/ul>\n","protected":false},"excerpt":{"rendered":"Nacimiento Adopciones Matrimonios\/Uniones Civiles Registrar matrimonio Celebrar matrimonio en Italia o en el Consulado Celebrar matrimonio en Espa\u00f1a Uniones Civiles y Parejas de hecho Divorcio Defunci\u00f3n de un familiar &nbsp; INFORMACI\u00d3N GENERAL Los ciudadanos italianos residentes en el extranjero deben mantener actualizada su situaci\u00f3n familiar durante su permanencia fuera de Italia. Para las personas inscritas [&hellip;]","protected":false},"author":6,"featured_media":0,"parent":193,"menu_order":2,"comment_status":"closed","ping_status":"closed","template":"","meta":{"footnotes":""},"class_list":["post-445","page","type-page","status-publish","hentry"],"_links":{"self":[{"href":"https:\/\/consbarcellona.esteri.it\/es\/wp-json\/wp\/v2\/pages\/445","targetHints":{"allow":["GET"]}}],"collection":[{"href":"https:\/\/consbarcellona.esteri.it\/es\/wp-json\/wp\/v2\/pages"}],"about":[{"href":"https:\/\/consbarcellona.esteri.it\/es\/wp-json\/wp\/v2\/types\/page"}],"author":[{"embeddable":true,"href":"https:\/\/consbarcellona.esteri.it\/es\/wp-json\/wp\/v2\/users\/6"}],"replies":[{"embeddable":true,"href":"https:\/\/consbarcellona.esteri.it\/es\/wp-json\/wp\/v2\/comments?post=445"}],"version-history":[{"count":6,"href":"https:\/\/consbarcellona.esteri.it\/es\/wp-json\/wp\/v2\/pages\/445\/revisions"}],"predecessor-version":[{"id":7293,"href":"https:\/\/consbarcellona.esteri.it\/es\/wp-json\/wp\/v2\/pages\/445\/revisions\/7293"}],"up":[{"embeddable":true,"href":"https:\/\/consbarcellona.esteri.it\/es\/wp-json\/wp\/v2\/pages\/193"}],"wp:attachment":[{"href":"https:\/\/consbarcellona.esteri.it\/es\/wp-json\/wp\/v2\/media?parent=445"}],"curies":[{"name":"wp","href":"https:\/\/api.w.org\/{rel}","templated":true}]}}