{"id":441,"date":"2023-05-11T12:27:15","date_gmt":"2023-05-11T10:27:15","guid":{"rendered":"https:\/\/consbarcellona.esteri.it\/?page_id=441"},"modified":"2025-03-27T11:20:20","modified_gmt":"2025-03-27T10:20:20","slug":"carta-de-identidad-para-menores-de-edad","status":"publish","type":"page","link":"https:\/\/consbarcellona.esteri.it\/es\/servizi-consolari-e-visti\/servizi-per-il-cittadino-italiano\/documenti-di-viaggio-passaporti-cie-etd-ecc\/carta-didentita-elettronica-cie\/carta-de-identidad-para-menores-de-edad\/","title":{"rendered":"Carta de Identidad para menores de edad"},"content":{"rendered":"<p>En virtud de la normativa vigente, los menores deben poseer un documento de identidad individual. La presencia del menor es necesaria en el Consulado General.<\/p>\n<p><strong>Solicitud para menores de 18 a\u00f1os<\/strong><\/p>\n<p><strong>Documentaci\u00f3n<\/strong><\/p>\n<ul>\n<li><strong>Impreso de solicitud<\/strong> de expedici\u00f3n\/duplicado de la CIE cumplimentado en su totalidad y firmado por ambos progenitores [<a href=\"https:\/\/consbarcellona.esteri.it\/wp-content\/uploads\/2023\/05\/cie_minorenni_bilingue.pdf\"><em>pulse aqu\u00ed<\/em><\/a>] acompa\u00f1ado de las fotocopias de los documentos de identidad de ambos los padres.<\/li>\n<li><strong>Consentimiento firmado<\/strong> ambos progenitores [<a href=\"https:\/\/consbarcellona.esteri.it\/wp-content\/uploads\/2024\/11\/ASS_02_MINORI_PASS_CIE.pdf\"><em>pulse aqu\u00ed<\/em><\/a>] &#8211; Se requiere la presencia DE AMBOS PROGENITORES y del MENOR. En caso de presentarse solo uno de los progenitores, \u00e9ste podr\u00e1 presentar la declaraci\u00f3n de consentimiento rellenada y firmada por el progenitor ausente solo si este \u00faltimo es ciudadano de la UE. El funcionario que reciba en ventanilla siempre tendr\u00e1 la facultad de solicitar la presencia de ambos progenitores en caso de que lo considerara oportuno. Si el progenitor ausente no es ciudadano de la UE, la firma del consentimiento tiene que estar autenticada en otro Consulado, Consulado Honorario o notario. Si no fuera posible autenticar la firma, el mismo d\u00eda de la cita para el pasaporte deber\u00e1n estar presentes ambos progenitores y, entonces, el ciudadano extracomunitario podr\u00e1 autenticar la firma del consentimiento en ese momento. Si no es posible presentar la declaraci\u00f3n de consentimiento firmada, el interesado deber\u00e1 solicitar a la Representaci\u00f3n o Tribunal competente la autorizaci\u00f3n para la expedici\u00f3n del pasaporte.<\/li>\n<li><strong>Empadronamiento<\/strong> actualizado.<\/li>\n<li><strong>Una foto de carnet reciente en color<\/strong> \u2013 con fondo claro -\u2013 standard ICAO 9303\/ISO 19794-5 \u2013 45mm x 35mm.<\/li>\n<li><strong>Original y Fotocopia de un documento de identidad del menor<\/strong> (se lo tiene) seg\u00fan lo establecido en el D.P.R. 445\/2000 (Pasaporte y\/o Carta de Identidad italiana)<\/li>\n<li><strong>Recibo del pago de la tarifa consular<\/strong> (21,95 \u20ac en el caso de expedici\u00f3n \u2013 27,11 \u20ac en el caso de duplicado de CIE) en la cuenta corriente del Banco Santander (importante: un ingreso por cada solicitud) \u2013 Titular de la cuenta: Consolato Generale d&#8217;Italia &#8211; IBAN ES05-0049-4707-5026-1607-8401 &#8211; C\u00f3digo BIC\/SWIFT: BSCHESMM (indicar el Nombre y Apellidos del solicitante, por ejemplo: Mario Rossi &#8211; Carta de identidad) &#8211; se recuerda que las tarifas consulares pueden estar sujetas a modificaciones imprevistas<\/li>\n<li><strong>Fotocopia de los documentos de identidad de los padres.<\/strong><\/li>\n<li>En caso de <strong>p\u00e9rdida\/robo<\/strong> de la Carta de Identidad, copia de la denuncia ante la Polic\u00eda espa\u00f1ola\/otras autoridades del Estado.<\/li>\n<\/ul>\n<p>La validez de la CIE de 0-3 a\u00f1os es de 3 a\u00f1os; de 5 a\u00f1os para los menores de entre 3-18.<\/p>\n","protected":false},"excerpt":{"rendered":"En virtud de la normativa vigente, los menores deben poseer un documento de identidad individual. La presencia del menor es necesaria en el Consulado General. Solicitud para menores de 18 a\u00f1os Documentaci\u00f3n Impreso de solicitud de expedici\u00f3n\/duplicado de la CIE cumplimentado en su totalidad y firmado por ambos progenitores [pulse aqu\u00ed] acompa\u00f1ado de las fotocopias [&hellip;]","protected":false},"author":6,"featured_media":0,"parent":341,"menu_order":0,"comment_status":"closed","ping_status":"closed","template":"","meta":{"footnotes":""},"class_list":["post-441","page","type-page","status-publish","hentry"],"_links":{"self":[{"href":"https:\/\/consbarcellona.esteri.it\/es\/wp-json\/wp\/v2\/pages\/441","targetHints":{"allow":["GET"]}}],"collection":[{"href":"https:\/\/consbarcellona.esteri.it\/es\/wp-json\/wp\/v2\/pages"}],"about":[{"href":"https:\/\/consbarcellona.esteri.it\/es\/wp-json\/wp\/v2\/types\/page"}],"author":[{"embeddable":true,"href":"https:\/\/consbarcellona.esteri.it\/es\/wp-json\/wp\/v2\/users\/6"}],"replies":[{"embeddable":true,"href":"https:\/\/consbarcellona.esteri.it\/es\/wp-json\/wp\/v2\/comments?post=441"}],"version-history":[{"count":6,"href":"https:\/\/consbarcellona.esteri.it\/es\/wp-json\/wp\/v2\/pages\/441\/revisions"}],"predecessor-version":[{"id":7524,"href":"https:\/\/consbarcellona.esteri.it\/es\/wp-json\/wp\/v2\/pages\/441\/revisions\/7524"}],"up":[{"embeddable":true,"href":"https:\/\/consbarcellona.esteri.it\/es\/wp-json\/wp\/v2\/pages\/341"}],"wp:attachment":[{"href":"https:\/\/consbarcellona.esteri.it\/es\/wp-json\/wp\/v2\/media?parent=441"}],"curies":[{"name":"wp","href":"https:\/\/api.w.org\/{rel}","templated":true}]}}