{"id":429,"date":"2023-05-11T11:59:50","date_gmt":"2023-05-11T09:59:50","guid":{"rendered":"https:\/\/consbarcellona.esteri.it\/?page_id=429"},"modified":"2026-04-18T11:17:23","modified_gmt":"2026-04-18T09:17:23","slug":"presentar-una-solicitud-en-las-oficinas-consulares-honorarias","status":"publish","type":"page","link":"https:\/\/consbarcellona.esteri.it\/es\/servizi-consolari-e-visti\/servizi-per-il-cittadino-italiano\/documenti-di-viaggio-passaporti-cie-etd-ecc\/informazione-generale-passaporti\/presentar-una-solicitud-en-las-oficinas-consulares-honorarias\/","title":{"rendered":"Solicitud en las Oficinas Consulares Honorarias"},"content":{"rendered":"<p>Residentes en las Regiones de Arag\u00f3n, Comunidad Valenciana, Regi\u00f3n de Murcia, islas de Mallorca, Menorca, Principado de Andorra<\/p>\n<ul>\n<li>Los residentes en las demarcaciones de las Oficinas Consulares Honorarias de <strong>Alicante<\/strong>, <strong>Valencia<\/strong>, <strong>Zaragoza<\/strong>, <strong>Palma de Mallorca<\/strong>, <strong>Es Castell (Menorca)<\/strong> y <strong>Andorra<\/strong> podr\u00e1n obtener sus datos biom\u00e9tricos directamente en las mismas oficinas.<\/li>\n<\/ul>\n<p>Por ello, se invita a los usuarios residentes en estas zonas a que aprovechen esta importante facilidad, presentando sus <a href=\"https:\/\/consbarcellona.esteri.it\/es\/chi-siamo\/la-rete-consolare\/\">solicitudes de pasaporte directamente en el Consulado Honorario de referencia con cita previa en el mismo<\/a>, para que luego puedan recibir su pasaporte a trav\u00e9s de la misma oficina, sin tener que desplazarse.<\/p>\n<ul>\n<li>Los residentes en las demarcaciones de la Oficina Consular Honoraria de <strong>Girona-Costa Brava<\/strong> s\u00f3lo podr\u00e1n presentar en estas oficinas las solicitudes de pasaporte para los menores de 12 a\u00f1os y podr\u00e1n recoger el documento, una vez expedido, directamente en el lugar, sin necesidad de desplazarse a Barcelona.<\/li>\n<\/ul>\n<p>Siempre es posible presentar una solicitud directamente en el Consulado General en Barcelona, pero en este caso ser\u00e1 necesario prenotar una cita a trav\u00e9s del portal <a href=\"https:\/\/prenotami.esteri.it\/\">Prenot@mi<\/a> y <strong>acudir personalmente a Barcelona dos veces<\/strong>: la primera para que<strong> se tomen las huellas dactilares<\/strong> y la segunda para <strong>recoger el documento<\/strong>.<\/p>\n<p><a href=\"https:\/\/consbarcellona.esteri.it\/es\/chi-siamo\/la-rete-consolare\/\"><em>Contactos utiles<\/em><\/a><\/p>\n<p><strong>Documentaci\u00f3n a presentar:<\/strong><\/p>\n<p>a) <a href=\"https:\/\/consbarcellona.esteri.it\/es\/servizi-consolari-e-visti\/servizi-per-il-cittadino-italiano\/informazione-generale-passaporti\/pasaporte-para-adultos-sin-hijos-menores-de-edad\/\"><em>Pasaporte para mayores de edad<\/em><\/a><br \/>\nb) <a href=\"https:\/\/consbarcellona.esteri.it\/es\/servizi-consolari-e-visti\/servizi-per-il-cittadino-italiano\/informazione-generale-passaporti\/pasaporte-para-menores-de-edad\/\"><em>Pasaporte para menores de 18 a\u00f1os<\/em><\/a><\/p>\n<p>Se recuerda que los plazos del procedimiento administrativo comienzan a partir del d\u00eda en que se presenta la documentaci\u00f3n en la Oficina Honoraria.<\/p>\n","protected":false},"excerpt":{"rendered":"Residentes en las Regiones de Arag\u00f3n, Comunidad Valenciana, Regi\u00f3n de Murcia, islas de Mallorca, Menorca, Principado de Andorra Los residentes en las demarcaciones de las Oficinas Consulares Honorarias de Alicante, Valencia, Zaragoza, Palma de Mallorca, Es Castell (Menorca) y Andorra podr\u00e1n obtener sus datos biom\u00e9tricos directamente en las mismas oficinas. Por ello, se invita a [&hellip;]","protected":false},"author":6,"featured_media":0,"parent":324,"menu_order":2,"comment_status":"closed","ping_status":"closed","template":"","meta":{"footnotes":""},"class_list":["post-429","page","type-page","status-publish","hentry"],"_links":{"self":[{"href":"https:\/\/consbarcellona.esteri.it\/es\/wp-json\/wp\/v2\/pages\/429","targetHints":{"allow":["GET"]}}],"collection":[{"href":"https:\/\/consbarcellona.esteri.it\/es\/wp-json\/wp\/v2\/pages"}],"about":[{"href":"https:\/\/consbarcellona.esteri.it\/es\/wp-json\/wp\/v2\/types\/page"}],"author":[{"embeddable":true,"href":"https:\/\/consbarcellona.esteri.it\/es\/wp-json\/wp\/v2\/users\/6"}],"replies":[{"embeddable":true,"href":"https:\/\/consbarcellona.esteri.it\/es\/wp-json\/wp\/v2\/comments?post=429"}],"version-history":[{"count":7,"href":"https:\/\/consbarcellona.esteri.it\/es\/wp-json\/wp\/v2\/pages\/429\/revisions"}],"predecessor-version":[{"id":10276,"href":"https:\/\/consbarcellona.esteri.it\/es\/wp-json\/wp\/v2\/pages\/429\/revisions\/10276"}],"up":[{"embeddable":true,"href":"https:\/\/consbarcellona.esteri.it\/es\/wp-json\/wp\/v2\/pages\/324"}],"wp:attachment":[{"href":"https:\/\/consbarcellona.esteri.it\/es\/wp-json\/wp\/v2\/media?parent=429"}],"curies":[{"name":"wp","href":"https:\/\/api.w.org\/{rel}","templated":true}]}}