{"id":425,"date":"2023-05-11T11:53:58","date_gmt":"2023-05-11T09:53:58","guid":{"rendered":"https:\/\/consbarcellona.esteri.it\/?page_id=425"},"modified":"2026-03-02T16:58:13","modified_gmt":"2026-03-02T15:58:13","slug":"pasaporte-para-menores-de-edad","status":"publish","type":"page","link":"https:\/\/consbarcellona.esteri.it\/es\/servizi-consolari-e-visti\/servizi-per-il-cittadino-italiano\/documenti-di-viaggio-passaporti-cie-etd-ecc\/informazione-generale-passaporti\/pasaporte-para-menores-de-edad\/","title":{"rendered":"Pasaporte para menores de edad"},"content":{"rendered":"<p style=\"text-align: right;\"><em>[act. 27\/02\/2026]<\/em><\/p>\n<p>Desde 2009, ya no es posible inscribir a los menores en el pasaporte de sus padres, por lo que es necesario solicitar un pasaporte individual. Para informaci\u00f3n sobre los viajes de menores no acompa\u00f1ados por sus padres [<a href=\"https:\/\/consbarcellona.esteri.it\/es\/servizi-consolari-e-visti\/servizi-per-il-cittadino-italiano\/viaggi-di-minori-non-accompagnati-dai-genitori\/\" target=\"_blank\" rel=\"noopener\">pulse aqu\u00ed<\/a>].<br \/>\nPara poder expedir el pasaporte a un menor, es imprescindible que el correspondiente certificado de nacimiento haya sido registrado en Italia, o que la oficina consular ya haya mandado el certificado de nacimiento para su transcripci\u00f3n. Para informaci\u00f3n sobre las modalidades de presentaci\u00f3n de la solicitud de transcripci\u00f3n del certificado de nacimiento, acceder a la secci\u00f3n de Estado Civil [<a href=\"https:\/\/consbarcellona.esteri.it\/es\/servizi-consolari-e-visti\/servizi-per-il-cittadino-italiano\/informacion-general-de-estado-civil\/nascita\/\" target=\"_blank\" rel=\"noopener\">pulse aqu\u00ed<\/a>].<\/p>\n<p>Recordamos que no es posible enviar la solicitud de pasaporte por correo junto con la solicitud de transcripci\u00f3n del certificado de nacimiento. Cuando el departamento de Estado Civil haya mandado el certificado de nacimiento para su transcripci\u00f3n, se podr\u00e1 reservar una cita para la expedici\u00f3n del pasaporte a favor del menor tr\u00e1mite el portal Prenot@mi o, en alternativa y solo bajo algunos requisitos, a trav\u00e9s del <a href=\"https:\/\/consbarcellona.esteri.it\/es\/news\/dal_consolato\/2024\/09\/passaporti-per-neonati-in-spagna-attivazione-canale-dedicato\/\" target=\"_blank\" rel=\"noopener\">servicio dedicado a los reci\u00e9n nacidos en Espa\u00f1a<\/a>.<\/p>\n<p><strong>\u00a1Atenci\u00f3n!<\/strong> Se requiere la presencia DE AMBOS PROGENITORES y del MENOR. Para m\u00e1s detalles, l\u00e9ase el punto 2. aqu\u00ed a continuaci\u00f3n.<\/p>\n<p><strong>Documentos que deben presentarse<\/strong><\/p>\n<ol>\n<li><strong>Formulario rellenado y firmado<\/strong> por ambos padres y el ni\u00f1o, si tiene 12 a\u00f1os o m\u00e1s [<a href=\"https:\/\/consbarcellona.esteri.it\/wp-content\/uploads\/2025\/12\/MOD_02_PASS_MINORENNE_it_es_rev_01122025.doc\"><em>descargar aqu\u00ed<\/em><\/a>] acompa\u00f1ado de las fotocopias de los documentos de ambos los padres y del menor (si ya lo tiene).<\/li>\n<li><strong>ACTA DE CONSENTIMIENTO<\/strong> [<a href=\"https:\/\/consbarcellona.esteri.it\/wp-content\/uploads\/2024\/11\/ASS_02_MINORI_PASS_CIE.pdf\"><em>descargar aqu\u00ed<\/em><\/a>]. Se requiere la presencia DE AMBOS PROGENITORES y del MENOR. En caso de presentarse solo uno de los progenitores, \u00e9ste podr\u00e1 presentar la declaraci\u00f3n de consentimiento rellenada y firmada por el progenitor ausente solo si este \u00faltimo es ciudadano de la UE. El funcionario que reciba en ventanilla siempre tendr\u00e1 la facultad de solicitar la presencia de ambos progenitores en caso de que lo considerara oportuno y <span style=\"text-decoration: underline;\">siempre en el caso de expedici\u00f3n de primer documento<\/span>.<br \/>\nSi el progenitor ausente no es ciudadano de la UE, la firma del consentimiento tiene que estar autenticada en otro Consulado, Consulado Honorario o notario. Si no fuera posible autenticar la firma, el mismo d\u00eda de la cita para el pasaporte deber\u00e1n estar presentes ambos progenitores y, entonces, el ciudadano extracomunitario podr\u00e1 autenticar la firma del consentimiento en ese momento. Si no es posible presentar la declaraci\u00f3n de consentimiento firmada, el interesado deber\u00e1 solicitar a la Representaci\u00f3n o Tribunal competente la autorizaci\u00f3n para la expedici\u00f3n del pasaporte.<\/li>\n<li><strong>Dos fotos de pasaporte reciente en color<\/strong> &#8211; fondo blanco &#8211; norma ICAO 9303\/ISO 19794-5 &#8211; 45mm x 35mm &#8211; Las fotos deben mostrar la cara del ni\u00f1o; en el caso de los ni\u00f1os menores de 6 meses, tambi\u00e9n se permiten fotos con ojos cerrados. <span style=\"text-decoration: underline;\"><strong>Es necesaria la presencia del menor.<\/strong><\/span><\/li>\n<li><strong>Empadronamiento <\/strong>reciente y actualizado (el encargado podr\u00e1 solicitar documentaci\u00f3n adicional para verificar la residencia real)<\/li>\n<li><strong>Recibo de pago de la tasa consular<\/strong> (116,20 euros) en una cuenta corriente del Banco Santander (importante: un pago por cada solicitud individual) &#8211; titular de la cuenta: CONSULADO GENERAL DE ITALIA EN BARCELONA &#8211; IBAN ES05-0049-4707-5026-1607-8401- C\u00f3digo BIC\/SWIFT: BSCHESMMXXX (indicar el apellido y nombre del solicitante en el motivo del pago, por ejemplo: Rossi Mario -Pasaporte). Tenga en cuenta que las tasas consulares est\u00e1n sujetas a posibles variaciones. <strong>Atenci\u00f3n:<\/strong> El pago debe realizarse <span style=\"text-decoration: underline;\">por lo menos 5 (cinco) d\u00edas antes de la fecha de la cita<\/span>. El recibo de pago debe presentarse el d\u00eda de la cita.<\/li>\n<li><strong>Original y fotocopia del anterior pasaporte italiano<\/strong>, aunque est\u00e9 caducado (si no se tiene, otro documento de identidad);<\/li>\n<li><strong>Original y fotocopia de los documentos de identidad<\/strong> de ambos progenitores (tal y como se especifica en la parte inferior del formulario de solicitud de pasaporte de un menor);<\/li>\n<li><strong>En caso de robo\/p\u00e9rdida del pasaporte<\/strong>: copia de la denuncia realizada a la Polic\u00eda Espa\u00f1ola\/otras Autoridades Policiales.<\/li>\n<\/ol>\n<p>Se recuerda que los plazos del procedimiento administrativo comienzan a partir del d\u00eda en que se presenta la documentaci\u00f3n en la ventanilla.<\/p>\n","protected":false},"excerpt":{"rendered":"[act. 27\/02\/2026] Desde 2009, ya no es posible inscribir a los menores en el pasaporte de sus padres, por lo que es necesario solicitar un pasaporte individual. Para informaci\u00f3n sobre los viajes de menores no acompa\u00f1ados por sus padres [pulse aqu\u00ed]. Para poder expedir el pasaporte a un menor, es imprescindible que el correspondiente certificado [&hellip;]","protected":false},"author":6,"featured_media":0,"parent":324,"menu_order":4,"comment_status":"closed","ping_status":"closed","template":"","meta":{"footnotes":""},"class_list":["post-425","page","type-page","status-publish","hentry"],"_links":{"self":[{"href":"https:\/\/consbarcellona.esteri.it\/es\/wp-json\/wp\/v2\/pages\/425","targetHints":{"allow":["GET"]}}],"collection":[{"href":"https:\/\/consbarcellona.esteri.it\/es\/wp-json\/wp\/v2\/pages"}],"about":[{"href":"https:\/\/consbarcellona.esteri.it\/es\/wp-json\/wp\/v2\/types\/page"}],"author":[{"embeddable":true,"href":"https:\/\/consbarcellona.esteri.it\/es\/wp-json\/wp\/v2\/users\/6"}],"replies":[{"embeddable":true,"href":"https:\/\/consbarcellona.esteri.it\/es\/wp-json\/wp\/v2\/comments?post=425"}],"version-history":[{"count":6,"href":"https:\/\/consbarcellona.esteri.it\/es\/wp-json\/wp\/v2\/pages\/425\/revisions"}],"predecessor-version":[{"id":9983,"href":"https:\/\/consbarcellona.esteri.it\/es\/wp-json\/wp\/v2\/pages\/425\/revisions\/9983"}],"up":[{"embeddable":true,"href":"https:\/\/consbarcellona.esteri.it\/es\/wp-json\/wp\/v2\/pages\/324"}],"wp:attachment":[{"href":"https:\/\/consbarcellona.esteri.it\/es\/wp-json\/wp\/v2\/media?parent=425"}],"curies":[{"name":"wp","href":"https:\/\/api.w.org\/{rel}","templated":true}]}}