{"id":417,"date":"2023-05-10T16:08:53","date_gmt":"2023-05-10T14:08:53","guid":{"rendered":"https:\/\/consbarcellona.esteri.it\/?page_id=417"},"modified":"2026-03-02T16:59:39","modified_gmt":"2026-03-02T15:59:39","slug":"pasaporte-para-adultos-sin-hijos-menores-de-edad","status":"publish","type":"page","link":"https:\/\/consbarcellona.esteri.it\/es\/servizi-consolari-e-visti\/servizi-per-il-cittadino-italiano\/documenti-di-viaggio-passaporti-cie-etd-ecc\/informazione-generale-passaporti\/pasaporte-para-adultos-sin-hijos-menores-de-edad\/","title":{"rendered":"Pasaporte para mayores de edad"},"content":{"rendered":"<p>*Se recuerda que los plazos del procedimiento administrativo comienzan a partir del d\u00eda en que se presenta la documentaci\u00f3n en la ventanilla.*<\/p>\n<ol>\n<li><em><strong>Formulario cumplimentado* y firmado<\/strong><\/em>\u00a0 [<a href=\"https:\/\/consbarcellona.esteri.it\/wp-content\/uploads\/2025\/12\/MOD_01_PASS_MAGGIORENNE_rev_01122025.doc\"><em>pulse aqu\u00ed<\/em><\/a>]. <em>*cabe destacar que eventuales <span style=\"text-decoration: underline;\">declaraciones falsas en el formulario ser\u00e1n sujetas a se\u00f1alaci\u00f3n a la competente Autoridad<\/span><\/em><\/li>\n<li><strong>Dos fotos de pasaporte reciente en color<\/strong> &#8211; fondo blanco &#8211; norma ICAO 9303\/ISO 19794-5 &#8211; 45mm x 35mm.<\/li>\n<li><strong>Empadronamiento <\/strong>reciente y actualizado (el encargado podr\u00e1 solicitar documentaci\u00f3n adicional para verificar la residencia real)<\/li>\n<li><strong>Recibo de pago de la tasa consular<\/strong> (116,20 euros) en la cuenta corriente del Banco Santander (importante: un pago por cada solicitud individual) &#8211; titular de la cuenta: CONSULADO GENERAL DE ITALIA EN BARCELONA &#8211; IBAN ES05-0049-4707-5026-1607-8401- C\u00f3digo BIC\/SWIFT: BSCHESMMXXX (por favor, indique el apellido y el nombre del solicitante en el motivo del pago, por ejemplo: Rossi Mario &#8211; Pasaporte). Tenga en cuenta que las tasas consulares est\u00e1n sujetas a posibles variaciones. <strong>Atenci\u00f3n:<\/strong> El pago debe <span style=\"text-decoration: underline;\">realizarse por lo menos 5 (cinco) d\u00edas antes de la fecha de la cita<\/span>. El recibo de pago debe presentarse el d\u00eda de la cita.<\/li>\n<li><strong>Original y Fotocopia del anterior pasaporte italiano<\/strong>, aunque est\u00e9 caducado (si no se tiene, otro documento de identidad);<\/li>\n<li><strong>En caso de robo\/p\u00e9rdida del pasaporte<\/strong>: copia de la denuncia realizada a la Polic\u00eda Espa\u00f1ola\/otras Autoridades Policiales.<\/li>\n<\/ol>\n<p>&nbsp;<\/p>\n<p>&nbsp;<\/p>\n","protected":false},"excerpt":{"rendered":"*Se recuerda que los plazos del procedimiento administrativo comienzan a partir del d\u00eda en que se presenta la documentaci\u00f3n en la ventanilla.* Formulario cumplimentado* y firmado\u00a0 [pulse aqu\u00ed]. *cabe destacar que eventuales declaraciones falsas en el formulario ser\u00e1n sujetas a se\u00f1alaci\u00f3n a la competente Autoridad Dos fotos de pasaporte reciente en color &#8211; fondo blanco [&hellip;]","protected":false},"author":6,"featured_media":0,"parent":324,"menu_order":3,"comment_status":"closed","ping_status":"closed","template":"","meta":{"footnotes":""},"class_list":["post-417","page","type-page","status-publish","hentry"],"_links":{"self":[{"href":"https:\/\/consbarcellona.esteri.it\/es\/wp-json\/wp\/v2\/pages\/417","targetHints":{"allow":["GET"]}}],"collection":[{"href":"https:\/\/consbarcellona.esteri.it\/es\/wp-json\/wp\/v2\/pages"}],"about":[{"href":"https:\/\/consbarcellona.esteri.it\/es\/wp-json\/wp\/v2\/types\/page"}],"author":[{"embeddable":true,"href":"https:\/\/consbarcellona.esteri.it\/es\/wp-json\/wp\/v2\/users\/6"}],"replies":[{"embeddable":true,"href":"https:\/\/consbarcellona.esteri.it\/es\/wp-json\/wp\/v2\/comments?post=417"}],"version-history":[{"count":6,"href":"https:\/\/consbarcellona.esteri.it\/es\/wp-json\/wp\/v2\/pages\/417\/revisions"}],"predecessor-version":[{"id":9989,"href":"https:\/\/consbarcellona.esteri.it\/es\/wp-json\/wp\/v2\/pages\/417\/revisions\/9989"}],"up":[{"embeddable":true,"href":"https:\/\/consbarcellona.esteri.it\/es\/wp-json\/wp\/v2\/pages\/324"}],"wp:attachment":[{"href":"https:\/\/consbarcellona.esteri.it\/es\/wp-json\/wp\/v2\/media?parent=417"}],"curies":[{"name":"wp","href":"https:\/\/api.w.org\/{rel}","templated":true}]}}