{"id":412,"date":"2023-05-10T15:49:35","date_gmt":"2023-05-10T13:49:35","guid":{"rendered":"https:\/\/consbarcellona.esteri.it\/?page_id=412"},"modified":"2025-01-27T14:41:37","modified_gmt":"2025-01-27T13:41:37","slug":"declaracion-de-consentimiento-en-presencia-de-menores","status":"publish","type":"page","link":"https:\/\/consbarcellona.esteri.it\/es\/servizi-consolari-e-visti\/servizi-per-il-cittadino-italiano\/documenti-di-viaggio-passaporti-cie-etd-ecc\/informazione-generale-passaporti\/declaracion-de-consentimiento-en-presencia-de-menores\/","title":{"rendered":"Acta de consentimiento"},"content":{"rendered":"<p>En el formulario de solicitud de pasaporte o carta de identidad el solicitante <strong>debe indicar obligatoriamente si tiene o no hijos menores<\/strong>, tanto si los mismos son convivientes como si no.<\/p>\n<p>De conformidad con el Decreto Legislativo 69\/2023, a partir del 14 de junio de 2023 <strong>ya no ser\u00e1 necesario que los padres de hijos menores presenten el acto de consentimiento del otro progenitor<\/strong> a efectos de la expedici\u00f3n de su documento de identidad (pasaporte y CIE).<\/p>\n<p>En concreto, el nuevo art\u00edculo 3-bis de la Ley 1185\/1967 indica que, cuando exista un peligro concreto y actual de que por el traslado al extranjero \u00e9ste pueda incumplir sus obligaciones hacia sus hijos, el otro progenitor podr\u00e1 solicitar una orden judicial para emitir el documento.<\/p>\n<p>La solicitud podr\u00e1 presentarse ante el juez competente del Juzgado ordinario en que el menor tenga su residencia habitual o, si el menor reside en el extranjero, el Juzgado en cuyo distrito est\u00e9 ubicado su municipio registrado en el AIRE.<\/p>\n<p><strong>No ha sido introducido ning\u00fan cambio en la legislaci\u00f3n relativa a la expedici\u00f3n del pasaporte\/carta d\u2019identit\u00e0 a favor de menores de edad; por tanto, seguir\u00e1 siendo necesario el consentimiento de ambos padres para la expedici\u00f3n del documento a favor de dichos menores.<\/strong><\/p>\n<p>Para poder expedir el pasaporte a un menor, se requiere el acta de consentimiento firmada por ambos progenitores, independientemente de que el hijo viva o no con el solicitante y de la relaci\u00f3n existente entre los progenitores. Si los padres son ciudadanos de la UE, el acta de consentimiento se expide al presentar la solicitud de pasaporte, firmando el formulario de solicitud y adjuntando una copia del documento de identidad. Esto no implica la presencia de ambos progenitores en ventanilla.<\/p>\n<p>Si uno de los progenitores no es ciudadano de la UE, su firma deber\u00e1 ser autenticada por un funcionario del Consulado General de Barcelona o en una oficina consular honoraria. Esto implica la presencia de dicho progenitor en ventanilla.<\/p>\n<p>Si uno de los progenitores reside en Italia o en el extranjero, \u00e9ste podr\u00e1 autenticar la firma del consentimiento en la Comisar\u00eda de Polic\u00eda (Questura) o en su Consulado de referencia, que luego enviar\u00e1 el acta de consentimiento a la oficina de pasaportes de Barcelona.<\/p>\n<p>En el Consulado General de Barcelona o en una oficina consular honoraria, el ciudadano no comunitario residente o domiciliado en esta demarcaci\u00f3n consular tambi\u00e9n podr\u00e1 realizar el tr\u00e1mite de acta de consentimiento para el pasaporte de su hijo menor que haya sido solicitado en otra oficina diplom\u00e1tico-consular o en una Comisar\u00eda de Polic\u00eda (Questura) en Italia. En estos casos deber\u00e1 pagarse una tasa de 20,00 euros (art. 19 del arancel consular). En este caso, el progenitor puede presentarse en el Consulado sin cita previa, durante el horario de apertura al p\u00fablico.<\/p>\n<p><a href=\"https:\/\/consbarcellona.esteri.it\/wp-content\/uploads\/2024\/11\/ASS_02_MINORI_PASS_CIE.pdf\"><em>Scarica il modulo qui<\/em><\/a><\/p>\n<p><strong>Casos de exenci\u00f3n del acta de consentimiento<br \/>\n<\/strong><br \/>\n\u2013 Fallecimiento de uno de los progenitores. En este caso es necesario adjuntar a la solicitud copia del certificado de defunci\u00f3n. Adem\u00e1s, si el deceso no est\u00e1 registrado en Italia, es necesario solicitar su registro.<\/p>\n<p>\u2013 Sentencia italiana o extranjera (en este caso solo cuando un juez haya declarado su posibilidad de ejecuci\u00f3n en Italia) que atribuye la patria potestad de forma exclusiva al progenitor solicitante. No se consideran como v\u00e1lidas las sentencias que otorguen s\u00f3lo la guarda y custodia o las sentencias extranjeras que no tengan car\u00e1cter ejecutivo en Italia.<\/p>\n<p>\u2013 Contar con una autorizaci\u00f3n para la expedici\u00f3n del pasaporte\/carta de identidad SIN consentimiento, que deber\u00e1 solicitarse a la autoridad competente por el lugar de residencia del menor (incluso si la residencia del menor es diferente al lugar de residencia del progenitor que solicita el pasaporte):<\/p>\n<p>\u2022 Para menores residentes en Italia en un <strong>Tribunal<\/strong> (por jurisdicci\u00f3n voluntaria).<br \/>\n\u2022 Para menores residentes en el extranjero en la <strong>Representaci\u00f3n diplom\u00e1tico\/consular competente<\/strong>.<\/p>\n<p><strong>Si el menor reside en la circunscripci\u00f3n consular de Barcelona, pueden solicitar dicha autorizaci\u00f3n siguiendo las indicaciones que se detallan a continuaci\u00f3n.<\/strong><\/p>\n<p><strong>DECRETO CONSULAR DE AUTORIZACI\u00d3N (para la expedici\u00f3n de pasaporte o carta de identidad):<br \/>\n<\/strong><br \/>\nSi no logra conseguir que el otro progenitor firme el consentimiento para la expedici\u00f3n del documento, el solicitante puede iniciar un tr\u00e1mite para obtener una autorizaci\u00f3n por parte del juez tutelar italiano competente (v\u00e9ase las indicaciones arriba), previo estudio de los motivos de la negativa del otro progenitor, las condiciones sociales y psicol\u00f3gicas del menor, la atribuci\u00f3n de la patria potestad, guarda y custodia, las obligaciones civiles impuestas a los progenitores (obligaciones econ\u00f3micas), etc.<\/p>\n<p>Si el hijo menor reside en la circunscripci\u00f3n consular de Barcelona, la persona interesada puede solicitar el decreto consular de autorizaci\u00f3n al Jefe de la Oficina Consular, investido de la funci\u00f3n de Juez tutelar. A continuaci\u00f3n, se detalla la documentaci\u00f3n que se debe presentar, junto a la solicitud de pasaporte o carta d\u2019identita\u2019:<\/p>\n<p>\u2022 impreso de solicitud \u00b7&gt; [<a href=\"https:\/\/consbarcellona.esteri.it\/wp-content\/uploads\/2024\/11\/MOD_05_ISTANZA-DECRETO-PER-PASSAPORTO_CIE.doc\"><em>descargar aqu\u00ed<\/em><\/a>]<br \/>\n\u2022 copia de la sentencia de divorcio o separaci\u00f3n o copia del auto que decreta la guarda y custodia de los menores<br \/>\n\u2022 justificante del env\u00edo realizado por correo certificado con acuse de recibo, dirigido al \u00faltimo domicilio conocido del otro progenitor, solicitando la firma del acta de consentimiento<br \/>\n\u2022 documentaci\u00f3n que compruebe que se est\u00e1n cumpliendo las obligaciones paterno filiales, incluido el pago de las prestaciones establecidas por el juez<br \/>\n\u2022 recibo del pago o transferencia de la tasa de 11,00 \u20ac a la cuenta corriente del Banco Santander (IBAN: ES05 0049 4707 50 2616078401; asunto: \u201cdecreto consular + nombre del solicitante\u201d).<\/p>\n<p>La autoridad consular, en la fase de instrucci\u00f3n, podr\u00e1 solicitar documentaci\u00f3n adicional. Si se comprueba que los motivos que subyacen a la negativa de la firma del consentimiento no est\u00e1n justificados, el Jefe de la Oficina Consular, primando el inter\u00e9s superior del menor, podr\u00e1 adoptar un decreto que autorice la expedici\u00f3n del pasaporte\/carta de identidad (siempre y cuando no existan otras causas que no lo permitan).<\/p>\n<p>La expedici\u00f3n del decreto consular requiere una tasa adicional de 11 \u20ac, cuyo pago ser\u00e1 solicitado por la oficina competente al finalizar la instrucci\u00f3n.<span style=\"text-decoration: underline;\"><strong><br \/>\n<\/strong><\/span><br \/>\n<span style=\"text-decoration: underline;\"><strong>Este procedimiento reviste un car\u00e1cter excepcional y, por lo tanto, se puede emplear s\u00f3lo en aquellos supuestos de absoluta imposibilidad para la obtenci\u00f3n del consentimiento por parte del otro progenitor. Se subraya, adem\u00e1s, que debido a la complejidad de la instrucci\u00f3n y al estudio de los motivos alegados por las partes, los tiempos para la expedici\u00f3n del pasaporte\/carta de identidad pueden alargarse de forma considerable.<\/strong><\/span><\/p>\n","protected":false},"excerpt":{"rendered":"En el formulario de solicitud de pasaporte o carta de identidad el solicitante debe indicar obligatoriamente si tiene o no hijos menores, tanto si los mismos son convivientes como si no. De conformidad con el Decreto Legislativo 69\/2023, a partir del 14 de junio de 2023 ya no ser\u00e1 necesario que los padres de hijos [&hellip;]","protected":false},"author":6,"featured_media":0,"parent":324,"menu_order":5,"comment_status":"closed","ping_status":"closed","template":"","meta":{"footnotes":""},"class_list":["post-412","page","type-page","status-publish","hentry"],"_links":{"self":[{"href":"https:\/\/consbarcellona.esteri.it\/es\/wp-json\/wp\/v2\/pages\/412","targetHints":{"allow":["GET"]}}],"collection":[{"href":"https:\/\/consbarcellona.esteri.it\/es\/wp-json\/wp\/v2\/pages"}],"about":[{"href":"https:\/\/consbarcellona.esteri.it\/es\/wp-json\/wp\/v2\/types\/page"}],"author":[{"embeddable":true,"href":"https:\/\/consbarcellona.esteri.it\/es\/wp-json\/wp\/v2\/users\/6"}],"replies":[{"embeddable":true,"href":"https:\/\/consbarcellona.esteri.it\/es\/wp-json\/wp\/v2\/comments?post=412"}],"version-history":[{"count":6,"href":"https:\/\/consbarcellona.esteri.it\/es\/wp-json\/wp\/v2\/pages\/412\/revisions"}],"predecessor-version":[{"id":6667,"href":"https:\/\/consbarcellona.esteri.it\/es\/wp-json\/wp\/v2\/pages\/412\/revisions\/6667"}],"up":[{"embeddable":true,"href":"https:\/\/consbarcellona.esteri.it\/es\/wp-json\/wp\/v2\/pages\/324"}],"wp:attachment":[{"href":"https:\/\/consbarcellona.esteri.it\/es\/wp-json\/wp\/v2\/media?parent=412"}],"curies":[{"name":"wp","href":"https:\/\/api.w.org\/{rel}","templated":true}]}}