{"id":401,"date":"2023-05-10T15:24:10","date_gmt":"2023-05-10T13:24:10","guid":{"rendered":"https:\/\/consbarcellona.esteri.it\/?page_id=401"},"modified":"2025-01-30T16:40:31","modified_gmt":"2025-01-30T15:40:31","slug":"cambio-residenza","status":"publish","type":"page","link":"https:\/\/consbarcellona.esteri.it\/es\/servizi-consolari-e-visti\/servizi-per-il-cittadino-italiano\/registro-de-italianos-residentes-en-el-extranjero-a-i-r-e\/cambio-residenza\/","title":{"rendered":"Cambio residencia"},"content":{"rendered":"<p>Cambio<strong> de residencia dentro de la demarcaci\u00f3n consular de Barcelona<\/strong><\/p>\n<p>Los ciudadanos pueden comunicar c\u00f3modamente en l\u00ednea su nueva direcci\u00f3n utilizando el portal <a href=\"https:\/\/serviziconsolarionline.esteri.it\/\"><em>Fast It<\/em><\/a>. En este caso, deben adjuntar:<\/p>\n<ul>\n<li><strong>Copia de un documento de identidad <\/strong>italiano del solicitante (pasaporte con p\u00e1gina de firma del titular o carn\u00e9 de identidad, <strong>anverso y reverso<\/strong>). Si se solicita la inscripci\u00f3n de otros miembros mayores de edad, residentes en el mismo domicilio, tambi\u00e9n se deber\u00e1 adjuntar una copia del documento de cada uno de ellos. Los ciudadanos sin documento de identidad italiano deben adjuntar un documento de identidad extranjero v\u00e1lido. Los ciudadanos con un documento de identidad italiano vencido deben adjuntar el documento italiano vencido y un documento extranjero v\u00e1lido. Adem\u00e1s, los ciudadanos nacidos en el extranjero tambi\u00e9n pueden adjuntar una copia del acta de nacimiento, cuyos detalles son necesarios para finalizar la inscripci\u00f3n. Los ciudadanos que hayan sufrido el robo\/p\u00e9rdida de su documento de identidad pueden adjuntar una copia de la denuncia presentada ante las autoridades policiales locales. <strong>Se se\u00f1ala que no se consideran documentos de identidad v\u00e1lidos para la identificaci\u00f3n ni el NIE, ni el DNI de pa\u00edses no europeos.<\/strong><\/li>\n<li>El formulario de solicitud generado por el portal y firmado a mano con firma aut\u00f3grafa, o con firma digital certificada, o no firmado si el acceso se realiz\u00f3 con SPID.<\/li>\n<li>Una prueba de residencia a nombre de todos los inscritos en el A.I.R.E. involucrados en el cambio de direcci\u00f3n. Se recuerda que la prueba de residencia no debe tener m\u00e1s de 3 meses de antig\u00fcedad con respecto a la fecha de presentaci\u00f3n de la solicitud. Se aceptan como pruebas de residencia:\n<ul>\n<li>facturas de suministros como agua, luz, gas o tel\u00e9fono\/internet;<\/li>\n<li>copia del certificado emitido por el Registro Central de Ciudadanos de la Uni\u00f3n Europea (NIE verde);<\/li>\n<li>contrato de alquiler a nombre del interesado, firmado por todas las partes y con n\u00famero catastral de referencia;<\/li>\n<li>contrato laboral a nombre del interesado, en el cual se pueda deducir la direcci\u00f3n de residencia;<\/li>\n<li>matr\u00edcula del curso de estudios, en la cual se pueda deducir la direcci\u00f3n de residencia;<\/li>\n<li>certificado de empadronamiento reciente, preferiblemente\u00a0<span style=\"text-decoration: underline;\">asociado al NIE verde<\/span>,\u00a0<em>obligatorio en caso de solicitud familiar m\u00faltiple<\/em>.<\/li>\n<\/ul>\n<\/li>\n<\/ul>\n<p><strong>Traslado a otro pa\u00eds o a otra circunscripci\u00f3n consular<\/strong><\/p>\n<p>Si el ciudadano se muda fuera de la circunscripci\u00f3n consular del Consulado General de Barcelona, deber\u00e1 informar a la nueva sede competente. Se recomienda consultar el sitio web de la nueva sede competente para obtener toda la informaci\u00f3n y los requisitos necesarios para la inscripci\u00f3n en esa sede.<\/p>\n<p><strong>Regreso\/repatriaci\u00f3n a Italia<\/strong><\/p>\n<p>Si el ciudadano decide regresar o mudarse a vivir a Italia, debe establecer su residencia en el municipio italiano correspondiente. Ser\u00e1 responsabilidad de dicho municipio informar a este Consulado General sobre la transferencia, con el fin de cancelar el nombre del ciudadano de nuestro archivo y del registro A.I.R.E., ya que el interesado ser\u00e1 registrado en el Registro de la Poblaci\u00f3n Residente (A.P.R.). Sin embargo, el ciudadano puede informarnos sobre su traslado a Italia incluso antes de establecer la residencia en el Pa\u00eds, enviando un correo electr\u00f3nico a <a href=\"mailto:barcellona.info@esteri.it\"><em>barcellona.info@esteri.it<\/em><\/a>.<strong>Asociaciones en la web (ASON)<\/strong><br \/>\nLos ciudadanos que se han inscrito en el A.I.R.E. antes de la introducci\u00f3n del sistema inform\u00e1tico <a href=\"https:\/\/serviziconsolarionline.esteri.it\/\"><em>Fast It<\/em> <\/a>y que a\u00fan no han utilizado los servicios consulares en la web, deber\u00e1n pasar por otro procedimiento llamado ASON, que requiere la carga de un documento de identidad preferiblemente italiano. Este procedimiento se realiza para asociar su documento de identidad al nuevo perfil en la web. Se requerir\u00e1 de forma autom\u00e1tica al usuario que complete este procedimiento la primera vez que acceda al portal y se procesar\u00e1 lo antes posible.La solicitud ASON tambi\u00e9n permite a los usuarios ya registrados ver en cualquier momento su ficha consular, incluida su direcci\u00f3n de residencia. Se aclara, sin embargo, que este servicio consiste en una simple visualizaci\u00f3n de los datos y no implica ning\u00fan cambio o solicitud de inscripci\u00f3n en el A.I.R.E.<\/p>\n","protected":false},"excerpt":{"rendered":"Cambio de residencia dentro de la demarcaci\u00f3n consular de Barcelona Los ciudadanos pueden comunicar c\u00f3modamente en l\u00ednea su nueva direcci\u00f3n utilizando el portal Fast It. En este caso, deben adjuntar: Copia de un documento de identidad italiano del solicitante (pasaporte con p\u00e1gina de firma del titular o carn\u00e9 de identidad, anverso y reverso). Si se [&hellip;]","protected":false},"author":6,"featured_media":0,"parent":314,"menu_order":0,"comment_status":"closed","ping_status":"closed","template":"","meta":{"footnotes":""},"class_list":["post-401","page","type-page","status-publish","hentry"],"_links":{"self":[{"href":"https:\/\/consbarcellona.esteri.it\/es\/wp-json\/wp\/v2\/pages\/401","targetHints":{"allow":["GET"]}}],"collection":[{"href":"https:\/\/consbarcellona.esteri.it\/es\/wp-json\/wp\/v2\/pages"}],"about":[{"href":"https:\/\/consbarcellona.esteri.it\/es\/wp-json\/wp\/v2\/types\/page"}],"author":[{"embeddable":true,"href":"https:\/\/consbarcellona.esteri.it\/es\/wp-json\/wp\/v2\/users\/6"}],"replies":[{"embeddable":true,"href":"https:\/\/consbarcellona.esteri.it\/es\/wp-json\/wp\/v2\/comments?post=401"}],"version-history":[{"count":7,"href":"https:\/\/consbarcellona.esteri.it\/es\/wp-json\/wp\/v2\/pages\/401\/revisions"}],"predecessor-version":[{"id":6937,"href":"https:\/\/consbarcellona.esteri.it\/es\/wp-json\/wp\/v2\/pages\/401\/revisions\/6937"}],"up":[{"embeddable":true,"href":"https:\/\/consbarcellona.esteri.it\/es\/wp-json\/wp\/v2\/pages\/314"}],"wp:attachment":[{"href":"https:\/\/consbarcellona.esteri.it\/es\/wp-json\/wp\/v2\/media?parent=401"}],"curies":[{"name":"wp","href":"https:\/\/api.w.org\/{rel}","templated":true}]}}